{"id":21,"date":"2024-09-13T12:05:56","date_gmt":"2024-09-13T09:05:56","guid":{"rendered":"https:\/\/www.dentaglobal.com\/?page_id=21"},"modified":"2024-10-16T15:12:12","modified_gmt":"2024-10-16T12:12:12","slug":"hakkimizda","status":"publish","type":"page","link":"https:\/\/www.dentaglobal.com\/tr\/hakkimizda\/","title":{"rendered":"Hakk\u0131m\u0131zda"},"content":{"rendered":"\n<div class=\"wp-block-media-text has-media-on-the-right is-stacked-on-mobile\"><div class=\"wp-block-media-text__content\">\n<p>DENTAGLOBAL A\u011f\u0131z ve Di\u015f Sa\u011fl\u0131\u011f\u0131 Poliklini\u011fi olarak&nbsp;t\u00fcm ekip \u00e7al\u0131\u015fanlar\u0131 ile sahip oldu\u011fumuz mesleki tecr\u00fcbemizi hizmet enerjisi ile b\u00fct\u00fcnle\u015ftirerek di\u015f hekimli\u011fi sahas\u0131na yeni bir sinerji kazand\u0131rmay\u0131 ama\u00e7lad\u0131k. 2017 y\u0131l\u0131nda faaliyetlerimize ba\u015flad\u0131k. G\u00fcc\u00fcm\u00fcz\u00fc, kurumsal anlamda yeni bir firma olman\u0131n \u00f6zg\u00fcr vizyonu ve deneyim anlam\u0131nda ekibimizin ge\u00e7mi\u015f tecr\u00fcbeleri sayesinde k\u00f6kl\u00fc bir kurum felsefesine sahip olabilmekten al\u0131yoruz.<\/p>\n\n\n\n<p>Bir anlamda ge\u00e7mi\u015f birikimi ile tecr\u00fcbeli, g\u00fcn\u00fcm\u00fcz\u00fcn hem modern hem de k\u00fclt\u00fcrel yap\u0131s\u0131n\u0131 kendi b\u00fcnyesinde hizmet mantalitesi ile b\u00fct\u00fcnle\u015ftirmesi ile enerji dolu ve en yeni olan\u0131 en do\u011fru \u015fekilde edinen ve etkin bir \u015fekilde kullanan vizyonu ile g\u00fc\u00e7l\u00fc bir kurumsal kimlik olu\u015fturduk.<\/p>\n\n\n\n<p>DENTAGLOBAL olarak sadece \u0130zmir\u2019de ya da Ege B\u00f6lgesi ve hatta T\u00fcrkiye\u2019de de\u011fil yurt d\u0131\u015f\u0131nda k\u0131sa zamanda bilinen bir marka haline geldik. Londra, Paris, Rotterdam ve Berlin\u2019de bulunan&nbsp;irtibat ofislerimiz ve partner kliniklerimizin yan\u0131na yeni lokasyonlar eklemek i\u00e7in bitmek bilmeyen bir enerji ile \u00e7al\u0131\u015fmaya devam etmekteyiz.<\/p>\n<\/div><figure class=\"wp-block-media-text__media\"><img loading=\"lazy\" decoding=\"async\" width=\"571\" height=\"587\" src=\"https:\/\/www.dentaglobal.com\/wp-content\/uploads\/2024\/09\/aboutus-content-img.png\" alt=\"\" class=\"wp-image-989 size-full\" srcset=\"https:\/\/www.dentaglobal.com\/wp-content\/uploads\/2024\/09\/aboutus-content-img.png 571w, https:\/\/www.dentaglobal.com\/wp-content\/uploads\/2024\/09\/aboutus-content-img-292x300.png 292w\" sizes=\"auto, (max-width: 571px) 100vw, 571px\" \/><\/figure><\/div>\n\n\n\n<p><\/p>\n","protected":false},"excerpt":{"rendered":"DENTAGLOBAL A\u011f\u0131z ve Di\u015f Sa\u011fl\u0131\u011f\u0131 Poliklini\u011fi olarak&nbsp;t\u00fcm ekip \u00e7al\u0131\u015fanlar\u0131 ile sahip oldu\u011fumuz mesleki tecr\u00fcbemizi hizmet enerjisi ile b\u00fct\u00fcnle\u015ftirerek di\u015f hekimli\u011fi sahas\u0131na yeni bir sinerji kazand\u0131rmay\u0131 ama\u00e7lad\u0131k. 2017 y\u0131l\u0131nda faaliyetlerimize ba\u015flad\u0131k. G\u00fcc\u00fcm\u00fcz\u00fc, kurumsal anlamda yeni bir firma olman\u0131n \u00f6zg\u00fcr vizyonu ve deneyim anlam\u0131nda ekibimizin ge\u00e7mi\u015f tecr\u00fcbeleri sayesinde k\u00f6kl\u00fc bir kurum felsefesine sahip olabilmekten al\u0131yoruz. Bir anlamda [&hellip;]","protected":false},"author":2,"featured_media":0,"parent":0,"menu_order":0,"comment_status":"closed","ping_status":"closed","template":"hakkimizda.php","meta":{"footnotes":""},"class_list":["post-21","page","type-page","status-publish","hentry"],"yoast_head":"<!-- This site is optimized with the Yoast SEO plugin v27.5 - https:\/\/yoast.com\/product\/yoast-seo-wordpress\/ -->\n<title>Hakk\u0131m\u0131zda - Dentaglobal<\/title>\n<meta name=\"description\" content=\"DENTAGLOBAL A\u011f\u0131z ve Di\u015f Sa\u011fl\u0131\u011f\u0131 Poliklini\u011fi olarak&nbsp;t\u00fcm ekip \u00e7al\u0131\u015fanlar\u0131 ile sahip oldu\u011fumuz mesleki tecr\u00fcbemizi hizmet enerjisi ile b\u00fct\u00fcnle\u015ftirerek\" \/>\n<meta name=\"robots\" content=\"index, follow, max-snippet:-1, max-image-preview:large, max-video-preview:-1\" \/>\n<link rel=\"canonical\" href=\"https:\/\/www.dentaglobal.com\/tr\/hakkimizda\/\" \/>\n<meta property=\"og:locale\" content=\"tr_TR\" \/>\n<meta property=\"og:type\" content=\"article\" \/>\n<meta property=\"og:title\" content=\"Hakk\u0131m\u0131zda - Dentaglobal\" \/>\n<meta property=\"og:description\" content=\"DENTAGLOBAL A\u011f\u0131z ve Di\u015f Sa\u011fl\u0131\u011f\u0131 Poliklini\u011fi olarak&nbsp;t\u00fcm ekip \u00e7al\u0131\u015fanlar\u0131 ile sahip oldu\u011fumuz mesleki tecr\u00fcbemizi hizmet enerjisi ile b\u00fct\u00fcnle\u015ftirerek\" \/>\n<meta property=\"og:url\" content=\"https:\/\/www.dentaglobal.com\/tr\/hakkimizda\/\" \/>\n<meta property=\"og:site_name\" content=\"Dentaglobal\" \/>\n<meta property=\"article:publisher\" content=\"https:\/\/www.facebook.com\/dentaglobal\" \/>\n<meta property=\"article:modified_time\" content=\"2024-10-16T12:12:12+00:00\" \/>\n<meta property=\"og:image\" content=\"https:\/\/www.dentaglobal.com\/wp-content\/uploads\/2024\/09\/aboutus-content-img.png\" \/>\n\t<meta property=\"og:image:width\" content=\"571\" \/>\n\t<meta property=\"og:image:height\" content=\"587\" \/>\n\t<meta property=\"og:image:type\" content=\"image\/png\" \/>\n<meta name=\"twitter:card\" content=\"summary_large_image\" \/>\n<meta name=\"twitter:label1\" content=\"Tahmini okuma s\u00fcresi\" \/>\n\t<meta name=\"twitter:data1\" content=\"1 dakika\" \/>\n<script type=\"application\/ld+json\" class=\"yoast-schema-graph\">{\"@context\":\"https:\\\/\\\/schema.org\",\"@graph\":[{\"@type\":\"WebPage\",\"@id\":\"https:\\\/\\\/www.dentaglobal.com\\\/tr\\\/hakkimizda\\\/\",\"url\":\"https:\\\/\\\/www.dentaglobal.com\\\/tr\\\/hakkimizda\\\/\",\"name\":\"Hakk\u0131m\u0131zda - Dentaglobal\",\"isPartOf\":{\"@id\":\"https:\\\/\\\/www.dentaglobal.com\\\/tr\\\/#website\"},\"primaryImageOfPage\":{\"@id\":\"https:\\\/\\\/www.dentaglobal.com\\\/tr\\\/hakkimizda\\\/#primaryimage\"},\"image\":{\"@id\":\"https:\\\/\\\/www.dentaglobal.com\\\/tr\\\/hakkimizda\\\/#primaryimage\"},\"thumbnailUrl\":\"https:\\\/\\\/www.dentaglobal.com\\\/wp-content\\\/uploads\\\/2024\\\/09\\\/aboutus-content-img.png\",\"datePublished\":\"2024-09-13T09:05:56+00:00\",\"dateModified\":\"2024-10-16T12:12:12+00:00\",\"description\":\"DENTAGLOBAL A\u011f\u0131z ve Di\u015f Sa\u011fl\u0131\u011f\u0131 Poliklini\u011fi olarak&nbsp;t\u00fcm ekip \u00e7al\u0131\u015fanlar\u0131 ile sahip oldu\u011fumuz mesleki tecr\u00fcbemizi hizmet enerjisi ile b\u00fct\u00fcnle\u015ftirerek\",\"breadcrumb\":{\"@id\":\"https:\\\/\\\/www.dentaglobal.com\\\/tr\\\/hakkimizda\\\/#breadcrumb\"},\"inLanguage\":\"tr\",\"potentialAction\":[{\"@type\":\"ReadAction\",\"target\":[\"https:\\\/\\\/www.dentaglobal.com\\\/tr\\\/hakkimizda\\\/\"]}]},{\"@type\":\"ImageObject\",\"inLanguage\":\"tr\",\"@id\":\"https:\\\/\\\/www.dentaglobal.com\\\/tr\\\/hakkimizda\\\/#primaryimage\",\"url\":\"https:\\\/\\\/www.dentaglobal.com\\\/wp-content\\\/uploads\\\/2024\\\/09\\\/aboutus-content-img.png\",\"contentUrl\":\"https:\\\/\\\/www.dentaglobal.com\\\/wp-content\\\/uploads\\\/2024\\\/09\\\/aboutus-content-img.png\"},{\"@type\":\"BreadcrumbList\",\"@id\":\"https:\\\/\\\/www.dentaglobal.com\\\/tr\\\/hakkimizda\\\/#breadcrumb\",\"itemListElement\":[{\"@type\":\"ListItem\",\"position\":1,\"name\":\"Anasayfa\",\"item\":\"https:\\\/\\\/www.dentaglobal.com\\\/tr\\\/\"},{\"@type\":\"ListItem\",\"position\":2,\"name\":\"Hakk\u0131m\u0131zda\"}]},{\"@type\":\"WebSite\",\"@id\":\"https:\\\/\\\/www.dentaglobal.com\\\/tr\\\/#website\",\"url\":\"https:\\\/\\\/www.dentaglobal.com\\\/tr\\\/\",\"name\":\"Dentaglobal Dental Clinic\",\"description\":\"Everyone Smiles in Same Language\",\"publisher\":{\"@id\":\"https:\\\/\\\/www.dentaglobal.com\\\/tr\\\/#organization\"},\"potentialAction\":[{\"@type\":\"SearchAction\",\"target\":{\"@type\":\"EntryPoint\",\"urlTemplate\":\"https:\\\/\\\/www.dentaglobal.com\\\/tr\\\/?s={search_term_string}\"},\"query-input\":{\"@type\":\"PropertyValueSpecification\",\"valueRequired\":true,\"valueName\":\"search_term_string\"}}],\"inLanguage\":\"tr\"},{\"@type\":\"Organization\",\"@id\":\"https:\\\/\\\/www.dentaglobal.com\\\/tr\\\/#organization\",\"name\":\"Dentaglobal Dental Clinic\",\"url\":\"https:\\\/\\\/www.dentaglobal.com\\\/tr\\\/\",\"logo\":{\"@type\":\"ImageObject\",\"inLanguage\":\"tr\",\"@id\":\"https:\\\/\\\/www.dentaglobal.com\\\/tr\\\/#\\\/schema\\\/logo\\\/image\\\/\",\"url\":\"https:\\\/\\\/www.dentaglobal.com\\\/wp-content\\\/uploads\\\/2024\\\/10\\\/logo-en.png\",\"contentUrl\":\"https:\\\/\\\/www.dentaglobal.com\\\/wp-content\\\/uploads\\\/2024\\\/10\\\/logo-en.png\",\"width\":343,\"height\":73,\"caption\":\"Dentaglobal Dental Clinic\"},\"image\":{\"@id\":\"https:\\\/\\\/www.dentaglobal.com\\\/tr\\\/#\\\/schema\\\/logo\\\/image\\\/\"},\"sameAs\":[\"https:\\\/\\\/www.facebook.com\\\/dentaglobal\",\"https:\\\/\\\/www.instagram.com\\\/dentaglobal\\\/\",\"https:\\\/\\\/www.youtube.com\\\/channel\\\/UCTIlJImKSlGyEHsrNxcosVQ\"]}]}<\/script>\n<!-- \/ Yoast SEO plugin. -->","yoast_head_json":{"title":"Hakk\u0131m\u0131zda - Dentaglobal","description":"DENTAGLOBAL A\u011f\u0131z ve Di\u015f Sa\u011fl\u0131\u011f\u0131 Poliklini\u011fi olarak&nbsp;t\u00fcm ekip \u00e7al\u0131\u015fanlar\u0131 ile sahip oldu\u011fumuz mesleki tecr\u00fcbemizi hizmet enerjisi ile b\u00fct\u00fcnle\u015ftirerek","robots":{"index":"index","follow":"follow","max-snippet":"max-snippet:-1","max-image-preview":"max-image-preview:large","max-video-preview":"max-video-preview:-1"},"canonical":"https:\/\/www.dentaglobal.com\/tr\/hakkimizda\/","og_locale":"tr_TR","og_type":"article","og_title":"Hakk\u0131m\u0131zda - Dentaglobal","og_description":"DENTAGLOBAL A\u011f\u0131z ve Di\u015f Sa\u011fl\u0131\u011f\u0131 Poliklini\u011fi olarak&nbsp;t\u00fcm ekip \u00e7al\u0131\u015fanlar\u0131 ile sahip oldu\u011fumuz mesleki tecr\u00fcbemizi hizmet enerjisi ile b\u00fct\u00fcnle\u015ftirerek","og_url":"https:\/\/www.dentaglobal.com\/tr\/hakkimizda\/","og_site_name":"Dentaglobal","article_publisher":"https:\/\/www.facebook.com\/dentaglobal","article_modified_time":"2024-10-16T12:12:12+00:00","og_image":[{"width":571,"height":587,"url":"https:\/\/www.dentaglobal.com\/wp-content\/uploads\/2024\/09\/aboutus-content-img.png","type":"image\/png"}],"twitter_card":"summary_large_image","twitter_misc":{"Tahmini okuma s\u00fcresi":"1 dakika"},"schema":{"@context":"https:\/\/schema.org","@graph":[{"@type":"WebPage","@id":"https:\/\/www.dentaglobal.com\/tr\/hakkimizda\/","url":"https:\/\/www.dentaglobal.com\/tr\/hakkimizda\/","name":"Hakk\u0131m\u0131zda - Dentaglobal","isPartOf":{"@id":"https:\/\/www.dentaglobal.com\/tr\/#website"},"primaryImageOfPage":{"@id":"https:\/\/www.dentaglobal.com\/tr\/hakkimizda\/#primaryimage"},"image":{"@id":"https:\/\/www.dentaglobal.com\/tr\/hakkimizda\/#primaryimage"},"thumbnailUrl":"https:\/\/www.dentaglobal.com\/wp-content\/uploads\/2024\/09\/aboutus-content-img.png","datePublished":"2024-09-13T09:05:56+00:00","dateModified":"2024-10-16T12:12:12+00:00","description":"DENTAGLOBAL A\u011f\u0131z ve Di\u015f Sa\u011fl\u0131\u011f\u0131 Poliklini\u011fi olarak&nbsp;t\u00fcm ekip \u00e7al\u0131\u015fanlar\u0131 ile sahip oldu\u011fumuz mesleki tecr\u00fcbemizi hizmet enerjisi ile b\u00fct\u00fcnle\u015ftirerek","breadcrumb":{"@id":"https:\/\/www.dentaglobal.com\/tr\/hakkimizda\/#breadcrumb"},"inLanguage":"tr","potentialAction":[{"@type":"ReadAction","target":["https:\/\/www.dentaglobal.com\/tr\/hakkimizda\/"]}]},{"@type":"ImageObject","inLanguage":"tr","@id":"https:\/\/www.dentaglobal.com\/tr\/hakkimizda\/#primaryimage","url":"https:\/\/www.dentaglobal.com\/wp-content\/uploads\/2024\/09\/aboutus-content-img.png","contentUrl":"https:\/\/www.dentaglobal.com\/wp-content\/uploads\/2024\/09\/aboutus-content-img.png"},{"@type":"BreadcrumbList","@id":"https:\/\/www.dentaglobal.com\/tr\/hakkimizda\/#breadcrumb","itemListElement":[{"@type":"ListItem","position":1,"name":"Anasayfa","item":"https:\/\/www.dentaglobal.com\/tr\/"},{"@type":"ListItem","position":2,"name":"Hakk\u0131m\u0131zda"}]},{"@type":"WebSite","@id":"https:\/\/www.dentaglobal.com\/tr\/#website","url":"https:\/\/www.dentaglobal.com\/tr\/","name":"Dentaglobal Dental Clinic","description":"Everyone Smiles in Same Language","publisher":{"@id":"https:\/\/www.dentaglobal.com\/tr\/#organization"},"potentialAction":[{"@type":"SearchAction","target":{"@type":"EntryPoint","urlTemplate":"https:\/\/www.dentaglobal.com\/tr\/?s={search_term_string}"},"query-input":{"@type":"PropertyValueSpecification","valueRequired":true,"valueName":"search_term_string"}}],"inLanguage":"tr"},{"@type":"Organization","@id":"https:\/\/www.dentaglobal.com\/tr\/#organization","name":"Dentaglobal Dental Clinic","url":"https:\/\/www.dentaglobal.com\/tr\/","logo":{"@type":"ImageObject","inLanguage":"tr","@id":"https:\/\/www.dentaglobal.com\/tr\/#\/schema\/logo\/image\/","url":"https:\/\/www.dentaglobal.com\/wp-content\/uploads\/2024\/10\/logo-en.png","contentUrl":"https:\/\/www.dentaglobal.com\/wp-content\/uploads\/2024\/10\/logo-en.png","width":343,"height":73,"caption":"Dentaglobal Dental Clinic"},"image":{"@id":"https:\/\/www.dentaglobal.com\/tr\/#\/schema\/logo\/image\/"},"sameAs":["https:\/\/www.facebook.com\/dentaglobal","https:\/\/www.instagram.com\/dentaglobal\/","https:\/\/www.youtube.com\/channel\/UCTIlJImKSlGyEHsrNxcosVQ"]}]}},"_links":{"self":[{"href":"https:\/\/www.dentaglobal.com\/tr\/wp-json\/wp\/v2\/pages\/21","targetHints":{"allow":["GET"]}}],"collection":[{"href":"https:\/\/www.dentaglobal.com\/tr\/wp-json\/wp\/v2\/pages"}],"about":[{"href":"https:\/\/www.dentaglobal.com\/tr\/wp-json\/wp\/v2\/types\/page"}],"author":[{"embeddable":true,"href":"https:\/\/www.dentaglobal.com\/tr\/wp-json\/wp\/v2\/users\/2"}],"replies":[{"embeddable":true,"href":"https:\/\/www.dentaglobal.com\/tr\/wp-json\/wp\/v2\/comments?post=21"}],"version-history":[{"count":3,"href":"https:\/\/www.dentaglobal.com\/tr\/wp-json\/wp\/v2\/pages\/21\/revisions"}],"predecessor-version":[{"id":1061,"href":"https:\/\/www.dentaglobal.com\/tr\/wp-json\/wp\/v2\/pages\/21\/revisions\/1061"}],"wp:attachment":[{"href":"https:\/\/www.dentaglobal.com\/tr\/wp-json\/wp\/v2\/media?parent=21"}],"curies":[{"name":"wp","href":"https:\/\/api.w.org\/{rel}","templated":true}]}}