{"id":4422,"date":"2024-09-13T14:09:41","date_gmt":"2024-09-13T11:09:41","guid":{"rendered":"https:\/\/www.dentaglobal.com\/gizlilik\/"},"modified":"2024-12-13T18:25:08","modified_gmt":"2024-12-13T15:25:08","slug":"gizlilik","status":"publish","type":"page","link":"https:\/\/www.dentaglobal.com\/nl\/gizlilik\/","title":{"rendered":"Gizlilik"},"content":{"rendered":"\n<p><strong>\u00c7erez Politikas\u0131<\/strong><\/p>\n\n\n\n<p><strong>Denta Global <\/strong>, web sitemizi ziyaret etti\u011finizde \u00e7e\u015fitli \u00e7erezler kullanmaktad\u0131r. Bu \u00e7erezler, kullan\u0131c\u0131 deneyiminizi geli\u015ftirmek, web sitemizin i\u015fleyi\u015fini analiz etmek ve ki\u015fiselle\u015ftirilmi\u015f reklamlar sunmak amac\u0131yla kullan\u0131lmaktad\u0131r. \u00c7erezler, bilgisayar\u0131n\u0131za veya mobil cihaz\u0131n\u0131za yerle\u015ftirilen k\u00fc\u00e7\u00fck metin dosyalar\u0131d\u0131r.<\/p>\n\n\n\n<p><strong>Bizler \u00c7erezleri Nas\u0131l ve Neden Kullan\u0131yoruz?<\/strong><\/p>\n\n\n\n<p>Web sitemizde \u00e7erezleri a\u015fa\u011f\u0131daki gibi kategorize ederek kullan\u0131yoruz:<\/p>\n\n\n\n<p><strong>1. Kesinlikle Gerekli \u00c7erezler<\/strong><\/p>\n\n\n\n<p>Bu \u00e7erezler, web sayfam\u0131zda dola\u015fman\u0131za ve g\u00fcvenli alanlar gibi temel \u00f6zellikleri kullanman\u0131za izin verir. Kesinlikle gerekli \u00e7erezler, sitemizin do\u011fru \u015fekilde \u00e7al\u0131\u015fmas\u0131 i\u00e7in gereklidir.<\/p>\n\n\n\n<figure class=\"wp-block-table\"><table class=\"has-fixed-layout\"><thead><tr><td><strong>Ad<\/strong><\/td><td><strong>Sa\u011flay\u0131c\u0131<\/strong><\/td><td><strong>A\u00e7\u0131klama<\/strong><\/td><td><strong>Veri Ya\u015fam D\u00f6ng\u00fcs\u00fc<\/strong><\/td><\/tr><\/thead><tbody><tr><td>_uetvid<\/td><td>Doubleclick.net<\/td><td>Microsoft Bing Ads taraf\u0131ndan kullan\u0131lan izleme tan\u0131mlama bilgisi<\/td><td>14 g\u00fcn<\/td><\/tr><tr><td>PHPSESSID<\/td><td>Nanomedya.com<\/td><td>Kullan\u0131c\u0131 oturumunun sorunsuz ger\u00e7ekle\u015ftirilmesi i\u00e7in<\/td><td>Oturum sona erene kadar<\/td><\/tr><tr><td>ONDSESSIONID<\/td><td>Nanomedya.com<\/td><td>Canl\u0131 deste\u011fe ba\u011flanan kullan\u0131c\u0131n\u0131n benzersiz ID\u2019si<\/td><td>20 y\u0131l<\/td><\/tr><tr><td>DSID<\/td><td>Doubleclick.net<\/td><td>Kullan\u0131c\u0131ya kimlik numaras\u0131 vermek i\u00e7in kullan\u0131l\u0131r<\/td><td>14 g\u00fcn<\/td><\/tr><\/tbody><\/table><\/figure>\n\n\n\n<p><strong>2. Verim ve \u0130\u015flevsellik \u00c7erezleri<\/strong><\/p>\n\n\n\n<p>Bu \u00e7erezler, hizmetlerimizi daha iyi ve kaliteli bir \u015fekilde sunabilmemiz i\u00e7in kullan\u0131l\u0131r. Sizlere daha i\u015flevsel hizmet sa\u011flamak amac\u0131yla verileriniz i\u015flenebilir. Bu \u00e7erezler i\u00e7in r\u0131zan\u0131z\u0131 almak gerekmektedir.<\/p>\n\n\n\n<figure class=\"wp-block-table\"><table class=\"has-fixed-layout\"><thead><tr><td><strong>Ad<\/strong><\/td><td><strong>Sa\u011flay\u0131c\u0131<\/strong><\/td><td><strong>A\u00e7\u0131klama<\/strong><\/td><td><strong>Veri Ya\u015fam D\u00f6ng\u00fcs\u00fc<\/strong><\/td><\/tr><\/thead><tbody><tr><td>AID<\/td><td>Google<\/td><td>Kullan\u0131c\u0131lar\u0131n farkl\u0131 cihazlar\u0131ndaki hareketlerini e\u015fle\u015ftirmek i\u00e7in<\/td><td>14 ay<\/td><\/tr><tr><td>datr<\/td><td>Facebook<\/td><td>Taray\u0131c\u0131y\u0131 belirleyebilmek i\u00e7in kullan\u0131l\u0131r<\/td><td>2 y\u0131l<\/td><\/tr><tr><td>_gat_UA-*<\/td><td>Google Analytics<\/td><td>\u0130stekleri k\u0131smak i\u00e7in kullan\u0131l\u0131r<\/td><td>90 g\u00fcn<\/td><\/tr><tr><td>_Secure-*<\/td><td>Google<\/td><td>G\u00fcvenlik ama\u00e7lar\u0131yla kullan\u0131l\u0131r<\/td><td>2 y\u0131l<\/td><\/tr><\/tbody><\/table><\/figure>\n\n\n\n<p><strong>3. Pazarlama \u00c7erezleri<\/strong><\/p>\n\n\n\n<p>Bu \u00e7erezler, web sayfam\u0131za yapt\u0131\u011f\u0131n\u0131z ziyareti ve \u00e7evrimi\u00e7i davran\u0131\u015f\u0131n\u0131z\u0131 izlememizi sa\u011flayarak, ilgi alanlar\u0131n\u0131za dayal\u0131 hedefli reklamlar sunmam\u0131za yard\u0131mc\u0131 olur. Di\u011fer \u00fc\u00e7\u00fcnc\u00fc taraflar da izninizle, bilgisayar\u0131n\u0131za bu \u00e7erezleri yerle\u015ftirebilir.<\/p>\n\n\n\n<figure class=\"wp-block-table\"><table class=\"has-fixed-layout\"><thead><tr><td><strong>Ad<\/strong><\/td><td><strong>Sa\u011flay\u0131c\u0131<\/strong><\/td><td><strong>A\u00e7\u0131klama<\/strong><\/td><td><strong>Veri Ya\u015fam D\u00f6ng\u00fcs\u00fc<\/strong><\/td><\/tr><\/thead><tbody><tr><td>_fbp<\/td><td>Facebook<\/td><td>Facebook reklamlar\u0131 i\u00e7in kullan\u0131l\u0131r<\/td><td>6 ay<\/td><\/tr><tr><td>_1P_JAR<\/td><td>Google<\/td><td>Kullan\u0131c\u0131 bilgilerini tutar<\/td><td>1 ay<\/td><\/tr><tr><td>ANID<\/td><td>Google<\/td><td>Reklam ama\u00e7lar\u0131yla kullan\u0131l\u0131r<\/td><td>2 y\u0131l<\/td><\/tr><tr><td>HSID<\/td><td>Doubleclick.net<\/td><td>Ziyaret\u00e7i profili olu\u015fturmak ve reklam hedefleme yapmak i\u00e7in<\/td><td>1 y\u0131l<\/td><\/tr><\/tbody><\/table><\/figure>\n\n\n\n<p><strong>\u00c7erezleri Nas\u0131l Siler veya Engellersiniz?<\/strong><\/p>\n\n\n\n<p>\u00c7erezleri her zaman silmeniz veya engellemeniz m\u00fcmk\u00fcnd\u00fcr. \u00c7erezleri sildi\u011finizde, web sitemiz sizden tekrar izin alana kadar veri i\u015flemeye devam etmeyecektir. A\u015fa\u011f\u0131daki ad\u0131mlar, taray\u0131c\u0131n\u0131za g\u00f6re \u00e7erezleri nas\u0131l silip engelleyebilece\u011finizle ilgili bilgi sunmaktad\u0131r:<\/p>\n\n\n\n<ul class=\"wp-block-list\">\n<li><a href=\"https:\/\/support.microsoft.com\/tr-tr\/help\/17442\/windows-internet-explorer-delete-manage-cookies\">Internet Explorer i\u00e7in \u00c7erez Ayarlar\u0131<\/a><\/li>\n\n\n\n<li><a href=\"https:\/\/support.mozilla.org\/tr\/kb\/cerezleri-engelleme\">Firefox i\u00e7in \u00c7erez Ayarlar\u0131<\/a><\/li>\n\n\n\n<li>Chrome i\u00e7in \u00c7erez Ayarlar\u0131<\/li>\n\n\n\n<li><a href=\"https:\/\/support.apple.com\/tr-tr\/guide\/safari\/sfri11471\/mac\">Safari i\u00e7in \u00c7erez Ayarlar\u0131<\/a><\/li>\n<\/ul>\n\n\n\n<p>\u00c7erez y\u00f6netimi hakk\u0131nda daha fazla bilgi almak i\u00e7in <a href=\"https:\/\/www.allaboutcookies.org\">All About Cookies<\/a> veya <a href=\"https:\/\/www.youronlinechoices.eu\">Your Online Choices<\/a> sitelerini ziyaret edebilirsiniz.<\/p>\n\n\n\n<p><strong>Haklar\u0131n\u0131z Nelerdir?<\/strong><\/p>\n\n\n\n<p>6698 say\u0131l\u0131 Ki\u015fisel Verilerin Korunmas\u0131 Kanunu'nun 11. maddesinde belirtilen haklar\u0131n\u0131za ili\u015fkin taleplerinizi, \u0130lgili Ki\u015fi Ba\u015fvuru Formu'nu doldurarak a\u015fa\u011f\u0131daki y\u00f6ntemlerle iletebilirsiniz:<\/p>\n\n\n\n<ul class=\"wp-block-list\">\n<li>E-posta ile: <a href=\"mailto:info@dentaglobal.com\">info@dentaglobal.com<\/a><\/li>\n\n\n\n<li>Telefon ile: <a href=\"https:\/\/wa.me\/+90%20(539)%20656%2007%2022\">+90 (539) 656 07 22<\/a><\/li>\n\n\n\n<li>Adres: <a>Adalet Mah. 2131\/10 Sok. No:3A Bayrakl\u0131 \/ \u0130zmir (Folkart Towers Kar\u015f\u0131s\u0131)<\/a><\/li>\n<\/ul>\n\n\n\n<p>Ba\u015fvurunuz, talebinizin niteli\u011fine g\u00f6re en k\u0131sa s\u00fcrede ve en ge\u00e7 30 g\u00fcn i\u00e7inde \u00fccretsiz olarak sonu\u00e7land\u0131r\u0131lacakt\u0131r. Ancak, i\u015flem i\u00e7in ek bir maliyet olu\u015fursa, Ki\u015fisel Verileri Koruma Kurulunun belirledi\u011fi tarifeye g\u00f6re \u00fccret al\u0131nacakt\u0131r.<\/p>\n\n\n\n<p><strong>\u00c7erez Politikam\u0131zdaki De\u011fi\u015fiklikler<\/strong><\/p>\n\n\n\n<p>Bu \u00e7erez politikas\u0131 zaman zaman g\u00fcncellenebilir. G\u00fcncellenen s\u00fcr\u00fcm, web sitemizde yay\u0131nland\u0131\u011f\u0131 tarihten itibaren ge\u00e7erli olacakt\u0131r. De\u011fi\u015fiklikleri takip etmek i\u00e7in bu sayfay\u0131 d\u00fczenli olarak kontrol etmenizi \u00f6neririz.<\/p>\n\n\n\n<p>G\u00fcncelleme Tarihi : 13.12.2024&nbsp; Saat: 17:30<\/p>\n\n\n\n<p><\/p>\n","protected":false},"excerpt":{"rendered":"\u00c7erez Politikas\u0131 Denta Global , web sitemizi ziyaret etti\u011finizde \u00e7e\u015fitli \u00e7erezler kullanmaktad\u0131r. Bu \u00e7erezler, kullan\u0131c\u0131 deneyiminizi geli\u015ftirmek, web sitemizin i\u015fleyi\u015fini analiz etmek ve ki\u015fiselle\u015ftirilmi\u015f reklamlar sunmak amac\u0131yla kullan\u0131lmaktad\u0131r. \u00c7erezler, bilgisayar\u0131n\u0131za veya mobil cihaz\u0131n\u0131za yerle\u015ftirilen k\u00fc\u00e7\u00fck metin dosyalar\u0131d\u0131r. Bizler \u00c7erezleri Nas\u0131l ve Neden Kullan\u0131yoruz? Web sitemizde \u00e7erezleri a\u015fa\u011f\u0131daki gibi kategorize ederek kullan\u0131yoruz: 1. Kesinlikle Gerekli \u00c7erezler [&hellip;]","protected":false},"author":2,"featured_media":0,"parent":0,"menu_order":0,"comment_status":"closed","ping_status":"closed","template":"","meta":{"footnotes":""},"class_list":["post-4422","page","type-page","status-publish","hentry"],"yoast_head":"<!-- This site is optimized with the Yoast SEO plugin v27.4 - https:\/\/yoast.com\/product\/yoast-seo-wordpress\/ -->\n<title>Gizlilik - Dentaglobal<\/title>\n<meta name=\"description\" content=\"\u00c7erez Politikas\u0131 Denta Global , web sitemizi ziyaret etti\u011finizde \u00e7e\u015fitli \u00e7erezler kullanmaktad\u0131r. Bu \u00e7erezler, kullan\u0131c\u0131 deneyiminizi geli\u015ftirmek, web\" \/>\n<meta name=\"robots\" content=\"index, follow, max-snippet:-1, max-image-preview:large, max-video-preview:-1\" \/>\n<link rel=\"canonical\" href=\"https:\/\/www.dentaglobal.com\/nl\/gizlilik\/\" \/>\n<meta property=\"og:locale\" content=\"nl_NL\" \/>\n<meta property=\"og:type\" content=\"article\" \/>\n<meta property=\"og:title\" content=\"Gizlilik - Dentaglobal\" \/>\n<meta property=\"og:description\" content=\"\u00c7erez Politikas\u0131 Denta Global , web sitemizi ziyaret etti\u011finizde \u00e7e\u015fitli \u00e7erezler kullanmaktad\u0131r. Bu \u00e7erezler, kullan\u0131c\u0131 deneyiminizi geli\u015ftirmek, web\" \/>\n<meta property=\"og:url\" content=\"https:\/\/www.dentaglobal.com\/nl\/gizlilik\/\" \/>\n<meta property=\"og:site_name\" content=\"Dentaglobal\" \/>\n<meta property=\"article:publisher\" content=\"https:\/\/www.facebook.com\/dentaglobal\" \/>\n<meta property=\"article:modified_time\" content=\"2024-12-13T15:25:08+00:00\" \/>\n<meta name=\"twitter:card\" content=\"summary_large_image\" \/>\n<meta name=\"twitter:label1\" content=\"Geschatte leestijd\" \/>\n\t<meta name=\"twitter:data1\" content=\"3 minuten\" \/>\n<script type=\"application\/ld+json\" class=\"yoast-schema-graph\">{\"@context\":\"https:\\\/\\\/schema.org\",\"@graph\":[{\"@type\":\"WebPage\",\"@id\":\"https:\\\/\\\/www.dentaglobal.com\\\/nl\\\/gizlilik\\\/\",\"url\":\"https:\\\/\\\/www.dentaglobal.com\\\/nl\\\/gizlilik\\\/\",\"name\":\"Gizlilik - Dentaglobal\",\"isPartOf\":{\"@id\":\"https:\\\/\\\/www.dentaglobal.com\\\/nl\\\/#website\"},\"datePublished\":\"2024-09-13T11:09:41+00:00\",\"dateModified\":\"2024-12-13T15:25:08+00:00\",\"description\":\"\u00c7erez Politikas\u0131 Denta Global , web sitemizi ziyaret etti\u011finizde \u00e7e\u015fitli \u00e7erezler kullanmaktad\u0131r. Bu \u00e7erezler, kullan\u0131c\u0131 deneyiminizi geli\u015ftirmek, web\",\"breadcrumb\":{\"@id\":\"https:\\\/\\\/www.dentaglobal.com\\\/nl\\\/gizlilik\\\/#breadcrumb\"},\"inLanguage\":\"nl-NL\",\"potentialAction\":[{\"@type\":\"ReadAction\",\"target\":[\"https:\\\/\\\/www.dentaglobal.com\\\/nl\\\/gizlilik\\\/\"]}]},{\"@type\":\"BreadcrumbList\",\"@id\":\"https:\\\/\\\/www.dentaglobal.com\\\/nl\\\/gizlilik\\\/#breadcrumb\",\"itemListElement\":[{\"@type\":\"ListItem\",\"position\":1,\"name\":\"Anasayfa\",\"item\":\"https:\\\/\\\/www.dentaglobal.com\\\/nl\\\/\"},{\"@type\":\"ListItem\",\"position\":2,\"name\":\"Gizlilik\"}]},{\"@type\":\"WebSite\",\"@id\":\"https:\\\/\\\/www.dentaglobal.com\\\/nl\\\/#website\",\"url\":\"https:\\\/\\\/www.dentaglobal.com\\\/nl\\\/\",\"name\":\"Dentaglobal Dental Clinic\",\"description\":\"Everyone Smiles in Same Language\",\"publisher\":{\"@id\":\"https:\\\/\\\/www.dentaglobal.com\\\/nl\\\/#organization\"},\"potentialAction\":[{\"@type\":\"SearchAction\",\"target\":{\"@type\":\"EntryPoint\",\"urlTemplate\":\"https:\\\/\\\/www.dentaglobal.com\\\/nl\\\/?s={search_term_string}\"},\"query-input\":{\"@type\":\"PropertyValueSpecification\",\"valueRequired\":true,\"valueName\":\"search_term_string\"}}],\"inLanguage\":\"nl-NL\"},{\"@type\":\"Organization\",\"@id\":\"https:\\\/\\\/www.dentaglobal.com\\\/nl\\\/#organization\",\"name\":\"Dentaglobal Dental Clinic\",\"url\":\"https:\\\/\\\/www.dentaglobal.com\\\/nl\\\/\",\"logo\":{\"@type\":\"ImageObject\",\"inLanguage\":\"nl-NL\",\"@id\":\"https:\\\/\\\/www.dentaglobal.com\\\/nl\\\/#\\\/schema\\\/logo\\\/image\\\/\",\"url\":\"https:\\\/\\\/www.dentaglobal.com\\\/wp-content\\\/uploads\\\/2024\\\/10\\\/logo-en.png\",\"contentUrl\":\"https:\\\/\\\/www.dentaglobal.com\\\/wp-content\\\/uploads\\\/2024\\\/10\\\/logo-en.png\",\"width\":343,\"height\":73,\"caption\":\"Dentaglobal Dental Clinic\"},\"image\":{\"@id\":\"https:\\\/\\\/www.dentaglobal.com\\\/nl\\\/#\\\/schema\\\/logo\\\/image\\\/\"},\"sameAs\":[\"https:\\\/\\\/www.facebook.com\\\/dentaglobal\",\"https:\\\/\\\/www.instagram.com\\\/dentaglobal\\\/\",\"https:\\\/\\\/www.youtube.com\\\/channel\\\/UCTIlJImKSlGyEHsrNxcosVQ\"]}]}<\/script>\n<!-- \/ Yoast SEO plugin. -->","yoast_head_json":{"title":"Gizlilik - Dentaglobal","description":"\u00c7erez Politikas\u0131 Denta Global , web sitemizi ziyaret etti\u011finizde \u00e7e\u015fitli \u00e7erezler kullanmaktad\u0131r. Bu \u00e7erezler, kullan\u0131c\u0131 deneyiminizi geli\u015ftirmek, web","robots":{"index":"index","follow":"follow","max-snippet":"max-snippet:-1","max-image-preview":"max-image-preview:large","max-video-preview":"max-video-preview:-1"},"canonical":"https:\/\/www.dentaglobal.com\/nl\/gizlilik\/","og_locale":"nl_NL","og_type":"article","og_title":"Gizlilik - Dentaglobal","og_description":"\u00c7erez Politikas\u0131 Denta Global , web sitemizi ziyaret etti\u011finizde \u00e7e\u015fitli \u00e7erezler kullanmaktad\u0131r. Bu \u00e7erezler, kullan\u0131c\u0131 deneyiminizi geli\u015ftirmek, web","og_url":"https:\/\/www.dentaglobal.com\/nl\/gizlilik\/","og_site_name":"Dentaglobal","article_publisher":"https:\/\/www.facebook.com\/dentaglobal","article_modified_time":"2024-12-13T15:25:08+00:00","twitter_card":"summary_large_image","twitter_misc":{"Geschatte leestijd":"3 minuten"},"schema":{"@context":"https:\/\/schema.org","@graph":[{"@type":"WebPage","@id":"https:\/\/www.dentaglobal.com\/nl\/gizlilik\/","url":"https:\/\/www.dentaglobal.com\/nl\/gizlilik\/","name":"Gizlilik - Dentaglobal","isPartOf":{"@id":"https:\/\/www.dentaglobal.com\/nl\/#website"},"datePublished":"2024-09-13T11:09:41+00:00","dateModified":"2024-12-13T15:25:08+00:00","description":"\u00c7erez Politikas\u0131 Denta Global , web sitemizi ziyaret etti\u011finizde \u00e7e\u015fitli \u00e7erezler kullanmaktad\u0131r. Bu \u00e7erezler, kullan\u0131c\u0131 deneyiminizi geli\u015ftirmek, web","breadcrumb":{"@id":"https:\/\/www.dentaglobal.com\/nl\/gizlilik\/#breadcrumb"},"inLanguage":"nl-NL","potentialAction":[{"@type":"ReadAction","target":["https:\/\/www.dentaglobal.com\/nl\/gizlilik\/"]}]},{"@type":"BreadcrumbList","@id":"https:\/\/www.dentaglobal.com\/nl\/gizlilik\/#breadcrumb","itemListElement":[{"@type":"ListItem","position":1,"name":"Anasayfa","item":"https:\/\/www.dentaglobal.com\/nl\/"},{"@type":"ListItem","position":2,"name":"Gizlilik"}]},{"@type":"WebSite","@id":"https:\/\/www.dentaglobal.com\/nl\/#website","url":"https:\/\/www.dentaglobal.com\/nl\/","name":"Dentaglobal Dental Clinic","description":"Everyone Smiles in Same Language","publisher":{"@id":"https:\/\/www.dentaglobal.com\/nl\/#organization"},"potentialAction":[{"@type":"SearchAction","target":{"@type":"EntryPoint","urlTemplate":"https:\/\/www.dentaglobal.com\/nl\/?s={search_term_string}"},"query-input":{"@type":"PropertyValueSpecification","valueRequired":true,"valueName":"search_term_string"}}],"inLanguage":"nl-NL"},{"@type":"Organization","@id":"https:\/\/www.dentaglobal.com\/nl\/#organization","name":"Dentaglobal Dental Clinic","url":"https:\/\/www.dentaglobal.com\/nl\/","logo":{"@type":"ImageObject","inLanguage":"nl-NL","@id":"https:\/\/www.dentaglobal.com\/nl\/#\/schema\/logo\/image\/","url":"https:\/\/www.dentaglobal.com\/wp-content\/uploads\/2024\/10\/logo-en.png","contentUrl":"https:\/\/www.dentaglobal.com\/wp-content\/uploads\/2024\/10\/logo-en.png","width":343,"height":73,"caption":"Dentaglobal Dental Clinic"},"image":{"@id":"https:\/\/www.dentaglobal.com\/nl\/#\/schema\/logo\/image\/"},"sameAs":["https:\/\/www.facebook.com\/dentaglobal","https:\/\/www.instagram.com\/dentaglobal\/","https:\/\/www.youtube.com\/channel\/UCTIlJImKSlGyEHsrNxcosVQ"]}]}},"_links":{"self":[{"href":"https:\/\/www.dentaglobal.com\/nl\/wp-json\/wp\/v2\/pages\/4422","targetHints":{"allow":["GET"]}}],"collection":[{"href":"https:\/\/www.dentaglobal.com\/nl\/wp-json\/wp\/v2\/pages"}],"about":[{"href":"https:\/\/www.dentaglobal.com\/nl\/wp-json\/wp\/v2\/types\/page"}],"author":[{"embeddable":true,"href":"https:\/\/www.dentaglobal.com\/nl\/wp-json\/wp\/v2\/users\/2"}],"replies":[{"embeddable":true,"href":"https:\/\/www.dentaglobal.com\/nl\/wp-json\/wp\/v2\/comments?post=4422"}],"version-history":[{"count":2,"href":"https:\/\/www.dentaglobal.com\/nl\/wp-json\/wp\/v2\/pages\/4422\/revisions"}],"predecessor-version":[{"id":4617,"href":"https:\/\/www.dentaglobal.com\/nl\/wp-json\/wp\/v2\/pages\/4422\/revisions\/4617"}],"wp:attachment":[{"href":"https:\/\/www.dentaglobal.com\/nl\/wp-json\/wp\/v2\/media?parent=4422"}],"curies":[{"name":"wp","href":"https:\/\/api.w.org\/{rel}","templated":true}]}}