{"id":4420,"date":"2024-09-13T14:09:29","date_gmt":"2024-09-13T11:09:29","guid":{"rendered":"https:\/\/www.dentaglobal.com\/kisisel-verilerin-korunmasi-kanunu\/"},"modified":"2024-12-12T09:26:40","modified_gmt":"2024-12-12T06:26:40","slug":"kisisel-verilerin-korunmasi-kanunu","status":"publish","type":"page","link":"https:\/\/www.dentaglobal.com\/nl\/kisisel-verilerin-korunmasi-kanunu\/","title":{"rendered":"Ki\u015fisel Verilerin Korunmas\u0131 Kanunu"},"content":{"rendered":"\n<p><strong>K\u0130\u015e\u0130SEL VER\u0130LER\u0130N \u0130\u015eLENMES\u0130 HAKKINDA AYDINLATMA VE A\u00c7IK RIZA METN\u0130<\/strong><\/p>\n\n\n\n<p>Dentaglobal Sa\u011fl\u0131k Hizmetleri Ticaret Anonim \u015eirketi taraf\u0131ndan Ki\u015fisel Verilerin \u0130\u015flenmesi Hakk\u0131nda Ayd\u0131nlatma metninde detayl\u0131 olarak yer alan ki\u015fisel verilerinizin; s\u00f6zle\u015fmenin ifas\u0131, kanunda a\u00e7\u0131k\u00e7a \u00f6ng\u00f6r\u00fclmesi, hukuki y\u00fck\u00fcml\u00fcl\u00fc\u011f\u00fcm\u00fcz\u00fc yerine getirebilmemiz i\u00e7in zorunlu olmas\u0131 ve kamu sa\u011fl\u0131\u011f\u0131n\u0131n korunmas\u0131, koruyucu hekimlik, t\u0131bb\u00ee te\u015fhis, tedavi ve bak\u0131m hizmetlerinin y\u00fcr\u00fct\u00fclmesi, sa\u011fl\u0131k hizmetleri ile finansman\u0131n\u0131n planlanmas\u0131 ve y\u00f6netimi amac\u0131yla gerekti\u011fi hallerde ve gerekti\u011fi \u00f6l\u00e7\u00fcde i\u015flenmesi ve aktar\u0131lmas\u0131 halleri haricinde; a\u015fa\u011f\u0131da belirtilen hususlara ili\u015fkin olarak a\u00e7\u0131k r\u0131zan\u0131z\u0131 talep ediyoruz.<\/p>\n\n\n\n<p>T\u00fcm t\u0131bb\u00ee te\u015fhis, muayene, tedavi ve bak\u0131m hizmetlerinin y\u00fcr\u00fct\u00fclmesi i\u00e7in gerekli olan ve bu ama\u00e7la elde edilen ki\u015fisel sa\u011fl\u0131k verileriniz ba\u015fta olmak \u00fczere, elde edilen ba\u015fl\u0131ca genel ve \u00f6zel nitelikli ki\u015fisel verileriniz a\u015fa\u011f\u0131da s\u0131ralanm\u0131\u015ft\u0131r;<\/p>\n\n\n\n<p><strong>Kimlik Verisi:&nbsp;<\/strong>Ad, soyad, TC kimlik numaras\u0131, T\u00fcrk vatanda\u015f\u0131 olmaman\u0131z halinde pasaport numaran\u0131z veya ge\u00e7ici TC kimlik numaran\u0131z, do\u011fum yeri ve tarihi, medeni hal, cinsiyet vb. kimlik verileriniz ile ibraz etti\u011finiz TC Kimlik Kart\u0131 ya da benzeri kimlik belgesiyle elde edilen ki\u015fisel verileriniz,<\/p>\n\n\n\n<p><strong>\u0130leti\u015fim Verisi:<\/strong>&nbsp;&nbsp;Adres, telefon numaras\u0131, elektronik posta adresi vb. ileti\u015fim verileri<\/p>\n\n\n\n<p><strong>Finansal Veri: &nbsp;<\/strong>Banka hesap numaras\u0131, IBAN numaras\u0131 vb.<\/p>\n\n\n\n<p><strong>Sa\u011fl\u0131k Verisi: &nbsp;<\/strong>Dosyan\u0131zda takip edilmesi amac\u0131yla kendi sundu\u011funuz laboratuvar ve g\u00f6r\u00fcnt\u00fcleme sonu\u00e7lar\u0131, test sonu\u00e7lar\u0131, muayene verileri, re\u00e7ete bilgileri gibi t\u0131bbi te\u015fhis, tedavi ve bak\u0131m hizmetlerinin y\u00fcr\u00fct\u00fclmesi s\u0131ras\u0131nda elde edilen sa\u011fl\u0131k ve cinsel hayata ili\u015fkin verileri, &nbsp;hizmetlerimizi de\u011ferlendirmek amac\u0131 ile payla\u015ft\u0131\u011f\u0131n\u0131z yan\u0131t ve yorumlar,<\/p>\n\n\n\n<p><strong>Dijital Veri:&nbsp;<\/strong>Hastanelerimizi ziyaretiniz s\u0131ras\u0131nda al\u0131nan kamera sistemi g\u00f6r\u00fcnt\u00fc ve ses kayd\u0131, \u00e7a\u011fr\u0131 merkezimiz ile ileti\u015fime ge\u00e7ti\u011finiz takdirde tutulan sesli g\u00f6r\u00fc\u015fme kay\u0131tlar\u0131,<\/p>\n\n\n\n<p><strong>Di\u011fer:<\/strong>&nbsp;&nbsp;Sa\u011fl\u0131k hizmetlerinizin finansman\u0131 ve planlamas\u0131 amac\u0131yla \u00f6zel sa\u011fl\u0131k sigortas\u0131na ili\u015fkin verileriniz ve Sosyal G\u00fcvenlik Kurumu verileriniz, &nbsp;Web siteniz ve mobil uygulamam\u0131z\u0131 kullan\u0131m\u0131n\u0131z s\u0131ras\u0131nda elde edilen gezinme bilgileri, IP adresi, taray\u0131c\u0131 bilgileri ve kendi r\u0131zan\u0131z ile iletti\u011finiz t\u0131bbi belgeler, anketler, form bilgileri ve konum verileri.<\/p>\n\n\n\n<p>Yukar\u0131da say\u0131lm\u0131\u015f olan ki\u015fisel verileriniz ile \u00f6zel nitelikli ki\u015fisel verilerinizin a\u015fa\u011f\u0131daki ama\u00e7lar ile i\u015flenebilece\u011fi konusunda sizi bilgilendiririz;<\/p>\n\n\n\n<ul class=\"wp-block-list\">\n<li>Kamu sa\u011fl\u0131\u011f\u0131n\u0131n korunmas\u0131, koruyucu hekimlik, t\u0131bb\u00ee te\u015fhis, tedavi ve bak\u0131m hizmetlerinin y\u00fcr\u00fct\u00fclmesi,<\/li>\n\n\n\n<li>\u0130lgili mevzuat uyar\u0131nca Sa\u011fl\u0131k Bakanl\u0131\u011f\u0131 ve di\u011fer kamu kurum ve kurulu\u015flar\u0131 ile talep edilen bilgilerin payla\u015f\u0131lmas\u0131,<\/li>\n\n\n\n<li>Yasal ve d\u00fczenleyici gereksinimlerin yerine getirilmesi,<\/li>\n\n\n\n<li>Hasta Hizmetleri, Mali \u0130\u015fler, Pazarlama b\u00f6l\u00fcmleri taraf\u0131ndan sa\u011fl\u0131k hizmetlerimin finansman\u0131, tetkik, te\u015fhis ve tedavi giderlerinizin kar\u015f\u0131lanmas\u0131, m\u00fcstehakl\u0131k sorgusu kapsam\u0131nda \u00f6zel sigorta \u015firketler ile talep edilen bilgilerin payla\u015f\u0131lmas\u0131,<\/li>\n\n\n\n<li>\u00c7a\u011fr\u0131 Merkezi ve Dijital Kanallar\u0131m\u0131z arac\u0131l\u0131\u011f\u0131 ile randevunuz hakk\u0131nda bilgilendirilmek,<\/li>\n\n\n\n<li>Hasta Hizmetleri, Sa\u011fl\u0131k Personelleri ve \u00c7a\u011fr\u0131 Merkezi b\u00f6l\u00fcmleri taraf\u0131ndan kimli\u011finizin teyit edilmesi,<\/li>\n\n\n\n<li>Hastane Y\u00f6netimi taraf\u0131ndan kurum i\u00e7 i\u015fleyi\u015finin planlanmas\u0131 ve y\u00f6netilmesi,<\/li>\n\n\n\n<li>Kalite, Hasta Deneyimi, Bilgi Sistemleri b\u00f6l\u00fcmleri taraf\u0131ndan sa\u011fl\u0131k hizmetlerini geli\u015ftirme amac\u0131yla analiz yap\u0131lmas\u0131,<\/li>\n\n\n\n<li>Denetim ve Bilgi Sistemleri b\u00f6l\u00fcmleri taraf\u0131ndan suistimal ve yetkisiz i\u015flemlerin izlenmesi ve engellenmesi,<\/li>\n\n\n\n<li>Kalite, Hasta Deneyimi, Bilgi Sistemleri b\u00f6l\u00fcmleri taraf\u0131ndan risk y\u00f6netimi ve kalite geli\u015ftirme aktivitelerinin yerine getirilmesi,<\/li>\n\n\n\n<li>Hasta Hizmetleri, Mali \u0130\u015fler, Pazarlama b\u00f6l\u00fcmleri taraf\u0131ndan hizmetleriniz kar\u015f\u0131l\u0131\u011f\u0131nda faturaland\u0131rma yap\u0131lmas\u0131, Hasta Hizmetleri, Mali \u0130\u015fler, Pazarlama b\u00f6l\u00fcmleri taraf\u0131ndan hastaneniz ile anla\u015fmal\u0131 olan kurumlarla ili\u015fkimin teyit edilmesi, Hastane Y\u00f6netimi, Hasta Deneyimi, Hasta Haklar\u0131, \u00c7a\u011fr\u0131 Merkezi b\u00f6l\u00fcmleri taraf\u0131ndan size verilmi\u015f olan\/verilecek olan sa\u011fl\u0131k hizmetlerine ili\u015fkin her t\u00fcrl\u00fc soru ve \u015fik\u00e2yetinize cevap verilebilmesi,<\/li>\n<\/ul>\n\n\n\n<p>Hastane Y\u00f6netimi, Bilgi Sistemleri b\u00f6l\u00fcmleri taraf\u0131ndan hastaneniz sistem ve uygulamalar\u0131n\u0131n veri g\u00fcvenli\u011fi kapsam\u0131nda t\u00fcm gerekli teknik ve idari tedbirlerin al\u0131nmas\u0131, Pazarlama, Medya ve \u0130leti\u015fim, \u00c7a\u011fr\u0131 Merkezi b\u00f6l\u00fcmleri taraf\u0131ndan kampanyalara kat\u0131l\u0131m ve kampanya bilgisi verilmesi, Web ve mobil kanallarda \u00f6zel i\u00e7eriklerin, somut ve soyut faydalar\u0131n tasarlanmas\u0131 ve iletilebilmesi, &nbsp;Hastane Y\u00f6netimi, Hasta Haklar\u0131, Hasta Deneyimi b\u00f6l\u00fcmleri taraf\u0131ndan hasta memnuniyetinin \u00f6l\u00e7\u00fclmesi, artt\u0131r\u0131lmas\u0131 ve ara\u015ft\u0131r\u0131lmas\u0131.&nbsp;<br>Yukar\u0131da belirtilen Ki\u015fisel ve \u00d6zel Nitelikli ki\u015fisel verilerin Dentaglobal ve d\u0131\u015f hizmet sa\u011flay\u0131c\u0131lar\u0131n b\u00fcnyesinde fiziki ve elektronik ar\u015fivlerde b\u00fcy\u00fck bir titizlik ve mevzuat h\u00fck\u00fcmlerine riayet edilerek muhafaza edilebilece\u011fi konusunda detayl\u0131 olarak bilgilendiririz.<\/p>\n\n\n\n<p>Ki\u015fisel Verilerin Aktar\u0131lmas\u0131 kapsam\u0131nda ki\u015fisel verileriniz, 3359 say\u0131l\u0131 Sa\u011fl\u0131k Hizmetleri Temel Kanunu, 663 say\u0131l\u0131 Sa\u011fl\u0131k Bakanl\u0131\u011f\u0131 ve Ba\u011fl\u0131 Kurulu\u015flar\u0131n\u0131n Te\u015fkilat ve G\u00f6revleri Hakk\u0131nda Kanun H\u00fckm\u00fcnde Kararname, 6698 Say\u0131l\u0131 Ki\u015fisel Verilerin Korunmas\u0131 Kanunu, \u00d6zel Hastaneler Y\u00f6netmeli\u011fi, Ki\u015fisel Sa\u011fl\u0131k Verilerinin \u0130\u015flenmesi ve Mahremiyetinin Korunmas\u0131 Y\u00f6netmeli\u011fi ve Sa\u011fl\u0131k Bakanl\u0131\u011f\u0131 d\u00fczenlemeleri ve sair mevzuat h\u00fck\u00fcmleri \u00e7er\u00e7evesinde ve yukar\u0131da a\u00e7\u0131klanan ama\u00e7larla;&nbsp;<\/p>\n\n\n\n<ul class=\"wp-block-list\">\n<li>Sa\u011fl\u0131k Bakanl\u0131\u011f\u0131, bakanl\u0131\u011fa ba\u011fl\u0131 alt birimler ve aile hekimli\u011fi merkezleri,<\/li>\n\n\n\n<li>Sosyal G\u00fcvenlik Kurumu,<\/li>\n\n\n\n<li>Emniyet Genel M\u00fcd\u00fcrl\u00fc\u011f\u00fc ve di\u011fer kolluk kuvvetleri,<\/li>\n\n\n\n<li>N\u00fcfus Genel M\u00fcd\u00fcrl\u00fc\u011f\u00fc,<\/li>\n\n\n\n<li>T\u00fcrkiye Eczac\u0131lar Birli\u011fi,<\/li>\n\n\n\n<li>Adli makamlar,<\/li>\n\n\n\n<li>Yetki vermi\u015f oldu\u011funuz kanuni temsilciler,<\/li>\n\n\n\n<li>\u00d6zel sigorta \u015firketleri,<\/li>\n\n\n\n<li>\u00c7al\u0131\u015fmakta oldu\u011funuz avukatlar, vergi dan\u0131\u015fmanlar\u0131 ve denet\u00e7iler de d\u00e2hil olmak \u00fczere dan\u0131\u015fmanl\u0131k ald\u0131\u011f\u0131n\u0131z \u00fc\u00e7\u00fcnc\u00fc ki\u015filer,<\/li>\n\n\n\n<li>Hastan\u0131n sevk edildi\u011fi ya da kendi ba\u015fvurdu\u011fu ba\u015fka hastane,<\/li>\n\n\n\n<li>D\u00fczenleyici ve denetleyici kurumlar ve resmi merciler,<\/li>\n<\/ul>\n\n\n\n<p>\u015eirket olarak hizmetlerinden faydaland\u0131\u011f\u0131n\u0131z veya i\u015f birli\u011fi i\u00e7erisinde oldu\u011fumuz tedarik\u00e7iler, destek hizmet sa\u011flay\u0131c\u0131lar\u0131, ar\u015fiv hizmeti sa\u011flay\u0131c\u0131lar\u0131 ve i\u015f ortaklar\u0131m\u0131z ile payla\u015f\u0131lacakt\u0131r.<\/p>\n\n\n\n<p>Ki\u015fisel Veri Toplaman\u0131n Y\u00f6ntemi ve Hukuki Sebebi Ki\u015fisel verilerimin, her t\u00fcrl\u00fc s\u00f6zl\u00fc, yaz\u0131l\u0131, g\u00f6rsel ya da elektronik ortamda, yukar\u0131da yer verilen ama\u00e7lar ve Dentaglobal\u2019in faaliyet konusuna dahil her t\u00fcrl\u00fc i\u015fin yasal \u00e7er\u00e7evede y\u00fcr\u00fct\u00fclebilmesi ve bu kapsamda Dentaglobal\u2019in akdi ve kanuni y\u00fck\u00fcml\u00fcl\u00fcklerini tam ve gere\u011fi gibi ifa edebilmesi i\u00e7in toplanmakta ve i\u015flenmekte oldu\u011fu konusunda bilgilendiririz.<\/p>\n\n\n\n<p>Yukar\u0131da belirtilen bilgileri okudu\u011fumu ve Dentaglobal taraf\u0131ndan detayl\u0131 olarak yukar\u0131da a\u00e7\u0131klanan ki\u015filer verilerimin toplanmas\u0131n\u0131n hukuki sebebi;&nbsp;<\/p>\n\n\n\n<ul class=\"wp-block-list\">\n<li>6698 say\u0131l\u0131 Ki\u015fisel Verilerin Korunmas\u0131 Kanunu,<\/li>\n\n\n\n<li>3359 say\u0131l\u0131 Sa\u011fl\u0131k Hizmetleri Temel Kanunu,<\/li>\n\n\n\n<li>663 say\u0131l\u0131 Sa\u011fl\u0131k Bakanl\u0131\u011f\u0131 ve Ba\u011fl\u0131 Kurulu\u015flar\u0131n\u0131n Te\u015fkilat ve G\u00f6revleri Hakk\u0131nda Kanun H\u00fckm\u00fcnde Kararname, \u00d6zel Hastaneler Y\u00f6netmeli\u011fi,<\/li>\n\n\n\n<li>Ki\u015fisel Sa\u011fl\u0131k Verilerinin \u0130\u015flenmesi ve Mahremiyetinin Korunmas\u0131 Y\u00f6netmeli\u011fi,<\/li>\n<\/ul>\n\n\n\n<p>Sa\u011fl\u0131k Bakanl\u0131\u011f\u0131 d\u00fczenlemeleri ve sair mevzuat h\u00fck\u00fcmleridir.<\/p>\n\n\n\n<p>Ayr\u0131ca, Kanun\u2019un 6. maddesi 3. f\u0131kras\u0131nda da belirtildi\u011fi \u00fczere sa\u011fl\u0131k ve cinsel hayata ili\u015fkin ki\u015fisel veriler ise ancak kamu sa\u011fl\u0131\u011f\u0131n\u0131n korunmas\u0131, koruyucu hekimlik, t\u0131bb\u0131 te\u015fhis, tedavi ve bak\u0131m hizmetlerinin y\u00fcr\u00fct\u00fclmesi, sa\u011fl\u0131k hizmetleri ile finansman\u0131n\u0131n planlanmas\u0131 ve y\u00f6netimi amac\u0131yla, s\u0131r saklama y\u00fck\u00fcml\u00fcl\u00fc\u011f\u00fc alt\u0131nda bulunan ki\u015filer veya yetkili kurum ve kurulu\u015flar taraf\u0131ndan a\u00e7\u0131k r\u0131zam aranmaks\u0131z\u0131n i\u015flenebilece\u011fini biliyorum.<\/p>\n\n\n\n<p><strong>Ki\u015fisel Verilerin Korunmas\u0131na Y\u00f6nelik Haklar:&nbsp;<\/strong><\/p>\n\n\n\n<ul class=\"wp-block-list\">\n<li>Ki\u015fisel verilerimin i\u015flenip i\u015flenmedi\u011fini \u00f6\u011frenme,<\/li>\n\n\n\n<li>Ki\u015fisel verilerim i\u015flenmi\u015fse buna ili\u015fkin bilgi talep etme,<\/li>\n\n\n\n<li>Ki\u015fisel sa\u011fl\u0131k verilerime eri\u015fim ve bu verileri isteme,<\/li>\n\n\n\n<li>Ki\u015fisel verilerimin i\u015flenme amac\u0131n\u0131 ve bunlar\u0131n amac\u0131na uygun kullan\u0131l\u0131p kullan\u0131lmad\u0131\u011f\u0131n\u0131 \u00f6\u011frenme,<\/li>\n\n\n\n<li>Yurt i\u00e7inde veya yurt d\u0131\u015f\u0131nda ki\u015fisel verilerimin aktar\u0131ld\u0131\u011f\u0131 \u00fc\u00e7\u00fcnc\u00fc ki\u015fileri bilme,<\/li>\n\n\n\n<li>Ki\u015fisel verilerimin eksik veya yanl\u0131\u015f i\u015flenmi\u015f olmas\u0131 h\u00e2linde bunlar\u0131n d\u00fczeltilmesini isteme,<\/li>\n\n\n\n<li>Ki\u015fisel verilerimin silinmesini veya yok edilmesini isteme,<\/li>\n\n\n\n<li>Ki\u015fisel verilerimin eksik veya yanl\u0131\u015f i\u015flenmi\u015f olmas\u0131 h\u00e2linde bunlar\u0131n d\u00fczeltilmesine ve\/veya ki\u015fisel verilerimin silinmesini veya yok edilmesine ili\u015fkin i\u015flemlerin ki\u015fisel verilerimin aktar\u0131ld\u0131\u011f\u0131 \u00fc\u00e7\u00fcnc\u00fc ki\u015filere bildirilmesini isteme,<\/li>\n\n\n\n<li>\u0130\u015flenen verilerimin m\u00fcnhas\u0131ran otomatik sistemler vas\u0131tas\u0131yla analiz edilmesi suretiyle kendi aleyhime bir sonucun ortaya \u00e7\u0131kmas\u0131na itiraz etme,<\/li>\n\n\n\n<li>Ki\u015fisel verilerimin kanuna ayk\u0131r\u0131 olarak i\u015flenmesi sebebiyle zarara u\u011framam h\u00e2linde zarar\u0131n giderilmesini talep etme haklar\u0131na sahip oldu\u011fum konusunda taraf\u0131ma bilgi verildi.<br>\u00a0<\/li>\n<\/ul>\n","protected":false},"excerpt":{"rendered":"K\u0130\u015e\u0130SEL VER\u0130LER\u0130N \u0130\u015eLENMES\u0130 HAKKINDA AYDINLATMA VE A\u00c7IK RIZA METN\u0130 Dentaglobal Sa\u011fl\u0131k Hizmetleri Ticaret Anonim \u015eirketi taraf\u0131ndan Ki\u015fisel Verilerin \u0130\u015flenmesi Hakk\u0131nda Ayd\u0131nlatma metninde detayl\u0131 olarak yer alan ki\u015fisel verilerinizin; s\u00f6zle\u015fmenin ifas\u0131, kanunda a\u00e7\u0131k\u00e7a \u00f6ng\u00f6r\u00fclmesi, hukuki y\u00fck\u00fcml\u00fcl\u00fc\u011f\u00fcm\u00fcz\u00fc yerine getirebilmemiz i\u00e7in zorunlu olmas\u0131 ve kamu sa\u011fl\u0131\u011f\u0131n\u0131n korunmas\u0131, koruyucu hekimlik, t\u0131bb\u00ee te\u015fhis, tedavi ve bak\u0131m hizmetlerinin y\u00fcr\u00fct\u00fclmesi, sa\u011fl\u0131k hizmetleri [&hellip;]","protected":false},"author":2,"featured_media":0,"parent":0,"menu_order":0,"comment_status":"closed","ping_status":"closed","template":"","meta":{"footnotes":""},"class_list":["post-4420","page","type-page","status-publish","hentry"],"yoast_head":"<!-- This site is optimized with the Yoast SEO plugin v27.5 - https:\/\/yoast.com\/product\/yoast-seo-wordpress\/ -->\n<title>Ki\u015fisel Verilerin Korunmas\u0131 Kanunu - Dentaglobal<\/title>\n<meta name=\"description\" content=\"K\u0130\u015e\u0130SEL VER\u0130LER\u0130N \u0130\u015eLENMES\u0130 HAKKINDA AYDINLATMA VE A\u00c7IK RIZA METN\u0130 Dentaglobal Sa\u011fl\u0131k Hizmetleri Ticaret Anonim \u015eirketi taraf\u0131ndan Ki\u015fisel Verilerin\" \/>\n<meta name=\"robots\" content=\"index, follow, max-snippet:-1, max-image-preview:large, max-video-preview:-1\" \/>\n<link rel=\"canonical\" href=\"https:\/\/www.dentaglobal.com\/nl\/kisisel-verilerin-korunmasi-kanunu\/\" \/>\n<meta property=\"og:locale\" content=\"nl_NL\" \/>\n<meta property=\"og:type\" content=\"article\" \/>\n<meta property=\"og:title\" content=\"Ki\u015fisel Verilerin Korunmas\u0131 Kanunu - Dentaglobal\" \/>\n<meta property=\"og:description\" content=\"K\u0130\u015e\u0130SEL VER\u0130LER\u0130N \u0130\u015eLENMES\u0130 HAKKINDA AYDINLATMA VE A\u00c7IK RIZA METN\u0130 Dentaglobal Sa\u011fl\u0131k Hizmetleri Ticaret Anonim \u015eirketi taraf\u0131ndan Ki\u015fisel Verilerin\" \/>\n<meta property=\"og:url\" content=\"https:\/\/www.dentaglobal.com\/nl\/kisisel-verilerin-korunmasi-kanunu\/\" \/>\n<meta property=\"og:site_name\" content=\"Dentaglobal\" \/>\n<meta property=\"article:publisher\" content=\"https:\/\/www.facebook.com\/dentaglobal\" \/>\n<meta property=\"article:modified_time\" content=\"2024-12-12T06:26:40+00:00\" \/>\n<meta name=\"twitter:card\" content=\"summary_large_image\" \/>\n<meta name=\"twitter:label1\" content=\"Geschatte leestijd\" \/>\n\t<meta name=\"twitter:data1\" content=\"8 minuten\" \/>\n<script type=\"application\/ld+json\" class=\"yoast-schema-graph\">{\"@context\":\"https:\\\/\\\/schema.org\",\"@graph\":[{\"@type\":\"WebPage\",\"@id\":\"https:\\\/\\\/www.dentaglobal.com\\\/nl\\\/kisisel-verilerin-korunmasi-kanunu\\\/\",\"url\":\"https:\\\/\\\/www.dentaglobal.com\\\/nl\\\/kisisel-verilerin-korunmasi-kanunu\\\/\",\"name\":\"Ki\u015fisel Verilerin Korunmas\u0131 Kanunu - Dentaglobal\",\"isPartOf\":{\"@id\":\"https:\\\/\\\/www.dentaglobal.com\\\/nl\\\/#website\"},\"datePublished\":\"2024-09-13T11:09:29+00:00\",\"dateModified\":\"2024-12-12T06:26:40+00:00\",\"description\":\"K\u0130\u015e\u0130SEL VER\u0130LER\u0130N \u0130\u015eLENMES\u0130 HAKKINDA AYDINLATMA VE A\u00c7IK RIZA METN\u0130 Dentaglobal Sa\u011fl\u0131k Hizmetleri Ticaret Anonim \u015eirketi taraf\u0131ndan Ki\u015fisel Verilerin\",\"breadcrumb\":{\"@id\":\"https:\\\/\\\/www.dentaglobal.com\\\/nl\\\/kisisel-verilerin-korunmasi-kanunu\\\/#breadcrumb\"},\"inLanguage\":\"nl-NL\",\"potentialAction\":[{\"@type\":\"ReadAction\",\"target\":[\"https:\\\/\\\/www.dentaglobal.com\\\/nl\\\/kisisel-verilerin-korunmasi-kanunu\\\/\"]}]},{\"@type\":\"BreadcrumbList\",\"@id\":\"https:\\\/\\\/www.dentaglobal.com\\\/nl\\\/kisisel-verilerin-korunmasi-kanunu\\\/#breadcrumb\",\"itemListElement\":[{\"@type\":\"ListItem\",\"position\":1,\"name\":\"Anasayfa\",\"item\":\"https:\\\/\\\/www.dentaglobal.com\\\/nl\\\/\"},{\"@type\":\"ListItem\",\"position\":2,\"name\":\"Ki\u015fisel Verilerin Korunmas\u0131 Kanunu\"}]},{\"@type\":\"WebSite\",\"@id\":\"https:\\\/\\\/www.dentaglobal.com\\\/nl\\\/#website\",\"url\":\"https:\\\/\\\/www.dentaglobal.com\\\/nl\\\/\",\"name\":\"Dentaglobal Dental Clinic\",\"description\":\"Everyone Smiles in Same Language\",\"publisher\":{\"@id\":\"https:\\\/\\\/www.dentaglobal.com\\\/nl\\\/#organization\"},\"potentialAction\":[{\"@type\":\"SearchAction\",\"target\":{\"@type\":\"EntryPoint\",\"urlTemplate\":\"https:\\\/\\\/www.dentaglobal.com\\\/nl\\\/?s={search_term_string}\"},\"query-input\":{\"@type\":\"PropertyValueSpecification\",\"valueRequired\":true,\"valueName\":\"search_term_string\"}}],\"inLanguage\":\"nl-NL\"},{\"@type\":\"Organization\",\"@id\":\"https:\\\/\\\/www.dentaglobal.com\\\/nl\\\/#organization\",\"name\":\"Dentaglobal Dental Clinic\",\"url\":\"https:\\\/\\\/www.dentaglobal.com\\\/nl\\\/\",\"logo\":{\"@type\":\"ImageObject\",\"inLanguage\":\"nl-NL\",\"@id\":\"https:\\\/\\\/www.dentaglobal.com\\\/nl\\\/#\\\/schema\\\/logo\\\/image\\\/\",\"url\":\"https:\\\/\\\/www.dentaglobal.com\\\/wp-content\\\/uploads\\\/2024\\\/10\\\/logo-en.png\",\"contentUrl\":\"https:\\\/\\\/www.dentaglobal.com\\\/wp-content\\\/uploads\\\/2024\\\/10\\\/logo-en.png\",\"width\":343,\"height\":73,\"caption\":\"Dentaglobal Dental Clinic\"},\"image\":{\"@id\":\"https:\\\/\\\/www.dentaglobal.com\\\/nl\\\/#\\\/schema\\\/logo\\\/image\\\/\"},\"sameAs\":[\"https:\\\/\\\/www.facebook.com\\\/dentaglobal\",\"https:\\\/\\\/www.instagram.com\\\/dentaglobal\\\/\",\"https:\\\/\\\/www.youtube.com\\\/channel\\\/UCTIlJImKSlGyEHsrNxcosVQ\"]}]}<\/script>\n<!-- \/ Yoast SEO plugin. -->","yoast_head_json":{"title":"Ki\u015fisel Verilerin Korunmas\u0131 Kanunu - Dentaglobal","description":"K\u0130\u015e\u0130SEL VER\u0130LER\u0130N \u0130\u015eLENMES\u0130 HAKKINDA AYDINLATMA VE A\u00c7IK RIZA METN\u0130 Dentaglobal Sa\u011fl\u0131k Hizmetleri Ticaret Anonim \u015eirketi taraf\u0131ndan Ki\u015fisel Verilerin","robots":{"index":"index","follow":"follow","max-snippet":"max-snippet:-1","max-image-preview":"max-image-preview:large","max-video-preview":"max-video-preview:-1"},"canonical":"https:\/\/www.dentaglobal.com\/nl\/kisisel-verilerin-korunmasi-kanunu\/","og_locale":"nl_NL","og_type":"article","og_title":"Ki\u015fisel Verilerin Korunmas\u0131 Kanunu - Dentaglobal","og_description":"K\u0130\u015e\u0130SEL VER\u0130LER\u0130N \u0130\u015eLENMES\u0130 HAKKINDA AYDINLATMA VE A\u00c7IK RIZA METN\u0130 Dentaglobal Sa\u011fl\u0131k Hizmetleri Ticaret Anonim \u015eirketi taraf\u0131ndan Ki\u015fisel Verilerin","og_url":"https:\/\/www.dentaglobal.com\/nl\/kisisel-verilerin-korunmasi-kanunu\/","og_site_name":"Dentaglobal","article_publisher":"https:\/\/www.facebook.com\/dentaglobal","article_modified_time":"2024-12-12T06:26:40+00:00","twitter_card":"summary_large_image","twitter_misc":{"Geschatte leestijd":"8 minuten"},"schema":{"@context":"https:\/\/schema.org","@graph":[{"@type":"WebPage","@id":"https:\/\/www.dentaglobal.com\/nl\/kisisel-verilerin-korunmasi-kanunu\/","url":"https:\/\/www.dentaglobal.com\/nl\/kisisel-verilerin-korunmasi-kanunu\/","name":"Ki\u015fisel Verilerin Korunmas\u0131 Kanunu - Dentaglobal","isPartOf":{"@id":"https:\/\/www.dentaglobal.com\/nl\/#website"},"datePublished":"2024-09-13T11:09:29+00:00","dateModified":"2024-12-12T06:26:40+00:00","description":"K\u0130\u015e\u0130SEL VER\u0130LER\u0130N \u0130\u015eLENMES\u0130 HAKKINDA AYDINLATMA VE A\u00c7IK RIZA METN\u0130 Dentaglobal Sa\u011fl\u0131k Hizmetleri Ticaret Anonim \u015eirketi taraf\u0131ndan Ki\u015fisel Verilerin","breadcrumb":{"@id":"https:\/\/www.dentaglobal.com\/nl\/kisisel-verilerin-korunmasi-kanunu\/#breadcrumb"},"inLanguage":"nl-NL","potentialAction":[{"@type":"ReadAction","target":["https:\/\/www.dentaglobal.com\/nl\/kisisel-verilerin-korunmasi-kanunu\/"]}]},{"@type":"BreadcrumbList","@id":"https:\/\/www.dentaglobal.com\/nl\/kisisel-verilerin-korunmasi-kanunu\/#breadcrumb","itemListElement":[{"@type":"ListItem","position":1,"name":"Anasayfa","item":"https:\/\/www.dentaglobal.com\/nl\/"},{"@type":"ListItem","position":2,"name":"Ki\u015fisel Verilerin Korunmas\u0131 Kanunu"}]},{"@type":"WebSite","@id":"https:\/\/www.dentaglobal.com\/nl\/#website","url":"https:\/\/www.dentaglobal.com\/nl\/","name":"Dentaglobal Dental Clinic","description":"Everyone Smiles in Same Language","publisher":{"@id":"https:\/\/www.dentaglobal.com\/nl\/#organization"},"potentialAction":[{"@type":"SearchAction","target":{"@type":"EntryPoint","urlTemplate":"https:\/\/www.dentaglobal.com\/nl\/?s={search_term_string}"},"query-input":{"@type":"PropertyValueSpecification","valueRequired":true,"valueName":"search_term_string"}}],"inLanguage":"nl-NL"},{"@type":"Organization","@id":"https:\/\/www.dentaglobal.com\/nl\/#organization","name":"Dentaglobal Dental Clinic","url":"https:\/\/www.dentaglobal.com\/nl\/","logo":{"@type":"ImageObject","inLanguage":"nl-NL","@id":"https:\/\/www.dentaglobal.com\/nl\/#\/schema\/logo\/image\/","url":"https:\/\/www.dentaglobal.com\/wp-content\/uploads\/2024\/10\/logo-en.png","contentUrl":"https:\/\/www.dentaglobal.com\/wp-content\/uploads\/2024\/10\/logo-en.png","width":343,"height":73,"caption":"Dentaglobal Dental Clinic"},"image":{"@id":"https:\/\/www.dentaglobal.com\/nl\/#\/schema\/logo\/image\/"},"sameAs":["https:\/\/www.facebook.com\/dentaglobal","https:\/\/www.instagram.com\/dentaglobal\/","https:\/\/www.youtube.com\/channel\/UCTIlJImKSlGyEHsrNxcosVQ"]}]}},"_links":{"self":[{"href":"https:\/\/www.dentaglobal.com\/nl\/wp-json\/wp\/v2\/pages\/4420","targetHints":{"allow":["GET"]}}],"collection":[{"href":"https:\/\/www.dentaglobal.com\/nl\/wp-json\/wp\/v2\/pages"}],"about":[{"href":"https:\/\/www.dentaglobal.com\/nl\/wp-json\/wp\/v2\/types\/page"}],"author":[{"embeddable":true,"href":"https:\/\/www.dentaglobal.com\/nl\/wp-json\/wp\/v2\/users\/2"}],"replies":[{"embeddable":true,"href":"https:\/\/www.dentaglobal.com\/nl\/wp-json\/wp\/v2\/comments?post=4420"}],"version-history":[{"count":1,"href":"https:\/\/www.dentaglobal.com\/nl\/wp-json\/wp\/v2\/pages\/4420\/revisions"}],"predecessor-version":[{"id":4421,"href":"https:\/\/www.dentaglobal.com\/nl\/wp-json\/wp\/v2\/pages\/4420\/revisions\/4421"}],"wp:attachment":[{"href":"https:\/\/www.dentaglobal.com\/nl\/wp-json\/wp\/v2\/media?parent=4420"}],"curies":[{"name":"wp","href":"https:\/\/api.w.org\/{rel}","templated":true}]}}