{"id":5495,"date":"2024-09-13T14:09:29","date_gmt":"2024-09-13T11:09:29","guid":{"rendered":"https:\/\/www.dentaglobal.com\/law-on-the-protection-of-personal-data\/"},"modified":"2025-07-23T13:02:03","modified_gmt":"2025-07-23T10:02:03","slug":"law-on-the-protection-of-personal-data","status":"publish","type":"page","link":"https:\/\/www.dentaglobal.com\/it\/law-on-the-protection-of-personal-data\/","title":{"rendered":"Legge sulla protezione dei dati personali"},"content":{"rendered":"\n<h3 class=\"wp-block-heading\" id=\"h-testo-di-chiarimento-e-consenso-per-il-trattamento-dei-dati-personali\"><strong>Testo di chiarimento e consenso per il trattamento dei Dati Personali<\/strong><\/h3>\n\n\n\n<p>Richiediamo il tuo consenso esplicito per quanto riguarda le questioni elencate di seguito, ad eccezione dei casi in cui i tuoi dati personali, come dettagliato nel Testo di chiarimento sul trattamento dei dati personali da parte di Dentaglobal Sa\u011fl\u0131k Hizmetleri Ticaret Anonim \u015eirketi, sono trattati e trasferiti nella misura necessaria e richiesta nelle seguenti circostanze: esecuzione di un contratto, obblighi legali, protezione della salute pubblica, medicina preventiva, diagnosi medica, servizi di trattamento e cura, nonch\u00e9 per la pianificazione e la gestione dei servizi sanitari e il loro finanziamento.<\/p>\n\n\n\n<p>I tuoi dati personali, compresi i dati sanitari personali necessari per l'esecuzione di tutte le diagnosi mediche, esami, trattamenti e servizi di assistenza e ottenuti a tale scopo, sono elencati di seguito:<\/p>\n\n\n\n<ul class=\"wp-block-list\">\n<li><strong>Dati di identit\u00e0:<\/strong> Nome, cognome, numero ID turco, numero di passaporto o numero ID turco temporaneo (se non sei un cittadino turco), luogo e data di nascita, stato civile, sesso e altri dettagli di identit\u00e0 insieme a tutti i dati personali ottenuti dalla tua carta d'identit\u00e0 turca presentata o documenti di identit\u00e0 simili.<\/li>\n\n\n\n<li><strong>Dati di contatto:<\/strong> Indirizzo, numero di telefono, indirizzo e-mail e altre informazioni di comunicazione.<\/li>\n\n\n\n<li><strong>Dati finanziari:<\/strong> numero di conto bancario, numero IBAN, ecc.<\/li>\n\n\n\n<li><strong>Dati sanitari:<\/strong> informazioni mediche come i risultati di laboratorio e di imaging, i risultati dei test, i dati degli esami, i dettagli della prescrizione e altri dati relativi alla diagnosi medica, al trattamento e alle cure ottenute durante la fornitura di servizi sanitari. Inoltre, le risposte e i feedback che hai condiviso per valutare i nostri servizi.<\/li>\n\n\n\n<li><strong>Dati digitali:<\/strong> registrazioni audio e video acquisite attraverso il sistema di telecamere durante la visita ai nostri ospedali e registrazioni vocali delle chiamate con il nostro call center.<\/li>\n\n\n\n<li><strong>Altro:<\/strong> Informazioni relative all'assicurazione sanitaria privata e all'istituto di previdenza sociale per il finanziamento e la pianificazione dei servizi sanitari, dati di navigazione ottenuti durante l'utilizzo del nostro sito Web e dell'applicazione mobile, come indirizzo IP, informazioni sul browser e documenti medici, sondaggi, informazioni sui moduli e dati sulla posizione che hai fornito volontariamente.<\/li>\n<\/ul>\n\n\n\n<p>La informiamo che i Suoi dati personali e sensibili di cui sopra potranno essere trattati per le seguenti finalit\u00e0:<\/p>\n\n\n\n<ul class=\"wp-block-list\">\n<li>Proteggere la salute pubblica, la medicina preventiva, la diagnosi medica, il trattamento e i servizi di assistenza;<\/li>\n\n\n\n<li>Condivisione delle informazioni richieste con il Ministero della Salute e altre istituzioni pubbliche in conformit\u00e0 con la legislazione pertinente;<\/li>\n\n\n\n<li>Conformit\u00e0 ai requisiti legali e normativi;<\/li>\n\n\n\n<li>Finanziare i servizi sanitari e coprire i costi diagnostici, di trattamento e di cura, condividendo le informazioni necessarie con le compagnie di assicurazione private per i controlli di ammissibilit\u00e0 nell'ambito dei servizi sanitari da parte dei servizi ai pazienti, degli affari finanziari e dei dipartimenti di marketing;<\/li>\n\n\n\n<li>Informarti sul tuo appuntamento attraverso il nostro Call Center e i canali digitali;<\/li>\n\n\n\n<li>Verifica della tua identit\u00e0 da parte dei servizi per i pazienti, del personale sanitario e dei dipartimenti del call Center;<\/li>\n\n\n\n<li>Pianificazione e gestione delle operazioni interne da parte della Direzione Ospedaliera;<\/li>\n\n\n\n<li>Analizzare i servizi sanitari per migliorare la qualit\u00e0, l'esperienza del paziente e i dipartimenti dei sistemi informativi;<\/li>\n\n\n\n<li>Monitoraggio e prevenzione di abusi o transazioni non autorizzate da parte dei reparti Audit e Sistemi informativi;<\/li>\n\n\n\n<li>Esecuzione di attivit\u00e0 di gestione del rischio e miglioramento della qualit\u00e0 da parte dei dipartimenti Qualit\u00e0, esperienza del paziente e Sistemi informativi;<\/li>\n\n\n\n<li>Fatturazione dei servizi da parte dei servizi per il paziente, degli affari finanziari e dei dipartimenti di marketing;<\/li>\n\n\n\n<li>Conferma del tuo rapporto con le istituzioni contrattate con l'ospedale dai servizi per i pazienti, dagli affari finanziari e dai dipartimenti di marketing;<\/li>\n\n\n\n<li>Rispondere a qualsiasi domanda o reclamo sui servizi sanitari forniti all'utente dalla Direzione dell'ospedale, dall'esperienza del paziente, dai diritti del paziente e dai dipartimenti del call Center;<\/li>\n\n\n\n<li>Adottare tutte le misure tecniche e amministrative necessarie per la sicurezza dei dati dei sistemi e delle applicazioni ospedaliere da parte dei dipartimenti di gestione e sistemi informativi ospedalieri;<\/li>\n\n\n\n<li>Fornire partecipazione e informazioni sulle campagne, progettare e fornire contenuti e vantaggi personalizzati attraverso i canali Web e mobile da parte dei reparti Marketing, Media, comunicazione e Call Center;<\/li>\n\n\n\n<li>Misurare, aumentare e ricercare la soddisfazione del paziente da parte della direzione dell'ospedale, dei diritti del paziente e dei dipartimenti di esperienza del paziente.<\/li>\n<\/ul>\n\n\n\n<p>La informiamo in dettaglio che i suddetti dati personali e sensibili potranno essere conservati in archivi fisici ed elettronici sotto la gestione di Dentaglobal e di fornitori di servizi esterni, con grande cura e nel rispetto delle norme di legge.<\/p>\n\n\n\n<p>Come parte del trasferimento dei Dati personali, i tuoi dati personali saranno condivisi con:<\/p>\n\n\n\n<ul class=\"wp-block-list\">\n<li>Ministero della Salute e subunit\u00e0 affiliate, centri di medicina di famiglia;<\/li>\n\n\n\n<li>L ' Istituto Sicurezza sociale;<\/li>\n\n\n\n<li>La Direzione Generale della Sicurezza e altre forze dell'ordine;<\/li>\n\n\n\n<li>Direzione Generale della Popolazione;<\/li>\n\n\n\n<li>L' Associazione Farmacisti turchi;<\/li>\n\n\n\n<li>Autorit\u00e0 giudiziarie;<\/li>\n\n\n\n<li>I vostri rappresentanti legali autorizzati;<\/li>\n\n\n\n<li>Compagnie di assicurazione private;<\/li>\n\n\n\n<li>Terze parti, inclusi i tuoi avvocati, consulenti fiscali e revisori con i quali ricevi servizi di consulenza;<\/li>\n\n\n\n<li>Altri ospedali a cui sei indirizzato o hai fatto domanda in modo indipendente;<\/li>\n\n\n\n<li>Agenzie di regolamentazione e vigilanza e autorit\u00e0 ufficiali;<\/li>\n\n\n\n<li>Fornitori, fornitori di servizi, fornitori di servizi di archiviazione e partner commerciali con cui collaboriamo o di cui beneficiamo.<\/li>\n<\/ul>\n\n\n\n<p>Modalit\u00e0 e base giuridica per la raccolta dei dati personali<br>La informiamo che i Suoi dati personali sono raccolti e trattati con mezzi verbali, scritti, visivi o elettronici, in quanto necessari per svolgere qualsiasi attivit\u00e0 commerciale relativa alle attivit\u00e0 di Dentaglobal nell'ambito delle norme di legge e per adempiere pienamente e adeguatamente agli obblighi contrattuali e legali di Dentaglobal.<\/p>\n\n\n\n<p>Dichiaro di aver letto e compreso l'informativa di cui sopra e sono consapevole che la base giuridica per la raccolta dei miei dati personali da parte di Dentaglobal \u00e8 la seguente:<\/p>\n\n\n\n<ul class=\"wp-block-list\">\n<li>Legge n. 6698 sulla protezione dei dati personali;<\/li>\n\n\n\n<li>Legge n. 3359 sui servizi sanitari di base;<\/li>\n\n\n\n<li>Il decreto legge n. 663 sull'organizzazione e i doveri del Ministero della Salute e delle istituzioni affiliate;<\/li>\n\n\n\n<li>Il Regolamento sul trattamento e la tutela della riservatezza dei dati sanitari personali;<\/li>\n\n\n\n<li>Regolamenti del Ministero della Salute e altre normative pertinenti.<\/li>\n<\/ul>\n\n\n\n<p>Inoltre, comprendo che ai sensi dell'articolo 6, paragrafo 3 della legge, i dati personali relativi alla salute e alla vita sessuale possono essere trattati senza il mio esplicito consenso solo da persone o istituzioni autorizzate vincolate da obblighi di riservatezza ai fini della tutela della salute pubblica, della medicina preventiva, della diagnosi medica, dei servizi di trattamento e cura, e della pianificazione e gestione dei servizi sanitari e del loro finanziamento.<\/p>\n\n\n\n<p>Diritti in materia di protezione dei dati personali<br>Sono stato informato dei miei diritti relativi al trattamento dei miei dati personali, tra cui:<\/p>\n\n\n\n<ul class=\"wp-block-list\">\n<li>Il diritto di sapere se i miei dati personali sono trattati;<\/li>\n\n\n\n<li>Il diritto di richiedere informazioni se i miei dati personali sono stati trattati;<\/li>\n\n\n\n<li>Accesso ai miei dati sanitari personali e richiesta di una copia;<\/li>\n\n\n\n<li>Il diritto di conoscere lo scopo del trattamento dei miei dati personali e se sono utilizzati in linea con tale scopo;<\/li>\n\n\n\n<li>Il diritto di conoscere i terzi a cui i miei dati personali vengono trasferiti sul territorio nazionale o all'estero;<\/li>\n\n\n\n<li>Il diritto di richiedere la rettifica dei dati personali incompleti o inesatti;<\/li>\n\n\n\n<li>Il diritto di richiedere la cancellazione o la distruzione dei miei dati personali;<\/li>\n\n\n\n<li>Il diritto di richiedere la notifica delle correzioni o cancellazioni dei miei dati personali a terzi che hanno ricevuto i miei dati;<\/li>\n\n\n\n<li>Il diritto di opporsi a qualsiasi risultato sfavorevole derivante dall'analisi esclusiva dei miei dati personali attraverso sistemi automatizzati;<\/li>\n\n\n\n<li>Il diritto di chiedere un risarcimento se subisco un danno a causa di un trattamento illecito dei miei dati personali.<\/li>\n<\/ul>\n","protected":false},"excerpt":{"rendered":"Testo di chiarimento e consenso per il trattamento dei Dati Personali Richiediamo il tuo consenso esplicito per quanto riguarda le questioni elencate di seguito, ad eccezione dei casi in cui i tuoi dati personali, come dettagliato nel Testo di chiarimento sul trattamento dei dati personali da parte di Dentaglobal Sa\u011fl\u0131k Hizmetleri Ticaret Anonim \u015eirketi, sono [&hellip;]","protected":false},"author":2,"featured_media":0,"parent":0,"menu_order":0,"comment_status":"closed","ping_status":"closed","template":"","meta":{"footnotes":""},"class_list":["post-5495","page","type-page","status-publish","hentry"],"yoast_head":"<!-- This site is optimized with the Yoast SEO plugin v27.5 - https:\/\/yoast.com\/product\/yoast-seo-wordpress\/ -->\n<title>Legge sulla protezione dei dati personali - Dentaglobal<\/title>\n<meta name=\"description\" content=\"Testo di chiarimento e consenso per il trattamento dei Dati Personali Richiediamo il tuo consenso esplicito per quanto riguarda le questioni elencate di\" \/>\n<meta name=\"robots\" content=\"index, follow, max-snippet:-1, max-image-preview:large, max-video-preview:-1\" \/>\n<link rel=\"canonical\" href=\"https:\/\/www.dentaglobal.com\/it\/law-on-the-protection-of-personal-data\/\" \/>\n<meta property=\"og:locale\" content=\"it_IT\" \/>\n<meta property=\"og:type\" content=\"article\" \/>\n<meta property=\"og:title\" content=\"Legge sulla protezione dei dati personali - Dentaglobal\" \/>\n<meta property=\"og:description\" content=\"Testo di chiarimento e consenso per il trattamento dei Dati Personali Richiediamo il tuo consenso esplicito per quanto riguarda le questioni elencate di\" \/>\n<meta property=\"og:url\" content=\"https:\/\/www.dentaglobal.com\/it\/law-on-the-protection-of-personal-data\/\" \/>\n<meta property=\"og:site_name\" content=\"Dentaglobal\" \/>\n<meta property=\"article:publisher\" content=\"https:\/\/www.facebook.com\/dentaglobal\" \/>\n<meta property=\"article:modified_time\" content=\"2025-07-23T10:02:03+00:00\" \/>\n<meta name=\"twitter:card\" content=\"summary_large_image\" \/>\n<meta name=\"twitter:label1\" content=\"Tempo di lettura stimato\" \/>\n\t<meta name=\"twitter:data1\" content=\"8 minuti\" \/>\n<script type=\"application\/ld+json\" class=\"yoast-schema-graph\">{\"@context\":\"https:\\\/\\\/schema.org\",\"@graph\":[{\"@type\":\"WebPage\",\"@id\":\"https:\\\/\\\/www.dentaglobal.com\\\/it\\\/law-on-the-protection-of-personal-data\\\/\",\"url\":\"https:\\\/\\\/www.dentaglobal.com\\\/it\\\/law-on-the-protection-of-personal-data\\\/\",\"name\":\"Legge sulla protezione dei dati personali - Dentaglobal\",\"isPartOf\":{\"@id\":\"https:\\\/\\\/www.dentaglobal.com\\\/it\\\/#website\"},\"datePublished\":\"2024-09-13T11:09:29+00:00\",\"dateModified\":\"2025-07-23T10:02:03+00:00\",\"description\":\"Testo di chiarimento e consenso per il trattamento dei Dati Personali Richiediamo il tuo consenso esplicito per quanto riguarda le questioni elencate di\",\"breadcrumb\":{\"@id\":\"https:\\\/\\\/www.dentaglobal.com\\\/it\\\/law-on-the-protection-of-personal-data\\\/#breadcrumb\"},\"inLanguage\":\"it-IT\",\"potentialAction\":[{\"@type\":\"ReadAction\",\"target\":[\"https:\\\/\\\/www.dentaglobal.com\\\/it\\\/law-on-the-protection-of-personal-data\\\/\"]}]},{\"@type\":\"BreadcrumbList\",\"@id\":\"https:\\\/\\\/www.dentaglobal.com\\\/it\\\/law-on-the-protection-of-personal-data\\\/#breadcrumb\",\"itemListElement\":[{\"@type\":\"ListItem\",\"position\":1,\"name\":\"Anasayfa\",\"item\":\"https:\\\/\\\/www.dentaglobal.com\\\/it\\\/\"},{\"@type\":\"ListItem\",\"position\":2,\"name\":\"Legge sulla protezione dei dati personali\"}]},{\"@type\":\"WebSite\",\"@id\":\"https:\\\/\\\/www.dentaglobal.com\\\/it\\\/#website\",\"url\":\"https:\\\/\\\/www.dentaglobal.com\\\/it\\\/\",\"name\":\"Dentaglobal Dental Clinic\",\"description\":\"Everyone Smiles in Same Language\",\"publisher\":{\"@id\":\"https:\\\/\\\/www.dentaglobal.com\\\/it\\\/#organization\"},\"potentialAction\":[{\"@type\":\"SearchAction\",\"target\":{\"@type\":\"EntryPoint\",\"urlTemplate\":\"https:\\\/\\\/www.dentaglobal.com\\\/it\\\/?s={search_term_string}\"},\"query-input\":{\"@type\":\"PropertyValueSpecification\",\"valueRequired\":true,\"valueName\":\"search_term_string\"}}],\"inLanguage\":\"it-IT\"},{\"@type\":\"Organization\",\"@id\":\"https:\\\/\\\/www.dentaglobal.com\\\/it\\\/#organization\",\"name\":\"Dentaglobal Dental Clinic\",\"url\":\"https:\\\/\\\/www.dentaglobal.com\\\/it\\\/\",\"logo\":{\"@type\":\"ImageObject\",\"inLanguage\":\"it-IT\",\"@id\":\"https:\\\/\\\/www.dentaglobal.com\\\/it\\\/#\\\/schema\\\/logo\\\/image\\\/\",\"url\":\"https:\\\/\\\/www.dentaglobal.com\\\/wp-content\\\/uploads\\\/2024\\\/10\\\/logo-en.png\",\"contentUrl\":\"https:\\\/\\\/www.dentaglobal.com\\\/wp-content\\\/uploads\\\/2024\\\/10\\\/logo-en.png\",\"width\":343,\"height\":73,\"caption\":\"Dentaglobal Dental Clinic\"},\"image\":{\"@id\":\"https:\\\/\\\/www.dentaglobal.com\\\/it\\\/#\\\/schema\\\/logo\\\/image\\\/\"},\"sameAs\":[\"https:\\\/\\\/www.facebook.com\\\/dentaglobal\",\"https:\\\/\\\/www.instagram.com\\\/dentaglobal\\\/\",\"https:\\\/\\\/www.youtube.com\\\/channel\\\/UCTIlJImKSlGyEHsrNxcosVQ\"]}]}<\/script>\n<!-- \/ Yoast SEO plugin. -->","yoast_head_json":{"title":"Legge sulla protezione dei dati personali - Dentaglobal","description":"Testo di chiarimento e consenso per il trattamento dei Dati Personali Richiediamo il tuo consenso esplicito per quanto riguarda le questioni elencate di","robots":{"index":"index","follow":"follow","max-snippet":"max-snippet:-1","max-image-preview":"max-image-preview:large","max-video-preview":"max-video-preview:-1"},"canonical":"https:\/\/www.dentaglobal.com\/it\/law-on-the-protection-of-personal-data\/","og_locale":"it_IT","og_type":"article","og_title":"Legge sulla protezione dei dati personali - Dentaglobal","og_description":"Testo di chiarimento e consenso per il trattamento dei Dati Personali Richiediamo il tuo consenso esplicito per quanto riguarda le questioni elencate di","og_url":"https:\/\/www.dentaglobal.com\/it\/law-on-the-protection-of-personal-data\/","og_site_name":"Dentaglobal","article_publisher":"https:\/\/www.facebook.com\/dentaglobal","article_modified_time":"2025-07-23T10:02:03+00:00","twitter_card":"summary_large_image","twitter_misc":{"Tempo di lettura stimato":"8 minuti"},"schema":{"@context":"https:\/\/schema.org","@graph":[{"@type":"WebPage","@id":"https:\/\/www.dentaglobal.com\/it\/law-on-the-protection-of-personal-data\/","url":"https:\/\/www.dentaglobal.com\/it\/law-on-the-protection-of-personal-data\/","name":"Legge sulla protezione dei dati personali - Dentaglobal","isPartOf":{"@id":"https:\/\/www.dentaglobal.com\/it\/#website"},"datePublished":"2024-09-13T11:09:29+00:00","dateModified":"2025-07-23T10:02:03+00:00","description":"Testo di chiarimento e consenso per il trattamento dei Dati Personali Richiediamo il tuo consenso esplicito per quanto riguarda le questioni elencate di","breadcrumb":{"@id":"https:\/\/www.dentaglobal.com\/it\/law-on-the-protection-of-personal-data\/#breadcrumb"},"inLanguage":"it-IT","potentialAction":[{"@type":"ReadAction","target":["https:\/\/www.dentaglobal.com\/it\/law-on-the-protection-of-personal-data\/"]}]},{"@type":"BreadcrumbList","@id":"https:\/\/www.dentaglobal.com\/it\/law-on-the-protection-of-personal-data\/#breadcrumb","itemListElement":[{"@type":"ListItem","position":1,"name":"Anasayfa","item":"https:\/\/www.dentaglobal.com\/it\/"},{"@type":"ListItem","position":2,"name":"Legge sulla protezione dei dati personali"}]},{"@type":"WebSite","@id":"https:\/\/www.dentaglobal.com\/it\/#website","url":"https:\/\/www.dentaglobal.com\/it\/","name":"Dentaglobal Dental Clinic","description":"Everyone Smiles in Same Language","publisher":{"@id":"https:\/\/www.dentaglobal.com\/it\/#organization"},"potentialAction":[{"@type":"SearchAction","target":{"@type":"EntryPoint","urlTemplate":"https:\/\/www.dentaglobal.com\/it\/?s={search_term_string}"},"query-input":{"@type":"PropertyValueSpecification","valueRequired":true,"valueName":"search_term_string"}}],"inLanguage":"it-IT"},{"@type":"Organization","@id":"https:\/\/www.dentaglobal.com\/it\/#organization","name":"Dentaglobal Dental Clinic","url":"https:\/\/www.dentaglobal.com\/it\/","logo":{"@type":"ImageObject","inLanguage":"it-IT","@id":"https:\/\/www.dentaglobal.com\/it\/#\/schema\/logo\/image\/","url":"https:\/\/www.dentaglobal.com\/wp-content\/uploads\/2024\/10\/logo-en.png","contentUrl":"https:\/\/www.dentaglobal.com\/wp-content\/uploads\/2024\/10\/logo-en.png","width":343,"height":73,"caption":"Dentaglobal Dental Clinic"},"image":{"@id":"https:\/\/www.dentaglobal.com\/it\/#\/schema\/logo\/image\/"},"sameAs":["https:\/\/www.facebook.com\/dentaglobal","https:\/\/www.instagram.com\/dentaglobal\/","https:\/\/www.youtube.com\/channel\/UCTIlJImKSlGyEHsrNxcosVQ"]}]}},"_links":{"self":[{"href":"https:\/\/www.dentaglobal.com\/it\/wp-json\/wp\/v2\/pages\/5495","targetHints":{"allow":["GET"]}}],"collection":[{"href":"https:\/\/www.dentaglobal.com\/it\/wp-json\/wp\/v2\/pages"}],"about":[{"href":"https:\/\/www.dentaglobal.com\/it\/wp-json\/wp\/v2\/types\/page"}],"author":[{"embeddable":true,"href":"https:\/\/www.dentaglobal.com\/it\/wp-json\/wp\/v2\/users\/2"}],"replies":[{"embeddable":true,"href":"https:\/\/www.dentaglobal.com\/it\/wp-json\/wp\/v2\/comments?post=5495"}],"version-history":[{"count":1,"href":"https:\/\/www.dentaglobal.com\/it\/wp-json\/wp\/v2\/pages\/5495\/revisions"}],"predecessor-version":[{"id":5516,"href":"https:\/\/www.dentaglobal.com\/it\/wp-json\/wp\/v2\/pages\/5495\/revisions\/5516"}],"wp:attachment":[{"href":"https:\/\/www.dentaglobal.com\/it\/wp-json\/wp\/v2\/media?parent=5495"}],"curies":[{"name":"wp","href":"https:\/\/api.w.org\/{rel}","templated":true}]}}