{"id":5442,"date":"2024-10-15T17:06:39","date_gmt":"2024-10-15T14:06:39","guid":{"rendered":"https:\/\/www.dentaglobal.com\/refer-a-friend\/"},"modified":"2025-07-23T10:52:25","modified_gmt":"2025-07-23T07:52:25","slug":"refer-a-friend","status":"publish","type":"page","link":"https:\/\/www.dentaglobal.com\/it\/refer-a-friend\/","title":{"rendered":"Segnala un amico"},"content":{"rendered":"\n<h1 class=\"wp-block-heading\" id=\"h-sblocca-ricompense-condividendo-la-cura\">Sblocca ricompense condividendo la cura!<\/h1>\n\n\n\n<p>Benvenuti a DENTAGLOBAL - dove l'assistenza sanitaria eccezionale incontra la gratitudine. Come un caro membro della nostra comunit\u00e0, la vostra fiducia significa il mondo per noi. Ora, siamo entusiasti di presentare un programma che restituisce a te e a coloro a cui tieni.<\/p>\n\n\n\n<p>Presentazione del nostro programma Invita un amico:<\/p>\n\n\n\n<p>Spargi la voce sulle tue esperienze positive con Dentaglobal \/ Hairglobal e guadagna premi esclusivi per te e i tuoi amici. E ' il nostro modo di dire grazie per essere parte della nostra famiglia allargata.<\/p>\n\n\n\n<p>Come funziona:<\/p>\n\n\n\n<p>Invita un amico: condividi il tuo link di riferimento unico con amici, familiari o parenti.<\/p>\n\n\n\n<p>Visitano: quando il tuo amico indicato pianifica e completa il loro primo appuntamento, entrambi vinci!<\/p>\n\n\n\n<p>Ottieni la ricompensa: ricevi \u20ac100 come segno del nostro apprezzamento e il tuo amico riceve \u20ac100 dalla sua prima visita o riceve un Lastminute.com Travel Gift Card del valore di \u20ac125 per la tua prossima avventura.<\/p>\n\n\n\n<p>Perch\u00e9 fare riferimento?<\/p>\n\n\n\n<p>Premi a bizzeffe: Guadagna \u20ac100 per ogni referral di successo-\u00e8 il nostro regalo di ringraziamento per te.<\/p>\n\n\n\n<p>Cura di prim'ordine: assicurati che i tuoi cari sperimentino la stessa cura eccezionale che ti aspetti.<\/p>\n\n\n\n<p>Costruire comunit\u00e0: aiutaci a creare una comunit\u00e0 pi\u00f9 sana e pi\u00f9 forte diffondendo la parola sui nostri servizi sanitari di fiducia.<\/p>\n\n\n\n<p>Inizia a condividere, inizia a guadagnare:<\/p>\n\n\n\n<p>Compila il modulo \"Presenta un amico\", guarda i premi mentre i tuoi amici e familiari sperimentano l'eccezionale cura di Dentaglobal.<\/p>\n","protected":false},"excerpt":{"rendered":"Sblocca ricompense condividendo la cura! Benvenuti a DENTAGLOBAL - dove l'assistenza sanitaria eccezionale incontra la gratitudine. Come un caro membro della nostra comunit\u00e0, la vostra fiducia significa il mondo per noi. Ora, siamo entusiasti di presentare un programma che restituisce a te e a coloro a cui tieni. Presentazione del nostro programma Invita un amico: [&hellip;]","protected":false},"author":2,"featured_media":5444,"parent":0,"menu_order":0,"comment_status":"closed","ping_status":"closed","template":"refer-friend.php","meta":{"footnotes":""},"class_list":["post-5442","page","type-page","status-publish","has-post-thumbnail","hentry"],"yoast_head":"<!-- This site is optimized with the Yoast SEO plugin v27.4 - https:\/\/yoast.com\/product\/yoast-seo-wordpress\/ -->\n<title>Segnala un amico - Dentaglobal<\/title>\n<meta name=\"description\" content=\"Sblocca ricompense condividendo la cura! Benvenuti a DENTAGLOBAL - dove l&#039;assistenza sanitaria eccezionale incontra la gratitudine. Come un caro membro\" \/>\n<meta name=\"robots\" content=\"index, follow, max-snippet:-1, max-image-preview:large, max-video-preview:-1\" \/>\n<link rel=\"canonical\" href=\"https:\/\/www.dentaglobal.com\/it\/refer-a-friend\/\" \/>\n<meta property=\"og:locale\" content=\"it_IT\" \/>\n<meta property=\"og:type\" content=\"article\" \/>\n<meta property=\"og:title\" content=\"Segnala un amico - Dentaglobal\" \/>\n<meta property=\"og:description\" content=\"Sblocca ricompense condividendo la cura! Benvenuti a DENTAGLOBAL - dove l&#039;assistenza sanitaria eccezionale incontra la gratitudine. Come un caro membro\" \/>\n<meta property=\"og:url\" content=\"https:\/\/www.dentaglobal.com\/it\/refer-a-friend\/\" \/>\n<meta property=\"og:site_name\" content=\"Dentaglobal\" \/>\n<meta property=\"article:publisher\" content=\"https:\/\/www.facebook.com\/dentaglobal\" \/>\n<meta property=\"article:modified_time\" content=\"2025-07-23T07:52:25+00:00\" \/>\n<meta property=\"og:image\" content=\"https:\/\/www.dentaglobal.com\/wp-content\/uploads\/2024\/10\/banner.jpeg\" \/>\n\t<meta property=\"og:image:width\" content=\"945\" \/>\n\t<meta property=\"og:image:height\" content=\"591\" \/>\n\t<meta property=\"og:image:type\" content=\"image\/jpeg\" \/>\n<meta name=\"twitter:card\" content=\"summary_large_image\" \/>\n<meta name=\"twitter:label1\" content=\"Tempo di lettura stimato\" \/>\n\t<meta name=\"twitter:data1\" content=\"2 minuti\" \/>\n<script type=\"application\/ld+json\" class=\"yoast-schema-graph\">{\"@context\":\"https:\\\/\\\/schema.org\",\"@graph\":[{\"@type\":\"WebPage\",\"@id\":\"https:\\\/\\\/www.dentaglobal.com\\\/it\\\/refer-a-friend\\\/\",\"url\":\"https:\\\/\\\/www.dentaglobal.com\\\/it\\\/refer-a-friend\\\/\",\"name\":\"Segnala un amico - Dentaglobal\",\"isPartOf\":{\"@id\":\"https:\\\/\\\/www.dentaglobal.com\\\/it\\\/#website\"},\"primaryImageOfPage\":{\"@id\":\"https:\\\/\\\/www.dentaglobal.com\\\/it\\\/refer-a-friend\\\/#primaryimage\"},\"image\":{\"@id\":\"https:\\\/\\\/www.dentaglobal.com\\\/it\\\/refer-a-friend\\\/#primaryimage\"},\"thumbnailUrl\":\"https:\\\/\\\/www.dentaglobal.com\\\/wp-content\\\/uploads\\\/2024\\\/10\\\/banner.jpeg\",\"datePublished\":\"2024-10-15T14:06:39+00:00\",\"dateModified\":\"2025-07-23T07:52:25+00:00\",\"description\":\"Sblocca ricompense condividendo la cura! Benvenuti a DENTAGLOBAL - dove l'assistenza sanitaria eccezionale incontra la gratitudine. Come un caro membro\",\"breadcrumb\":{\"@id\":\"https:\\\/\\\/www.dentaglobal.com\\\/it\\\/refer-a-friend\\\/#breadcrumb\"},\"inLanguage\":\"it-IT\",\"potentialAction\":[{\"@type\":\"ReadAction\",\"target\":[\"https:\\\/\\\/www.dentaglobal.com\\\/it\\\/refer-a-friend\\\/\"]}]},{\"@type\":\"ImageObject\",\"inLanguage\":\"it-IT\",\"@id\":\"https:\\\/\\\/www.dentaglobal.com\\\/it\\\/refer-a-friend\\\/#primaryimage\",\"url\":\"https:\\\/\\\/www.dentaglobal.com\\\/wp-content\\\/uploads\\\/2024\\\/10\\\/banner.jpeg\",\"contentUrl\":\"https:\\\/\\\/www.dentaglobal.com\\\/wp-content\\\/uploads\\\/2024\\\/10\\\/banner.jpeg\",\"width\":945,\"height\":591},{\"@type\":\"BreadcrumbList\",\"@id\":\"https:\\\/\\\/www.dentaglobal.com\\\/it\\\/refer-a-friend\\\/#breadcrumb\",\"itemListElement\":[{\"@type\":\"ListItem\",\"position\":1,\"name\":\"Anasayfa\",\"item\":\"https:\\\/\\\/www.dentaglobal.com\\\/it\\\/\"},{\"@type\":\"ListItem\",\"position\":2,\"name\":\"Segnala un amico\"}]},{\"@type\":\"WebSite\",\"@id\":\"https:\\\/\\\/www.dentaglobal.com\\\/it\\\/#website\",\"url\":\"https:\\\/\\\/www.dentaglobal.com\\\/it\\\/\",\"name\":\"Dentaglobal Dental Clinic\",\"description\":\"Everyone Smiles in Same Language\",\"publisher\":{\"@id\":\"https:\\\/\\\/www.dentaglobal.com\\\/it\\\/#organization\"},\"potentialAction\":[{\"@type\":\"SearchAction\",\"target\":{\"@type\":\"EntryPoint\",\"urlTemplate\":\"https:\\\/\\\/www.dentaglobal.com\\\/it\\\/?s={search_term_string}\"},\"query-input\":{\"@type\":\"PropertyValueSpecification\",\"valueRequired\":true,\"valueName\":\"search_term_string\"}}],\"inLanguage\":\"it-IT\"},{\"@type\":\"Organization\",\"@id\":\"https:\\\/\\\/www.dentaglobal.com\\\/it\\\/#organization\",\"name\":\"Dentaglobal Dental Clinic\",\"url\":\"https:\\\/\\\/www.dentaglobal.com\\\/it\\\/\",\"logo\":{\"@type\":\"ImageObject\",\"inLanguage\":\"it-IT\",\"@id\":\"https:\\\/\\\/www.dentaglobal.com\\\/it\\\/#\\\/schema\\\/logo\\\/image\\\/\",\"url\":\"https:\\\/\\\/www.dentaglobal.com\\\/wp-content\\\/uploads\\\/2024\\\/10\\\/logo-en.png\",\"contentUrl\":\"https:\\\/\\\/www.dentaglobal.com\\\/wp-content\\\/uploads\\\/2024\\\/10\\\/logo-en.png\",\"width\":343,\"height\":73,\"caption\":\"Dentaglobal Dental Clinic\"},\"image\":{\"@id\":\"https:\\\/\\\/www.dentaglobal.com\\\/it\\\/#\\\/schema\\\/logo\\\/image\\\/\"},\"sameAs\":[\"https:\\\/\\\/www.facebook.com\\\/dentaglobal\",\"https:\\\/\\\/www.instagram.com\\\/dentaglobal\\\/\",\"https:\\\/\\\/www.youtube.com\\\/channel\\\/UCTIlJImKSlGyEHsrNxcosVQ\"]}]}<\/script>\n<!-- \/ Yoast SEO plugin. -->","yoast_head_json":{"title":"Segnala un amico - Dentaglobal","description":"Sblocca ricompense condividendo la cura! Benvenuti a DENTAGLOBAL - dove l'assistenza sanitaria eccezionale incontra la gratitudine. Come un caro membro","robots":{"index":"index","follow":"follow","max-snippet":"max-snippet:-1","max-image-preview":"max-image-preview:large","max-video-preview":"max-video-preview:-1"},"canonical":"https:\/\/www.dentaglobal.com\/it\/refer-a-friend\/","og_locale":"it_IT","og_type":"article","og_title":"Segnala un amico - Dentaglobal","og_description":"Sblocca ricompense condividendo la cura! Benvenuti a DENTAGLOBAL - dove l'assistenza sanitaria eccezionale incontra la gratitudine. Come un caro membro","og_url":"https:\/\/www.dentaglobal.com\/it\/refer-a-friend\/","og_site_name":"Dentaglobal","article_publisher":"https:\/\/www.facebook.com\/dentaglobal","article_modified_time":"2025-07-23T07:52:25+00:00","og_image":[{"width":945,"height":591,"url":"https:\/\/www.dentaglobal.com\/wp-content\/uploads\/2024\/10\/banner.jpeg","type":"image\/jpeg"}],"twitter_card":"summary_large_image","twitter_misc":{"Tempo di lettura stimato":"2 minuti"},"schema":{"@context":"https:\/\/schema.org","@graph":[{"@type":"WebPage","@id":"https:\/\/www.dentaglobal.com\/it\/refer-a-friend\/","url":"https:\/\/www.dentaglobal.com\/it\/refer-a-friend\/","name":"Segnala un amico - Dentaglobal","isPartOf":{"@id":"https:\/\/www.dentaglobal.com\/it\/#website"},"primaryImageOfPage":{"@id":"https:\/\/www.dentaglobal.com\/it\/refer-a-friend\/#primaryimage"},"image":{"@id":"https:\/\/www.dentaglobal.com\/it\/refer-a-friend\/#primaryimage"},"thumbnailUrl":"https:\/\/www.dentaglobal.com\/wp-content\/uploads\/2024\/10\/banner.jpeg","datePublished":"2024-10-15T14:06:39+00:00","dateModified":"2025-07-23T07:52:25+00:00","description":"Sblocca ricompense condividendo la cura! Benvenuti a DENTAGLOBAL - dove l'assistenza sanitaria eccezionale incontra la gratitudine. Come un caro membro","breadcrumb":{"@id":"https:\/\/www.dentaglobal.com\/it\/refer-a-friend\/#breadcrumb"},"inLanguage":"it-IT","potentialAction":[{"@type":"ReadAction","target":["https:\/\/www.dentaglobal.com\/it\/refer-a-friend\/"]}]},{"@type":"ImageObject","inLanguage":"it-IT","@id":"https:\/\/www.dentaglobal.com\/it\/refer-a-friend\/#primaryimage","url":"https:\/\/www.dentaglobal.com\/wp-content\/uploads\/2024\/10\/banner.jpeg","contentUrl":"https:\/\/www.dentaglobal.com\/wp-content\/uploads\/2024\/10\/banner.jpeg","width":945,"height":591},{"@type":"BreadcrumbList","@id":"https:\/\/www.dentaglobal.com\/it\/refer-a-friend\/#breadcrumb","itemListElement":[{"@type":"ListItem","position":1,"name":"Anasayfa","item":"https:\/\/www.dentaglobal.com\/it\/"},{"@type":"ListItem","position":2,"name":"Segnala un amico"}]},{"@type":"WebSite","@id":"https:\/\/www.dentaglobal.com\/it\/#website","url":"https:\/\/www.dentaglobal.com\/it\/","name":"Dentaglobal Dental Clinic","description":"Everyone Smiles in Same Language","publisher":{"@id":"https:\/\/www.dentaglobal.com\/it\/#organization"},"potentialAction":[{"@type":"SearchAction","target":{"@type":"EntryPoint","urlTemplate":"https:\/\/www.dentaglobal.com\/it\/?s={search_term_string}"},"query-input":{"@type":"PropertyValueSpecification","valueRequired":true,"valueName":"search_term_string"}}],"inLanguage":"it-IT"},{"@type":"Organization","@id":"https:\/\/www.dentaglobal.com\/it\/#organization","name":"Dentaglobal Dental Clinic","url":"https:\/\/www.dentaglobal.com\/it\/","logo":{"@type":"ImageObject","inLanguage":"it-IT","@id":"https:\/\/www.dentaglobal.com\/it\/#\/schema\/logo\/image\/","url":"https:\/\/www.dentaglobal.com\/wp-content\/uploads\/2024\/10\/logo-en.png","contentUrl":"https:\/\/www.dentaglobal.com\/wp-content\/uploads\/2024\/10\/logo-en.png","width":343,"height":73,"caption":"Dentaglobal Dental Clinic"},"image":{"@id":"https:\/\/www.dentaglobal.com\/it\/#\/schema\/logo\/image\/"},"sameAs":["https:\/\/www.facebook.com\/dentaglobal","https:\/\/www.instagram.com\/dentaglobal\/","https:\/\/www.youtube.com\/channel\/UCTIlJImKSlGyEHsrNxcosVQ"]}]}},"_links":{"self":[{"href":"https:\/\/www.dentaglobal.com\/it\/wp-json\/wp\/v2\/pages\/5442","targetHints":{"allow":["GET"]}}],"collection":[{"href":"https:\/\/www.dentaglobal.com\/it\/wp-json\/wp\/v2\/pages"}],"about":[{"href":"https:\/\/www.dentaglobal.com\/it\/wp-json\/wp\/v2\/types\/page"}],"author":[{"embeddable":true,"href":"https:\/\/www.dentaglobal.com\/it\/wp-json\/wp\/v2\/users\/2"}],"replies":[{"embeddable":true,"href":"https:\/\/www.dentaglobal.com\/it\/wp-json\/wp\/v2\/comments?post=5442"}],"version-history":[{"count":1,"href":"https:\/\/www.dentaglobal.com\/it\/wp-json\/wp\/v2\/pages\/5442\/revisions"}],"predecessor-version":[{"id":5482,"href":"https:\/\/www.dentaglobal.com\/it\/wp-json\/wp\/v2\/pages\/5442\/revisions\/5482"}],"wp:featuredmedia":[{"embeddable":true,"href":"https:\/\/www.dentaglobal.com\/it\/wp-json\/wp\/v2\/media\/5444"}],"wp:attachment":[{"href":"https:\/\/www.dentaglobal.com\/it\/wp-json\/wp\/v2\/media?parent=5442"}],"curies":[{"name":"wp","href":"https:\/\/api.w.org\/{rel}","templated":true}]}}