{"id":5432,"date":"2024-10-17T11:12:15","date_gmt":"2024-10-17T08:12:15","guid":{"rendered":"https:\/\/www.dentaglobal.com\/personal-data-protection-law\/"},"modified":"2025-07-21T18:56:10","modified_gmt":"2025-07-21T15:56:10","slug":"personal-data-protection-law","status":"publish","type":"page","link":"https:\/\/www.dentaglobal.com\/it\/personal-data-protection-law\/","title":{"rendered":"Legge sulla protezione dei dati personali"},"content":{"rendered":"\n<p>IDENTIT\u00c0 DEL TITOLARE DEL TRATTAMENTO<\/p>\n\n\n\n<p>I tuoi dati personali possono essere trattati da Denta Global \u00d6zel Sa\u011fl\u0131k Hizmetleri A. \u015e.&nbsp;(\"Azienda\").&nbsp;(\"Societ\u00e0 \"o\" Denta Global\") in conformit\u00e0 con la Legge sulla protezione dei dati personali n.6698 (\"Legge PDP\") e il Regolamento generale sulla protezione dei dati (n.: 2016\/679) (\"GDPR\") nell'ambito descritto di seguito.<\/p>\n\n\n\n<p>FINALIT\u00c0 DEL TRATTAMENTO DEI DATI PERSONALI E CAUSA LEGALE<\/p>\n\n\n\n<p>I tuoi dati personali sono trattati in conformit\u00e0 alla legge PDP, ai regolamenti secondari e al GDPR per le seguenti finalit\u00e0 e cause legali:<\/p>\n\n\n\n<p>Obblighi legali: I tuoi dati personali possono essere trattati, trasferiti e conservati per il periodo previsto dalla legislazione pertinente o richiesto per lo scopo se richiesto da qualsiasi disposizione legislativa a cui la Societ\u00e0 \u00e8 soggetta, in base alla causa legale specificata nella disposizione dell'articolo 5\/2 (\u00e7) della legge PDP o GDPR (articolo 6-1\/c).<\/p>\n\n\n\n<p>Risoluzione delle controversie: I tuoi dati personali sono trattati al fine di dimostrare che le transazioni sono effettuate in conformit\u00e0 con la legge e che gli obblighi legali sono adempiuti e per risolvere le controversie e possono essere condivisi con le autorit\u00e0 legali competenti in base al motivo legale per l'istituzione, l'uso o la protezione di un diritto specificato nella disposizione dell'articolo 5\/2 (e) della legge PDP o GDPR (articolo 6-1\/e).<\/p>\n\n\n\n<p>Processo contrattuale: I Suoi dati personali sono trattati ai fini dell'instaurazione o dell'esecuzione di contratti di cui la nostra societ\u00e0 \u00e8 parte e ai fini della domanda, dell'offerta, dell'acquisto e della vendita, del pagamento, della finanza e della contabilit\u00e0 e possono essere conservati per il periodo previsto dalla legislazione pertinente o richiesto per lo scopo in base al motivo legale per l'instaurazione o l'esecuzione di un contratto specificato nell'articolo 5\/2 (c) della legge PDP o GDPR (articolo 6 -1\/b).<\/p>\n\n\n\n<p>Migliorare i servizi e la soddisfazione del cliente: I tuoi dati personali vengono trattati per valutare i tuoi reclami e suggerimenti e per intraprendere azioni per aumentare la soddisfazione del cliente e la qualit\u00e0 del servizio, per migliorare i servizi e per fornire comunicazioni per la soddisfazione del cliente sulla base dei motivi legali del legittimo interesse regolato dall'articolo 5\/2 (f) della legge PDP e dall'articolo 6 (1\/f) del GDPR.<\/p>\n\n\n\n<p>Marketing \/ Pubblicit\u00e0: La societ\u00e0 pu\u00f2 utilizzare i tuoi dati personali per varie attivit\u00e0 pubblicitarie e di marketing, sulla base del consenso esplicito causa legale specificato nella legge PDP articolo 5\/1 e GDPR (articolo 6-1\/a), se fornisci il tuo consenso esplicito. In questo contesto, i tuoi dati personali possono essere trattati allo scopo di creare un record di potenziali clienti, informarti su campagne e opportunit\u00e0, svolgere attivit\u00e0 di profilazione, targeting e pubblicit\u00e0 e presentare le offerte pi\u00f9 appropriate alle tue preferenze e ai tuoi mi piace passati. I tuoi dati personali non saranno trattati per queste finalit\u00e0 nei casi in cui non acconsenti ad attivit\u00e0 di marketing o revochi il tuo consenso.<\/p>\n\n\n\n<p>Invio di Messaggi Elettronici commerciali: La societ\u00e0 potr\u00e0 trattare i Suoi dati personali per finalit\u00e0 di promozione, comunicazione, pubblicit\u00e0, marketing, vendite, messaggi elettronici commerciali con contenuto di campagna, ecc. per tutti i tipi di prodotti e servizi con l'approvazione del messaggio elettronico commerciale ottenuto da canali fisici o digitali sulla base del motivo legale di consenso esplicito specificato nella legge PDP Art. 5 \/ 1 e GDPR (articolo 6 -1\/a).<\/p>\n\n\n\n<p>TRASFERIMENTO DEI DATI PERSONALI<\/p>\n\n\n\n<p>I dati personali raccolti possono essere trasferiti ai seguenti gruppi di persone per le finalit\u00e0 sopra elencate e nel quadro dei principi di trattamento dei dati personali specificati negli articoli 8 e 9 della legge n.6698 e nell'articolo 5 del GDPR.<\/p>\n\n\n\n<p>I tuoi dati personali possono essere condivisi con la banca competente per le necessarie operazioni di pagamento e riscossione nell'ambito dell'istituzione e dell'esecuzione del contratto soggetto al trattamento dei tuoi dati personali.<\/p>\n\n\n\n<p>I tuoi dati personali potranno essere condivisi con studi di consulenza finanziaria e legale e altri consulenti al fine di ottenere supporto legale nell'ambito dell'istituzione, dell'esercizio e della tutela dei diritti della nostra societ\u00e0 nell'ambito dell'adempimento degli obblighi legali della nostra societ\u00e0 quando necessario, con tribunali e istituzioni pubbliche e organizzazioni che richiedono informazioni.<\/p>\n\n\n\n<p>I Suoi dati personali possono essere condivisi con societ\u00e0 del gruppo, societ\u00e0 di archiviazione, societ\u00e0 di revisione nell'ambito del legittimo interesse della nostra societ\u00e0, al fine di garantire la soddisfazione del cliente e svolgere processi di standard di qualit\u00e0, svolgere attivit\u00e0 operative interne, svolgere affari finanziari e contabili, svolgere attivit\u00e0 di indagine di audit interno e svolgere processi di archiviazione e archiviazione, a condizione che non ledano i Suoi diritti e libert\u00e0 fondamentali; con i nostri fornitori pertinenti nell'ambito dell'adempimento del contratto.<\/p>\n\n\n\n<p>Qualora Lei abbia prestato il Suo consenso al trattamento dei Suoi dati personali ai fini dello svolgimento di attivit\u00e0 di marketing, profilazione e pubblicit\u00e0, \u00e8 possibile trasferire i dati ai nostri fornitori che svolgono le suddette attivit\u00e0 per conto della Societ\u00e0.<\/p>\n\n\n\n<p>MODALIT\u00c0 DI RACCOLTA DEI DATI PERSONALI<\/p>\n\n\n\n<p>La Societ\u00e0 pu\u00f2 raccogliere i tuoi dati personali elettronicamente tramite telefono cellulare, canali e-mail e moduli di contatto sul sito Web nell'ambito dei servizi che ti offre e per le finalit\u00e0 del trattamento dei dati sopra menzionate.<\/p>\n\n\n\n<p>MEMORIZZAZIONE DEI DATI PERSONALI<\/p>\n\n\n\n<p>I tuoi dati personali sono conservati in base alle disposizioni di cui alle clausole (c), (\u00e7) e (f) dell'articolo 5 della legge PDP e in conformit\u00e0 con i principi generali specificati nell'articolo 4 della legge PDP; sono conservati tenendo conto dei periodi specificati nella Politica di cancellazione e distruzione regolata in conformit\u00e0 con l'articolo 7 della legge PDP e distrutti entro il periodo di distruzione.<\/p>\n\n\n\n<p>I TUOI DIRITTI IN QUALIT\u00c0 DI INTERESSATO<\/p>\n\n\n\n<p>In qualit\u00e0 di interessati, se inoltrate alla nostra Societ\u00e0 le vostre richieste relative ai vostri diritti elencati all'articolo 11 del PDPL con le modalit\u00e0 di seguito indicate nel presente Obbligo Informativo e Comunicato sulle Procedure e i Principi di Applicazione al Titolare del trattamento, la nostra societ\u00e0 concluder\u00e0 la richiesta gratuitamente entro trenta giorni, a seconda della sua natura. Tuttavia, se una tassa \u00e8 stabilita dall'Autorit\u00e0 per la protezione dei dati personali, la tassa nella tariffa determinata sar\u00e0 addebitata dalla nostra Azienda. In questo contesto, \u00e8 possibile applicare per iscritto alla Societ\u00e0 sul nostro sito web, come l'interessato, avete i diritti;<\/p>\n\n\n\n<p>per sapere se i tuoi dati personali sono trattati o meno,<\/p>\n\n\n\n<p>per richiedere informazioni su se i tuoi dati personali sono stati elaborati,<\/p>\n\n\n\n<p>per conoscere lo scopo del trattamento dei tuoi dati personali e se questi dati personali sono utilizzati in conformit\u00e0 con lo scopo,<\/p>\n\n\n\n<p>conoscere le terze parti a cui i tuoi dati personali vengono trasferiti nel paese o all'estero,<\/p>\n\n\n\n<p>richiedere la rettifica dei dati incompleti o inesatti, se presenti, e richiedere la notifica della transazione in questo contesto a terzi a cui vengono trasferiti i tuoi dati personali,<\/p>\n\n\n\n<p>richiedere la cancellazione o la distruzione dei tuoi dati personali se i motivi che richiedono il loro trattamento scompaiono e richiedere la notifica della transazione in questo contesto a terzi a cui vengono trasferiti i tuoi dati personali, sebbene siano stati trattati in conformit\u00e0 con le disposizioni di PDPL e altre leggi pertinenti,<\/p>\n\n\n\n<p>opporsi al verificarsi di un risultato nei propri confronti analizzando i dati trattati esclusivamente attraverso sistemi automatizzati,,<\/p>\n\n\n\n<p>richiedere il risarcimento del danno derivante dal trattamento illecito dei Suoi dati personali<\/p>\n","protected":false},"excerpt":{"rendered":"IDENTIT\u00c0 DEL TITOLARE DEL TRATTAMENTO I tuoi dati personali possono essere trattati da Denta Global \u00d6zel Sa\u011fl\u0131k Hizmetleri A. \u015e.&nbsp;(\"Azienda\").&nbsp;(\"Societ\u00e0 \"o\" Denta Global\") in conformit\u00e0 con la Legge sulla protezione dei dati personali n.6698 (\"Legge PDP\") e il Regolamento generale sulla protezione dei dati (n.: 2016\/679) (\"GDPR\") nell'ambito descritto di seguito. FINALIT\u00c0 DEL TRATTAMENTO DEI [&hellip;]","protected":false},"author":2,"featured_media":0,"parent":0,"menu_order":0,"comment_status":"closed","ping_status":"closed","template":"","meta":{"footnotes":""},"class_list":["post-5432","page","type-page","status-publish","hentry"],"yoast_head":"<!-- This site is optimized with the Yoast SEO plugin v27.4 - https:\/\/yoast.com\/product\/yoast-seo-wordpress\/ -->\n<title>Legge sulla protezione dei dati personali - Dentaglobal<\/title>\n<meta name=\"description\" content=\"IDENTIT\u00c0 DEL TITOLARE DEL TRATTAMENTO I tuoi dati personali possono essere trattati da Denta Global \u00d6zel Sa\u011fl\u0131k Hizmetleri A.\" \/>\n<meta name=\"robots\" content=\"index, follow, max-snippet:-1, max-image-preview:large, max-video-preview:-1\" \/>\n<link rel=\"canonical\" href=\"https:\/\/www.dentaglobal.com\/it\/personal-data-protection-law\/\" \/>\n<meta property=\"og:locale\" content=\"it_IT\" \/>\n<meta property=\"og:type\" content=\"article\" \/>\n<meta property=\"og:title\" content=\"Legge sulla protezione dei dati personali - Dentaglobal\" \/>\n<meta property=\"og:description\" content=\"IDENTIT\u00c0 DEL TITOLARE DEL TRATTAMENTO I tuoi dati personali possono essere trattati da Denta Global \u00d6zel Sa\u011fl\u0131k Hizmetleri A.\" \/>\n<meta property=\"og:url\" content=\"https:\/\/www.dentaglobal.com\/it\/personal-data-protection-law\/\" \/>\n<meta property=\"og:site_name\" content=\"Dentaglobal\" \/>\n<meta property=\"article:publisher\" content=\"https:\/\/www.facebook.com\/dentaglobal\" \/>\n<meta property=\"article:modified_time\" content=\"2025-07-21T15:56:10+00:00\" \/>\n<meta name=\"twitter:card\" content=\"summary_large_image\" \/>\n<meta name=\"twitter:label1\" content=\"Tempo di lettura stimato\" \/>\n\t<meta name=\"twitter:data1\" content=\"8 minuti\" \/>\n<script type=\"application\/ld+json\" class=\"yoast-schema-graph\">{\"@context\":\"https:\\\/\\\/schema.org\",\"@graph\":[{\"@type\":\"WebPage\",\"@id\":\"https:\\\/\\\/www.dentaglobal.com\\\/it\\\/personal-data-protection-law\\\/\",\"url\":\"https:\\\/\\\/www.dentaglobal.com\\\/it\\\/personal-data-protection-law\\\/\",\"name\":\"Legge sulla protezione dei dati personali - Dentaglobal\",\"isPartOf\":{\"@id\":\"https:\\\/\\\/www.dentaglobal.com\\\/it\\\/#website\"},\"datePublished\":\"2024-10-17T08:12:15+00:00\",\"dateModified\":\"2025-07-21T15:56:10+00:00\",\"description\":\"IDENTIT\u00c0 DEL TITOLARE DEL TRATTAMENTO I tuoi dati personali possono essere trattati da Denta Global \u00d6zel Sa\u011fl\u0131k Hizmetleri A.\",\"breadcrumb\":{\"@id\":\"https:\\\/\\\/www.dentaglobal.com\\\/it\\\/personal-data-protection-law\\\/#breadcrumb\"},\"inLanguage\":\"it-IT\",\"potentialAction\":[{\"@type\":\"ReadAction\",\"target\":[\"https:\\\/\\\/www.dentaglobal.com\\\/it\\\/personal-data-protection-law\\\/\"]}]},{\"@type\":\"BreadcrumbList\",\"@id\":\"https:\\\/\\\/www.dentaglobal.com\\\/it\\\/personal-data-protection-law\\\/#breadcrumb\",\"itemListElement\":[{\"@type\":\"ListItem\",\"position\":1,\"name\":\"Anasayfa\",\"item\":\"https:\\\/\\\/www.dentaglobal.com\\\/it\\\/\"},{\"@type\":\"ListItem\",\"position\":2,\"name\":\"Legge sulla protezione dei dati personali\"}]},{\"@type\":\"WebSite\",\"@id\":\"https:\\\/\\\/www.dentaglobal.com\\\/it\\\/#website\",\"url\":\"https:\\\/\\\/www.dentaglobal.com\\\/it\\\/\",\"name\":\"Dentaglobal Dental Clinic\",\"description\":\"Everyone Smiles in Same Language\",\"publisher\":{\"@id\":\"https:\\\/\\\/www.dentaglobal.com\\\/it\\\/#organization\"},\"potentialAction\":[{\"@type\":\"SearchAction\",\"target\":{\"@type\":\"EntryPoint\",\"urlTemplate\":\"https:\\\/\\\/www.dentaglobal.com\\\/it\\\/?s={search_term_string}\"},\"query-input\":{\"@type\":\"PropertyValueSpecification\",\"valueRequired\":true,\"valueName\":\"search_term_string\"}}],\"inLanguage\":\"it-IT\"},{\"@type\":\"Organization\",\"@id\":\"https:\\\/\\\/www.dentaglobal.com\\\/it\\\/#organization\",\"name\":\"Dentaglobal Dental Clinic\",\"url\":\"https:\\\/\\\/www.dentaglobal.com\\\/it\\\/\",\"logo\":{\"@type\":\"ImageObject\",\"inLanguage\":\"it-IT\",\"@id\":\"https:\\\/\\\/www.dentaglobal.com\\\/it\\\/#\\\/schema\\\/logo\\\/image\\\/\",\"url\":\"https:\\\/\\\/www.dentaglobal.com\\\/wp-content\\\/uploads\\\/2024\\\/10\\\/logo-en.png\",\"contentUrl\":\"https:\\\/\\\/www.dentaglobal.com\\\/wp-content\\\/uploads\\\/2024\\\/10\\\/logo-en.png\",\"width\":343,\"height\":73,\"caption\":\"Dentaglobal Dental Clinic\"},\"image\":{\"@id\":\"https:\\\/\\\/www.dentaglobal.com\\\/it\\\/#\\\/schema\\\/logo\\\/image\\\/\"},\"sameAs\":[\"https:\\\/\\\/www.facebook.com\\\/dentaglobal\",\"https:\\\/\\\/www.instagram.com\\\/dentaglobal\\\/\",\"https:\\\/\\\/www.youtube.com\\\/channel\\\/UCTIlJImKSlGyEHsrNxcosVQ\"]}]}<\/script>\n<!-- \/ Yoast SEO plugin. -->","yoast_head_json":{"title":"Legge sulla protezione dei dati personali - Dentaglobal","description":"IDENTIT\u00c0 DEL TITOLARE DEL TRATTAMENTO I tuoi dati personali possono essere trattati da Denta Global \u00d6zel Sa\u011fl\u0131k Hizmetleri A.","robots":{"index":"index","follow":"follow","max-snippet":"max-snippet:-1","max-image-preview":"max-image-preview:large","max-video-preview":"max-video-preview:-1"},"canonical":"https:\/\/www.dentaglobal.com\/it\/personal-data-protection-law\/","og_locale":"it_IT","og_type":"article","og_title":"Legge sulla protezione dei dati personali - Dentaglobal","og_description":"IDENTIT\u00c0 DEL TITOLARE DEL TRATTAMENTO I tuoi dati personali possono essere trattati da Denta Global \u00d6zel Sa\u011fl\u0131k Hizmetleri A.","og_url":"https:\/\/www.dentaglobal.com\/it\/personal-data-protection-law\/","og_site_name":"Dentaglobal","article_publisher":"https:\/\/www.facebook.com\/dentaglobal","article_modified_time":"2025-07-21T15:56:10+00:00","twitter_card":"summary_large_image","twitter_misc":{"Tempo di lettura stimato":"8 minuti"},"schema":{"@context":"https:\/\/schema.org","@graph":[{"@type":"WebPage","@id":"https:\/\/www.dentaglobal.com\/it\/personal-data-protection-law\/","url":"https:\/\/www.dentaglobal.com\/it\/personal-data-protection-law\/","name":"Legge sulla protezione dei dati personali - Dentaglobal","isPartOf":{"@id":"https:\/\/www.dentaglobal.com\/it\/#website"},"datePublished":"2024-10-17T08:12:15+00:00","dateModified":"2025-07-21T15:56:10+00:00","description":"IDENTIT\u00c0 DEL TITOLARE DEL TRATTAMENTO I tuoi dati personali possono essere trattati da Denta Global \u00d6zel Sa\u011fl\u0131k Hizmetleri A.","breadcrumb":{"@id":"https:\/\/www.dentaglobal.com\/it\/personal-data-protection-law\/#breadcrumb"},"inLanguage":"it-IT","potentialAction":[{"@type":"ReadAction","target":["https:\/\/www.dentaglobal.com\/it\/personal-data-protection-law\/"]}]},{"@type":"BreadcrumbList","@id":"https:\/\/www.dentaglobal.com\/it\/personal-data-protection-law\/#breadcrumb","itemListElement":[{"@type":"ListItem","position":1,"name":"Anasayfa","item":"https:\/\/www.dentaglobal.com\/it\/"},{"@type":"ListItem","position":2,"name":"Legge sulla protezione dei dati personali"}]},{"@type":"WebSite","@id":"https:\/\/www.dentaglobal.com\/it\/#website","url":"https:\/\/www.dentaglobal.com\/it\/","name":"Dentaglobal Dental Clinic","description":"Everyone Smiles in Same Language","publisher":{"@id":"https:\/\/www.dentaglobal.com\/it\/#organization"},"potentialAction":[{"@type":"SearchAction","target":{"@type":"EntryPoint","urlTemplate":"https:\/\/www.dentaglobal.com\/it\/?s={search_term_string}"},"query-input":{"@type":"PropertyValueSpecification","valueRequired":true,"valueName":"search_term_string"}}],"inLanguage":"it-IT"},{"@type":"Organization","@id":"https:\/\/www.dentaglobal.com\/it\/#organization","name":"Dentaglobal Dental Clinic","url":"https:\/\/www.dentaglobal.com\/it\/","logo":{"@type":"ImageObject","inLanguage":"it-IT","@id":"https:\/\/www.dentaglobal.com\/it\/#\/schema\/logo\/image\/","url":"https:\/\/www.dentaglobal.com\/wp-content\/uploads\/2024\/10\/logo-en.png","contentUrl":"https:\/\/www.dentaglobal.com\/wp-content\/uploads\/2024\/10\/logo-en.png","width":343,"height":73,"caption":"Dentaglobal Dental Clinic"},"image":{"@id":"https:\/\/www.dentaglobal.com\/it\/#\/schema\/logo\/image\/"},"sameAs":["https:\/\/www.facebook.com\/dentaglobal","https:\/\/www.instagram.com\/dentaglobal\/","https:\/\/www.youtube.com\/channel\/UCTIlJImKSlGyEHsrNxcosVQ"]}]}},"_links":{"self":[{"href":"https:\/\/www.dentaglobal.com\/it\/wp-json\/wp\/v2\/pages\/5432","targetHints":{"allow":["GET"]}}],"collection":[{"href":"https:\/\/www.dentaglobal.com\/it\/wp-json\/wp\/v2\/pages"}],"about":[{"href":"https:\/\/www.dentaglobal.com\/it\/wp-json\/wp\/v2\/types\/page"}],"author":[{"embeddable":true,"href":"https:\/\/www.dentaglobal.com\/it\/wp-json\/wp\/v2\/users\/2"}],"replies":[{"embeddable":true,"href":"https:\/\/www.dentaglobal.com\/it\/wp-json\/wp\/v2\/comments?post=5432"}],"version-history":[{"count":1,"href":"https:\/\/www.dentaglobal.com\/it\/wp-json\/wp\/v2\/pages\/5432\/revisions"}],"predecessor-version":[{"id":5473,"href":"https:\/\/www.dentaglobal.com\/it\/wp-json\/wp\/v2\/pages\/5432\/revisions\/5473"}],"wp:attachment":[{"href":"https:\/\/www.dentaglobal.com\/it\/wp-json\/wp\/v2\/media?parent=5432"}],"curies":[{"name":"wp","href":"https:\/\/api.w.org\/{rel}","templated":true}]}}