{"id":5391,"date":"2025-05-26T13:39:37","date_gmt":"2025-05-26T10:39:37","guid":{"rendered":"https:\/\/www.dentaglobal.com\/?page_id=5391"},"modified":"2025-05-26T13:43:03","modified_gmt":"2025-05-26T10:43:03","slug":"inspection-virtuelle","status":"publish","type":"page","link":"https:\/\/www.dentaglobal.com\/fr\/inspection-virtuelle\/","title":{"rendered":"Inspection Virtuelle"},"content":{"rendered":"\n<!doctype html>\n<html lang=\"fr\">\n<head>\n  <meta charset=\"UTF-8\" \/>\n  <meta name=\"viewport\" content=\"width=device-width, initial-scale=1.0\" \/>\n  <title>Guide de photographie dentaire - DentaGlobal<\/title>\n  <link rel=\"stylesheet\" type=\"text\/css\" href=\"https:\/\/www.dentaglobal.com\/vrt\/style.css\">\n  <link href=\"https:\/\/fonts.googleapis.com\/css2?family=Castoro&family=Montserrat:wght@500&family=Poppins:wght@400;500;600&family=Raleway:wght@300;400&family=Source+Sans+3:wght@400&display=swap\" rel=\"stylesheet\">\n<\/head>\n<body>\n  <div style=\"width: 100%; padding-left: 5%; padding-right: 5%;\">\n\n    <div class=\"desktop-version\">\n\n      <section class=\"hero-section\">\n        <div class=\"hero-content\">\n          <h1 class=\"main-title\">Guide de photographie dentaire<\/h1>\n          <p class=\"description\">\n            Pour un devis gratuit, nous avons besoin de 6 photos de vos dents.<br>\n            Cela nous aidera \u00e0 vous donner une id\u00e9e de la proc\u00e9dure<br>\n            qui vous conviendra et nous permettra de vous fournir un plan de traitement.\n          <\/p>\n          <img decoding=\"async\" src=\"https:\/\/cdn.builder.io\/api\/v1\/image\/assets\/TEMP\/325245f67936b97a116aeb623cead250751979676e3f702e800cef485c74a03b?placeholderIfAbsent=true&apiKey=6d69db30dfac432599b3f6f0b6a151bd\" alt=\"Scroll down indicator\" class=\"scroll-indicator\">\n        <\/div>\n      <\/section>\n\n      <h2 class=\"section-title\">Guide de photographie<\/h2>\n\n      <section class=\"photo-guide-row\" data-el=\"div-1\">\n        <div class=\"photo-guide-container\">\n          <article class=\"photo-guide-column\">\n            <div class=\"photo-guide-card\">\n              <h3 class=\"photo-step\">1 : Gauche<\/h3>\n              <div class=\"photo-image-container\">\n                <img decoding=\"async\" src=\"https:\/\/cdn.builder.io\/api\/v1\/image\/assets\/TEMP\/b79f0f5877dc3f686bed5d01a87ea084dfee947f4c91c1901943a5dc638594b9?placeholderIfAbsent=true&apiKey=6d69db30dfac432599b3f6f0b6a151bd\" alt=\"Left side view of teeth\" class=\"photo-image\" style=\"width:80%;margin:auto;display:block;border-radius:8px;margin-bottom:20px;\" \/>\n              <\/div>\n            <\/div>\n          <\/article>\n          <article class=\"photo-guide-column second-column\">\n            <div class=\"photo-guide-card\">\n              <h3 class=\"photo-step\">2 : M\u00e2choire sup\u00e9rieure<\/h3>\n              <img decoding=\"async\" src=\"https:\/\/cdn.builder.io\/api\/v1\/image\/assets\/TEMP\/8b3f2223685ab8b4d568517a7ea529d34da799ff51d97b7a0e502d6b8a31c6d9?placeholderIfAbsent=true&apiKey=6d69db30dfac432599b3f6f0b6a151bd\" alt=\"Upper jaw view of teeth\" class=\"photo-image\" style=\"width:80%;margin:auto;display:block;border-radius:8px;margin-bottom:20px;\">\n            <\/div>\n          <\/article>\n        <\/div>\n      <\/section>\n\n      <section class=\"photo-guide-row\" data-el=\"div-2\">\n        <div class=\"photo-guide-container\">\n          <article class=\"photo-guide-column\">\n            <div class=\"photo-guide-card\">\n              <h3 class=\"photo-step\">3 : Droite<\/h3>\n              <div class=\"photo-image-container\">\n                <img decoding=\"async\" src=\"https:\/\/cdn.builder.io\/api\/v1\/image\/assets\/TEMP\/99bb8938777a240c5677acc9877a42608c8f2c102a72529a6c3c2b24beca64b5?placeholderIfAbsent=true&apiKey=6d69db30dfac432599b3f6f0b6a151bd\" alt=\"Right side view of teeth\" class=\"photo-image\" style=\"width:80%;margin:auto;display:block;border-radius:8px;margin-bottom:20px;\" \/>\n              <\/div>\n            <\/div>\n          <\/article>\n          <article class=\"photo-guide-column second-column\">\n            <div class=\"photo-guide-card\">\n              <h3 class=\"photo-step\">4 : Face<\/h3>\n              <div class=\"photo-image-container\">\n                <img decoding=\"async\" src=\"https:\/\/cdn.builder.io\/api\/v1\/image\/assets\/TEMP\/18c8ac5bf999473da7918be4de17b0fc00c50c5ebaff04462ecd4eb4f9113431?placeholderIfAbsent=true&apiKey=6d69db30dfac432599b3f6f0b6a151bd\" alt=\"Front view of teeth\" class=\"photo-image\" style=\"width:80%;margin:auto;display:block;border-radius:8px;margin-bottom:20px;\" \/>\n              <\/div>\n            <\/div>\n          <\/article>\n        <\/div>\n      <\/section>\n\n      <section class=\"photo-guide-row\" data-el=\"div-3\">\n        <div class=\"photo-guide-container\">\n          <article class=\"photo-guide-column\">\n            <div class=\"photo-guide-card\">\n              <h3 class=\"photo-step\">5 : M\u00e2choire inf\u00e9rieure<\/h3>\n              <img decoding=\"async\" src=\"https:\/\/cdn.builder.io\/api\/v1\/image\/assets\/TEMP\/f1151249b37e60efcabff1f48007ca136bddce46b83a631fbb4cc92ab58d9d98?placeholderIfAbsent=true&apiKey=6d69db30dfac432599b3f6f0b6a151bd\" alt=\"Lower jaw view of teeth\" class=\"photo-image\" style=\"width:80%;margin:auto;display:block;border-radius:8px;margin-bottom:20px;\">\n            <\/div>\n          <\/article>\n          <article class=\"photo-guide-column second-column\">\n            <div class=\"photo-guide-card\">\n              <h3 class=\"photo-step\">6 : Sourire<\/h3>\n              <div class=\"photo-image-container\">\n                <img decoding=\"async\" src=\"https:\/\/cdn.builder.io\/api\/v1\/image\/assets\/TEMP\/515c6b668d6836b77c7eb23a580cc69cbb8c870fa9c0525304595202f8c90b08?placeholderIfAbsent=true&apiKey=6d69db30dfac432599b3f6f0b6a151bd\" alt=\"Smile view of teeth\" class=\"photo-image\" style=\"width:80%;margin:auto;display:block;border-radius:8px;margin-bottom:20px;\" \/>\n              <\/div>\n            <\/div>\n          <\/article>\n        <\/div>\n      <\/section>\n\n      <section class=\"privacy-section\">\n        <p class=\"privacy-text\">\n          Veuillez envoyer des photos rapproch\u00e9es afin que nous puissions \u00e9valuer au mieux votre cas.<br>\n          Votre visage ne devrait pas \u00eatre enti\u00e8rement visible sur la photo.\n        <\/p>\n        <img decoding=\"async\" src=\"https:\/\/cdn.builder.io\/api\/v1\/image\/assets\/TEMP\/a2b9219295f4877dd3aa25ffad74a9049e0d2e987681a9f7dc364f4914e2c23b?placeholderIfAbsent=true&apiKey=6d69db30dfac432599b3f6f0b6a151bd\" alt=\"Privacy illustration\" class=\"privacy-image\">\n        <p class=\"privacy-title\">Votre vie priv\u00e9e est notre priorit\u00e9.<\/p>\n        <p class=\"privacy-description\">\n          Nous traitons vos donn\u00e9es personnelles et vos photos de mani\u00e8re confidentielle.\n        <\/p>\n      <\/section>\n\n      <iframe aria-label=\"Virtual Inspection\" frameborder=\"0\" allow=\"camera;\" style=\"height:1400px;width:99%;border:none;\" src=\"https:\/\/forms.zohopublic.com\/dentaglobal\/form\/VirtualInspection\/formperma\/CY4UY4Z-m0V3Z9mL_UmXqiar6N_VeeCWwm71QAkjk6g?zf_enablecamera=true\"><\/iframe>\n\n      <section class=\"faq-section\">\n        <div class=\"faq-container\">\n          <div class=\"faq-header\">\n            <h2 class=\"faq-title\">FAQ<\/h2>\n          <\/div>\n          <div class=\"faq-content\">\n            <details class=\"faq-item\">\n              <summary class=\"faq-question\"><span>Comment puis-je \u00eatre s\u00fbr que mes donn\u00e9es personnelles sont s\u00e9curis\u00e9es lorsque je partage mes photos ?<\/span><\/summary>\n              <div class=\"faq-answer\">\n                DentaGlobal utilise les derniers protocoles de s\u00e9curit\u00e9 et m\u00e9thodes de cryptage pour prot\u00e9ger vos informations personnelles. Vos photos et d\u00e9tails sont examin\u00e9s uniquement par des sp\u00e9cialistes autoris\u00e9s pour la planification du traitement et ne sont jamais partag\u00e9s avec des tiers.\n              <\/div>\n            <\/details>\n            <details class=\"faq-item\">\n              <summary class=\"faq-question\"><span>Quelle est la pr\u00e9cision des plans de traitement bas\u00e9s sur les photos que j\u2019envoie ?<\/span><\/summary>\n              <div class=\"faq-answer\">\n                Nos dentistes exp\u00e9riment\u00e9s peuvent fournir des plans de traitement tr\u00e8s pr\u00e9cis bas\u00e9s sur les photos que vous partagez \u2014 parfois avec un taux de pr\u00e9cision allant jusqu\u2019\u00e0 100 %. Dans certains cas, si nos sp\u00e9cialistes suspectent d\u2019autres possibilit\u00e9s, ils peuvent demander des radiographies suppl\u00e9mentaires ou des scans 3D pour confirmer et affiner le plan. Cela d\u00e9pend du cas.\n              <\/div>\n            <\/details>\n            <details class=\"faq-item\">\n              <summary class=\"faq-question\"><span>Pourquoi devrais-je partager mes photos et obtenir un plan de traitement de DentaGlobal ?<\/span><\/summary>\n              <div class=\"faq-answer\">\n                Ce service vous permet d\u2019obtenir une \u00e9valuation professionnelle de votre \u00e9tat dentaire et de d\u00e9couvrir les options de traitement possibles avant de visiter la clinique.\n              <\/div>\n            <\/details>\n            <details class=\"faq-item\">\n              <summary class=\"faq-question\"><span>Dois-je payer pour le service d\u2019inspection virtuelle ?<\/span><\/summary>\n              <div class=\"faq-answer\">\n                Non, le service d\u2019inspection virtuelle est totalement gratuit.\n              <\/div>\n            <\/details>\n            <details class=\"faq-item\">\n              <summary class=\"faq-question\"><span>Que dois-je faire apr\u00e8s avoir re\u00e7u mon plan de traitement virtuel ?<\/span><\/summary>\n              <div class=\"faq-answer\">\n                Une fois que vous avez examin\u00e9 et approuv\u00e9 le plan de traitement, vous pouvez facilement prendre rendez-vous.\n              <\/div>\n            <\/details>\n          <\/div>\n        <\/div>\n      <\/section>\n\n\n    <\/div>\n\n  <\/div>\n<\/body>\n<\/html>\n","protected":false},"excerpt":{"rendered":"Guide de photographie dentaire - DentaGlobal Guide de photographie dentaire Pour un devis gratuit, nous avons besoin de 6 photos de vos dents. Cela nous aidera \u00e0 vous donner une id\u00e9e de la proc\u00e9dure qui vous conviendra et nous permettra de vous fournir un plan de traitement. Guide de photographie 1 : Gauche 2 : [&hellip;]","protected":false},"author":3,"featured_media":0,"parent":0,"menu_order":0,"comment_status":"closed","ping_status":"closed","template":"","meta":{"footnotes":""},"class_list":["post-5391","page","type-page","status-publish","hentry"],"yoast_head":"<!-- This site is optimized with the Yoast SEO plugin v27.5 - https:\/\/yoast.com\/product\/yoast-seo-wordpress\/ -->\n<title>Inspection Virtuelle - Dentaglobal<\/title>\n<meta name=\"description\" content=\"Guide de photographie dentaire - DentaGlobal Guide de photographie dentaire Pour un devis gratuit, nous avons besoin de 6 photos de vos dents. Cela nous\" \/>\n<meta name=\"robots\" content=\"index, follow, max-snippet:-1, max-image-preview:large, max-video-preview:-1\" \/>\n<link rel=\"canonical\" href=\"https:\/\/www.dentaglobal.com\/fr\/inspection-virtuelle\/\" \/>\n<meta property=\"og:locale\" content=\"fr_FR\" \/>\n<meta property=\"og:type\" content=\"article\" \/>\n<meta property=\"og:title\" content=\"Inspection Virtuelle - Dentaglobal\" \/>\n<meta property=\"og:description\" content=\"Guide de photographie dentaire - DentaGlobal Guide de photographie dentaire Pour un devis gratuit, nous avons besoin de 6 photos de vos dents. Cela nous\" \/>\n<meta property=\"og:url\" content=\"https:\/\/www.dentaglobal.com\/fr\/inspection-virtuelle\/\" \/>\n<meta property=\"og:site_name\" content=\"Dentaglobal\" \/>\n<meta property=\"article:publisher\" content=\"https:\/\/www.facebook.com\/dentaglobal\" \/>\n<meta property=\"article:modified_time\" content=\"2025-05-26T10:43:03+00:00\" \/>\n<meta property=\"og:image\" content=\"https:\/\/cdn.builder.io\/api\/v1\/image\/assets\/TEMP\/325245f67936b97a116aeb623cead250751979676e3f702e800cef485c74a03b?placeholderIfAbsent=true&apiKey=6d69db30dfac432599b3f6f0b6a151bd\" \/>\n<meta name=\"twitter:card\" content=\"summary_large_image\" \/>\n<meta name=\"twitter:label1\" content=\"Dur\u00e9e de lecture estim\u00e9e\" \/>\n\t<meta name=\"twitter:data1\" content=\"4 minutes\" \/>\n<script type=\"application\/ld+json\" class=\"yoast-schema-graph\">{\"@context\":\"https:\\\/\\\/schema.org\",\"@graph\":[{\"@type\":\"WebPage\",\"@id\":\"https:\\\/\\\/www.dentaglobal.com\\\/fr\\\/inspection-virtuelle\\\/\",\"url\":\"https:\\\/\\\/www.dentaglobal.com\\\/fr\\\/inspection-virtuelle\\\/\",\"name\":\"Inspection Virtuelle - Dentaglobal\",\"isPartOf\":{\"@id\":\"https:\\\/\\\/www.dentaglobal.com\\\/fr\\\/#website\"},\"primaryImageOfPage\":{\"@id\":\"https:\\\/\\\/www.dentaglobal.com\\\/fr\\\/inspection-virtuelle\\\/#primaryimage\"},\"image\":{\"@id\":\"https:\\\/\\\/www.dentaglobal.com\\\/fr\\\/inspection-virtuelle\\\/#primaryimage\"},\"thumbnailUrl\":\"https:\\\/\\\/cdn.builder.io\\\/api\\\/v1\\\/image\\\/assets\\\/TEMP\\\/325245f67936b97a116aeb623cead250751979676e3f702e800cef485c74a03b?placeholderIfAbsent=true&apiKey=6d69db30dfac432599b3f6f0b6a151bd\",\"datePublished\":\"2025-05-26T10:39:37+00:00\",\"dateModified\":\"2025-05-26T10:43:03+00:00\",\"description\":\"Guide de photographie dentaire - DentaGlobal Guide de photographie dentaire Pour un devis gratuit, nous avons besoin de 6 photos de vos dents. Cela nous\",\"breadcrumb\":{\"@id\":\"https:\\\/\\\/www.dentaglobal.com\\\/fr\\\/inspection-virtuelle\\\/#breadcrumb\"},\"inLanguage\":\"fr-FR\",\"potentialAction\":[{\"@type\":\"ReadAction\",\"target\":[\"https:\\\/\\\/www.dentaglobal.com\\\/fr\\\/inspection-virtuelle\\\/\"]}]},{\"@type\":\"ImageObject\",\"inLanguage\":\"fr-FR\",\"@id\":\"https:\\\/\\\/www.dentaglobal.com\\\/fr\\\/inspection-virtuelle\\\/#primaryimage\",\"url\":\"https:\\\/\\\/cdn.builder.io\\\/api\\\/v1\\\/image\\\/assets\\\/TEMP\\\/325245f67936b97a116aeb623cead250751979676e3f702e800cef485c74a03b?placeholderIfAbsent=true&apiKey=6d69db30dfac432599b3f6f0b6a151bd\",\"contentUrl\":\"https:\\\/\\\/cdn.builder.io\\\/api\\\/v1\\\/image\\\/assets\\\/TEMP\\\/325245f67936b97a116aeb623cead250751979676e3f702e800cef485c74a03b?placeholderIfAbsent=true&apiKey=6d69db30dfac432599b3f6f0b6a151bd\"},{\"@type\":\"BreadcrumbList\",\"@id\":\"https:\\\/\\\/www.dentaglobal.com\\\/fr\\\/inspection-virtuelle\\\/#breadcrumb\",\"itemListElement\":[{\"@type\":\"ListItem\",\"position\":1,\"name\":\"Anasayfa\",\"item\":\"https:\\\/\\\/www.dentaglobal.com\\\/fr\\\/\"},{\"@type\":\"ListItem\",\"position\":2,\"name\":\"Inspection Virtuelle\"}]},{\"@type\":\"WebSite\",\"@id\":\"https:\\\/\\\/www.dentaglobal.com\\\/fr\\\/#website\",\"url\":\"https:\\\/\\\/www.dentaglobal.com\\\/fr\\\/\",\"name\":\"Dentaglobal Dental Clinic\",\"description\":\"Everyone Smiles in Same Language\",\"publisher\":{\"@id\":\"https:\\\/\\\/www.dentaglobal.com\\\/fr\\\/#organization\"},\"potentialAction\":[{\"@type\":\"SearchAction\",\"target\":{\"@type\":\"EntryPoint\",\"urlTemplate\":\"https:\\\/\\\/www.dentaglobal.com\\\/fr\\\/?s={search_term_string}\"},\"query-input\":{\"@type\":\"PropertyValueSpecification\",\"valueRequired\":true,\"valueName\":\"search_term_string\"}}],\"inLanguage\":\"fr-FR\"},{\"@type\":\"Organization\",\"@id\":\"https:\\\/\\\/www.dentaglobal.com\\\/fr\\\/#organization\",\"name\":\"Dentaglobal Dental Clinic\",\"url\":\"https:\\\/\\\/www.dentaglobal.com\\\/fr\\\/\",\"logo\":{\"@type\":\"ImageObject\",\"inLanguage\":\"fr-FR\",\"@id\":\"https:\\\/\\\/www.dentaglobal.com\\\/fr\\\/#\\\/schema\\\/logo\\\/image\\\/\",\"url\":\"https:\\\/\\\/www.dentaglobal.com\\\/wp-content\\\/uploads\\\/2024\\\/10\\\/logo-en.png\",\"contentUrl\":\"https:\\\/\\\/www.dentaglobal.com\\\/wp-content\\\/uploads\\\/2024\\\/10\\\/logo-en.png\",\"width\":343,\"height\":73,\"caption\":\"Dentaglobal Dental Clinic\"},\"image\":{\"@id\":\"https:\\\/\\\/www.dentaglobal.com\\\/fr\\\/#\\\/schema\\\/logo\\\/image\\\/\"},\"sameAs\":[\"https:\\\/\\\/www.facebook.com\\\/dentaglobal\",\"https:\\\/\\\/www.instagram.com\\\/dentaglobal\\\/\",\"https:\\\/\\\/www.youtube.com\\\/channel\\\/UCTIlJImKSlGyEHsrNxcosVQ\"]}]}<\/script>\n<!-- \/ Yoast SEO plugin. -->","yoast_head_json":{"title":"Inspection Virtuelle - Dentaglobal","description":"Guide de photographie dentaire - DentaGlobal Guide de photographie dentaire Pour un devis gratuit, nous avons besoin de 6 photos de vos dents. Cela nous","robots":{"index":"index","follow":"follow","max-snippet":"max-snippet:-1","max-image-preview":"max-image-preview:large","max-video-preview":"max-video-preview:-1"},"canonical":"https:\/\/www.dentaglobal.com\/fr\/inspection-virtuelle\/","og_locale":"fr_FR","og_type":"article","og_title":"Inspection Virtuelle - Dentaglobal","og_description":"Guide de photographie dentaire - DentaGlobal Guide de photographie dentaire Pour un devis gratuit, nous avons besoin de 6 photos de vos dents. Cela nous","og_url":"https:\/\/www.dentaglobal.com\/fr\/inspection-virtuelle\/","og_site_name":"Dentaglobal","article_publisher":"https:\/\/www.facebook.com\/dentaglobal","article_modified_time":"2025-05-26T10:43:03+00:00","og_image":[{"url":"https:\/\/cdn.builder.io\/api\/v1\/image\/assets\/TEMP\/325245f67936b97a116aeb623cead250751979676e3f702e800cef485c74a03b?placeholderIfAbsent=true&apiKey=6d69db30dfac432599b3f6f0b6a151bd","type":"","width":"","height":""}],"twitter_card":"summary_large_image","twitter_misc":{"Dur\u00e9e de lecture estim\u00e9e":"4 minutes"},"schema":{"@context":"https:\/\/schema.org","@graph":[{"@type":"WebPage","@id":"https:\/\/www.dentaglobal.com\/fr\/inspection-virtuelle\/","url":"https:\/\/www.dentaglobal.com\/fr\/inspection-virtuelle\/","name":"Inspection Virtuelle - Dentaglobal","isPartOf":{"@id":"https:\/\/www.dentaglobal.com\/fr\/#website"},"primaryImageOfPage":{"@id":"https:\/\/www.dentaglobal.com\/fr\/inspection-virtuelle\/#primaryimage"},"image":{"@id":"https:\/\/www.dentaglobal.com\/fr\/inspection-virtuelle\/#primaryimage"},"thumbnailUrl":"https:\/\/cdn.builder.io\/api\/v1\/image\/assets\/TEMP\/325245f67936b97a116aeb623cead250751979676e3f702e800cef485c74a03b?placeholderIfAbsent=true&apiKey=6d69db30dfac432599b3f6f0b6a151bd","datePublished":"2025-05-26T10:39:37+00:00","dateModified":"2025-05-26T10:43:03+00:00","description":"Guide de photographie dentaire - DentaGlobal Guide de photographie dentaire Pour un devis gratuit, nous avons besoin de 6 photos de vos dents. Cela nous","breadcrumb":{"@id":"https:\/\/www.dentaglobal.com\/fr\/inspection-virtuelle\/#breadcrumb"},"inLanguage":"fr-FR","potentialAction":[{"@type":"ReadAction","target":["https:\/\/www.dentaglobal.com\/fr\/inspection-virtuelle\/"]}]},{"@type":"ImageObject","inLanguage":"fr-FR","@id":"https:\/\/www.dentaglobal.com\/fr\/inspection-virtuelle\/#primaryimage","url":"https:\/\/cdn.builder.io\/api\/v1\/image\/assets\/TEMP\/325245f67936b97a116aeb623cead250751979676e3f702e800cef485c74a03b?placeholderIfAbsent=true&apiKey=6d69db30dfac432599b3f6f0b6a151bd","contentUrl":"https:\/\/cdn.builder.io\/api\/v1\/image\/assets\/TEMP\/325245f67936b97a116aeb623cead250751979676e3f702e800cef485c74a03b?placeholderIfAbsent=true&apiKey=6d69db30dfac432599b3f6f0b6a151bd"},{"@type":"BreadcrumbList","@id":"https:\/\/www.dentaglobal.com\/fr\/inspection-virtuelle\/#breadcrumb","itemListElement":[{"@type":"ListItem","position":1,"name":"Anasayfa","item":"https:\/\/www.dentaglobal.com\/fr\/"},{"@type":"ListItem","position":2,"name":"Inspection Virtuelle"}]},{"@type":"WebSite","@id":"https:\/\/www.dentaglobal.com\/fr\/#website","url":"https:\/\/www.dentaglobal.com\/fr\/","name":"Dentaglobal Dental Clinic","description":"Everyone Smiles in Same Language","publisher":{"@id":"https:\/\/www.dentaglobal.com\/fr\/#organization"},"potentialAction":[{"@type":"SearchAction","target":{"@type":"EntryPoint","urlTemplate":"https:\/\/www.dentaglobal.com\/fr\/?s={search_term_string}"},"query-input":{"@type":"PropertyValueSpecification","valueRequired":true,"valueName":"search_term_string"}}],"inLanguage":"fr-FR"},{"@type":"Organization","@id":"https:\/\/www.dentaglobal.com\/fr\/#organization","name":"Dentaglobal Dental Clinic","url":"https:\/\/www.dentaglobal.com\/fr\/","logo":{"@type":"ImageObject","inLanguage":"fr-FR","@id":"https:\/\/www.dentaglobal.com\/fr\/#\/schema\/logo\/image\/","url":"https:\/\/www.dentaglobal.com\/wp-content\/uploads\/2024\/10\/logo-en.png","contentUrl":"https:\/\/www.dentaglobal.com\/wp-content\/uploads\/2024\/10\/logo-en.png","width":343,"height":73,"caption":"Dentaglobal Dental Clinic"},"image":{"@id":"https:\/\/www.dentaglobal.com\/fr\/#\/schema\/logo\/image\/"},"sameAs":["https:\/\/www.facebook.com\/dentaglobal","https:\/\/www.instagram.com\/dentaglobal\/","https:\/\/www.youtube.com\/channel\/UCTIlJImKSlGyEHsrNxcosVQ"]}]}},"_links":{"self":[{"href":"https:\/\/www.dentaglobal.com\/fr\/wp-json\/wp\/v2\/pages\/5391","targetHints":{"allow":["GET"]}}],"collection":[{"href":"https:\/\/www.dentaglobal.com\/fr\/wp-json\/wp\/v2\/pages"}],"about":[{"href":"https:\/\/www.dentaglobal.com\/fr\/wp-json\/wp\/v2\/types\/page"}],"author":[{"embeddable":true,"href":"https:\/\/www.dentaglobal.com\/fr\/wp-json\/wp\/v2\/users\/3"}],"replies":[{"embeddable":true,"href":"https:\/\/www.dentaglobal.com\/fr\/wp-json\/wp\/v2\/comments?post=5391"}],"version-history":[{"count":2,"href":"https:\/\/www.dentaglobal.com\/fr\/wp-json\/wp\/v2\/pages\/5391\/revisions"}],"predecessor-version":[{"id":5393,"href":"https:\/\/www.dentaglobal.com\/fr\/wp-json\/wp\/v2\/pages\/5391\/revisions\/5393"}],"wp:attachment":[{"href":"https:\/\/www.dentaglobal.com\/fr\/wp-json\/wp\/v2\/media?parent=5391"}],"curies":[{"name":"wp","href":"https:\/\/api.w.org\/{rel}","templated":true}]}}