{"id":5220,"date":"2025-01-24T22:27:19","date_gmt":"2025-01-24T19:27:19","guid":{"rendered":"https:\/\/www.dentaglobal.com\/brussels-consultation-days\/"},"modified":"2026-04-25T09:52:08","modified_gmt":"2026-04-25T06:52:08","slug":"brussels-consultation-days","status":"publish","type":"page","link":"https:\/\/www.dentaglobal.com\/fr\/brussels-consultation-days\/","title":{"rendered":"Brussels Consultation Days"},"content":{"rendered":"\n<!DOCTYPE html>\n<html lang=\"fr\">\n\n<head>\n    <meta charset=\"utf-8\">\n    <title>Clinique Dentaire Dentaglobal<\/title>\n    <meta content=\"width=device-width, initial-scale=1.0\" name=\"viewport\">\n    <meta content=\"Clinique Dentaire Turquie\" name=\"keywords\">\n    <meta content=\"Clinique Dentaire Turquie\" name=\"description\">\n\n    <link href=\"https:\/\/www.dentaglobal.com\/images\/editorimages\/consultationdays\/favicon.ico\" rel=\"icon\">\n\n    <link rel=\"preconnect\" href=\"https:\/\/fonts.gstatic.com\">\n    <link href=\"https:\/\/fonts.googleapis.com\/css2?family=Jost:wght@500;600;700&family=Open+Sans:wght@400;600&display=swap\" rel=\"stylesheet\">\n\n    <link href=\"https:\/\/cdnjs.cloudflare.com\/ajax\/libs\/font-awesome\/5.10.0\/css\/all.min.css\" rel=\"stylesheet\">\n    <link href=\"https:\/\/cdn.jsdelivr.net\/npm\/bootstrap-icons@1.4.1\/font\/bootstrap-icons.css\" rel=\"stylesheet\">\n\n    <link href=\"https:\/\/www.dentaglobal.com\/landing\/lib\/owlcarousel\/assets\/owl.carousel.min.css\" rel=\"stylesheet\">\n    <link href=\"https:\/\/www.dentaglobal.com\/landing\/lib\/animate\/animate.min.css\" rel=\"stylesheet\">\n    <link href=\"https:\/\/www.dentaglobal.com\/landing\/lib\/tempusdominus\/css\/tempusdominus-bootstrap-4.min.css\" rel=\"stylesheet\" \/>\n    <link href=\"https:\/\/www.dentaglobal.com\/landing\/lib\/twentytwenty\/twentytwenty.css\" rel=\"stylesheet\" \/>\n\n    <link href=\"https:\/\/www.dentaglobal.com\/landing\/css\/bootstrap.min.css\" rel=\"stylesheet\">\n\n    <link href=\"https:\/\/www.dentaglobal.com\/landing\/css\/style.css\" rel=\"stylesheet\">\n<\/head>\n\n<body>\n\n    <div class=\"container-fluid p-0\">\n        <div id=\"header-carousel\" class=\"carousel slide carousel-fade\" data-bs-ride=\"carousel\">\n            <div class=\"carousel-inner\">\n                <div class=\"carousel-item active\">\n                    <img decoding=\"async\" class=\"w-100\" src=\"https:\/\/www.dentaglobal.com\/images\/editorimages\/consultationdays\/carousel-1.jpg\" alt=\"Image\">\n                    <div class=\"carousel-caption d-flex flex-column align-items-center justify-content-center\">\n                        <div class=\"p-3\" style=\"max-width: 900px;\">\n                            <h5 class=\"text-white text-uppercase mb-3 animated slideInDown\">Vous \u00eates invit\u00e9 !<\/h5>\n                            <h1 class=\"display-1 text-white mb-md-4 animated zoomIn\">R\u00e9servez votre consultation dentaire gratuite \u00e0 Bruxelles<\/h1>\n                            <h1 class=\"text-white mb-md-4 animated zoomIn\">Avec la Clinique Dentaglobal de Turquie<\/h1>\n                        <\/div>\n                    <\/div>\n                <\/div>\n            <\/div>\n        <\/div>\n    <\/div>\n    <div class=\"container-fluid banner mb-5\">\n        <div class=\"container\">\n            <div class=\"row gx-0\">\n                <div class=\"col-lg-4 wow zoomIn\" data-wow-delay=\"0.1s\">\n                    <div class=\"bg-primary d-flex flex-column p-5\" style=\"height: 300px;\">\n                        <h3 class=\"text-white mb-3\">Places limit\u00e9es disponibles<\/h3>\n                        <div class=\"d-flex justify-content-between text-white mb-3\">\n                            <h5 class=\"text-white mb-0\">Radiographie panoramique & Scanner oral 3D<\/h5>\n                        <\/div>\n                        <div class=\"d-flex justify-content-between text-white mb-3\">\n                            <h5 class=\"text-white mb-0\">Conseils d'experts & Planification du traitement<\/h5>\n                        <\/div>\n                        <div class=\"d-flex justify-content-between text-white mb-3\">\n                            <h5 class=\"text-white mb-0\">Offre sp\u00e9ciale pour les participants<\/h5>\n                        <\/div>\n                        <div class=\"d-flex justify-content-between text-white mb-3\">\n                            <h5 class=\"text-white mb-0\">B\u00e9n\u00e9ficiez de 10% de r\u00e9duction sur votre devis<\/h5>\n                        <\/div>\n                    <\/div>\n                <\/div>\n                <div class=\"col-lg-4 wow zoomIn\" data-wow-delay=\"0.6s\">\n                    <div class=\"bg-secondary d-flex flex-column p-5\" style=\"height: 300px;\">\n                        <h3 class=\"text-white mb-3\">Nouvelles dates d'\u00e9v\u00e9nement:<\/h3>\n                        <div class=\"d-flex justify-content-between text-white mb-3\">\n                            <h5 class=\"text-white mb-0\">Les 15 et 16 mai 2026 \u00e0 Bruxelles<\/h5>\n                        <\/div>\n                    <\/div>\n                <\/div>\n                <div class=\"col-lg-4 wow zoomIn\" data-wow-delay=\"0.3s\">\n                    <div class=\"bg-dark d-flex flex-column p-5\" style=\"height: 300px;\">\n                        <h3 style=\"text-align: center;\" class=\"text-white mb-3\">Compte \u00e0 rebours<\/h3><br><br>\n                        <p style=\"text-align: center; color: white; font-size: 30px; font-family: 'Courier New', Courier, monospace; font-weight: bold;\" id=\"timer\"><\/p>\n\n                        <script>\n                            var countDownDate = new Date(\"May 15, 2026 09:00:00\").getTime();\n                            var x = setInterval(function() {\n                                var now = new Date().getTime();\n                                var distance = countDownDate - now;\n                                var days = Math.floor(distance \/ (1000 * 60 * 60 * 24));\n                                var hours = Math.floor((distance % (1000 * 60 * 60 * 24)) \/ (1000 * 60 * 60));\n                                var minutes = Math.floor((distance % (1000 * 60 * 60)) \/ (1000 * 60));\n                                var seconds = Math.floor((distance % (1000 * 60)) \/ 1000);\n\n                                document.getElementById(\"timer\").innerHTML = days + \"j \" + hours + \"h \" +\n                                    minutes + \"m \" + seconds + \"s \";\n\n                                if (distance < 0) {\n                                    clearInterval(x);\n                                    document.getElementById(\"timer\").innerHTML = \"L'\u00e9v\u00e9nement est en cours !\";\n                                }\n                            }, 1000);\n                        <\/script>\n                    <\/div>\n                <\/div>\n            <\/div>\n        <\/div>\n    <\/div>\n    <div class=\"container-fluid py-5 wow fadeInUp\" data-wow-delay=\"0.1s\">\n        <div class=\"container\">\n            <div class=\"row g-5 mb-5\">\n                <div class=\"col-lg-5 wow zoomIn\" data-wow-delay=\"0.3s\" style=\"min-height: 400px;\">\n                    <div class=\"position-relative h-100 rounded overflow-hidden\">\n                        <img decoding=\"async\" class=\"w-100 h-100\" src=\"https:\/\/www.dentaglobal.com\/images\/editorimages\/consultationdays\/sept.jpg\" style=\"object-fit: contain;\">\n                    <\/div>\n                <\/div>\n                <div class=\"col-lg-7\">\n                    <div class=\"mb-5\">\n                        <h2 class=\"display mb-0\">\u00cates-vous pr\u00eat \u00e0 faire le premier pas vers le sourire de vos r\u00eaves ?<\/h2>\n                        <br>\n                        <h5>Cette consultation dentaire gratuite en Belgique pourrait \u00eatre pour vous !<\/h5>\n                        <p>Nous sommes ravis de vous inviter \u00e0 notre \u00e9v\u00e9nement de journ\u00e9es de consultations gratuites \u00e0 Bruxelles, Belgique !<\/p>\n                        <h4>R\u00c9SERVEZ LA DATE :<\/h4>\n                        <h4>Les 15 et 16 mai 2026 \u00e0 <strong>Bruxelles<\/strong><\/h4>\n                    <\/div>\n                    <div class=\"row g-5\">\n                        <div class=\"col-md-6 service-item wow zoomIn\" data-wow-delay=\"0.6s\">\n                            <div class=\"rounded-top overflow-hidden\">\n                                <img decoding=\"async\" class=\"img-fluid\" src=\"https:\/\/www.dentaglobal.com\/images\/editorimages\/consultationdays\/2.jpg\" alt=\"\">\n                            <\/div>\n                            <div class=\"position-relative bg-light rounded-bottom text-center p-4\">\n                                <h5 class=\"m-0\">Scanner Oral 3D Gratuit<\/h5>\n                            <\/div>\n                        <\/div>\n                        <div class=\"col-md-6 service-item wow zoomIn\" data-wow-delay=\"0.9s\">\n                            <div class=\"rounded-top overflow-hidden\">\n                                <img decoding=\"async\" class=\"img-fluid\" src=\"https:\/\/www.dentaglobal.com\/images\/editorimages\/consultationdays\/3.jpg\" alt=\"\">\n                            <\/div>\n                            <div class=\"position-relative bg-light rounded-bottom text-center p-4\">\n                                <h5 class=\"m-0\">Radiographie Panoramique Gratuite<\/h5>\n                            <\/div>\n                        <\/div>\n                    <\/div>\n                <\/div>\n            <\/div>\n        <\/div>\n    <\/div>\n    <div class=\"container-fluid bg-offer my-5 py-5 wow fadeInUp\" data-wow-delay=\"0.1s\">\n        <div class=\"container py-5\">\n            <div class=\"row justify-content-center\">\n                <div class=\"col-lg-7 wow zoomIn\" data-wow-delay=\"0.6s\">\n                    <div class=\"offer-text text-center rounded p-5\">\n                        <h5 class=\"text-white\">Ne manquez pas cette opportunit\u00e9 en or \u2013 Consultation gratuite \u00e0 Bruxelles pour faire le premier pas vers votre nouveau sourire.<\/h5>\n                        <br>\n                        <p class=\"text-white mb-4\"><strong>COMMENT R\u00c9SERVER :<\/strong> Remplissez simplement le formulaire ci-dessous pour b\u00e9n\u00e9ficier de l'expertise de Dentaglobal.<\/p>\n                        <h4>Votre chemin vers un sourire radieux commence ici !<\/h4>\n                        <h5 class=\"text-white mb-4\"><strong>Bruxelles :<\/strong> Les 15 et 16 mai 2026<\/h5>\n                        <a class=\"btn btn-light py-3 px-3\" href=\"https:\/\/form.jotform.com\/261141523418954\">R\u00e9servez maintenant pour Bruxelles<\/a>\n                    <\/div>\n                <\/div>\n            <\/div>\n        <\/div>\n    <\/div>\n    <a href=\"#\" class=\"btn btn-lg btn-primary btn-lg-square rounded back-to-top\"><i class=\"bi bi-arrow-up\"><\/i><\/a>\n\n    <script src=\"https:\/\/code.jquery.com\/jquery-3.4.1.min.js\"><\/script>\n    <script src=\"https:\/\/cdn.jsdelivr.net\/npm\/bootstrap@5.0.0\/dist\/js\/bootstrap.bundle.min.js\"><\/script>\n    <script src=\"https:\/\/www.dentaglobal.com\/landing\/lib\/wow\/wow.min.js\"><\/script>\n    <script src=\"https:\/\/www.dentaglobal.com\/landing\/lib\/easing\/easing.min.js\"><\/script>\n    <script src=\"https:\/\/www.dentaglobal.com\/landing\/lib\/waypoints\/waypoints.min.js\"><\/script>\n    <script src=\"https:\/\/www.dentaglobal.com\/landing\/lib\/owlcarousel\/owl.carousel.min.js\"><\/script>\n    <script src=\"https:\/\/www.dentaglobal.com\/landing\/lib\/tempusdominus\/js\/moment.min.js\"><\/script>\n    <script src=\"https:\/\/www.dentaglobal.com\/landing\/lib\/tempusdominus\/js\/moment-timezone.min.js\"><\/script>\n    <script src=\"https:\/\/www.dentaglobal.com\/landing\/lib\/tempusdominus\/js\/tempusdominus-bootstrap-4.min.js\"><\/script>\n    <script src=\"https:\/\/www.dentaglobal.com\/landing\/lib\/twentytwenty\/jquery.event.move.js\"><\/script>\n    <script src=\"https:\/\/www.dentaglobal.com\/landing\/lib\/twentytwenty\/jquery.twentytwenty.js\"><\/script>\n\n    <script src=\"https:\/\/www.dentaglobal.com\/landing\/js\/main.js\"><\/script>\n<\/body>\n\n<\/html>\n","protected":false},"excerpt":{"rendered":"Clinique Dentaire Dentaglobal Vous \u00eates invit\u00e9 ! R\u00e9servez votre consultation dentaire gratuite \u00e0 Bruxelles Avec la Clinique Dentaglobal de Turquie Places limit\u00e9es disponibles Radiographie panoramique &#038; Scanner oral 3D Conseils d'experts &#038; Planification du traitement Offre sp\u00e9ciale pour les participants B\u00e9n\u00e9ficiez de 10% de r\u00e9duction sur votre devis Nouvelles dates d'\u00e9v\u00e9nement: Les 15 et 16 [&hellip;]","protected":false},"author":3,"featured_media":0,"parent":0,"menu_order":0,"comment_status":"closed","ping_status":"closed","template":"","meta":{"footnotes":""},"class_list":["post-5220","page","type-page","status-publish","hentry"],"yoast_head":"<!-- This site is optimized with the Yoast SEO plugin v27.5 - https:\/\/yoast.com\/product\/yoast-seo-wordpress\/ -->\n<title>Brussels Consultation Days - Dentaglobal<\/title>\n<meta name=\"description\" content=\"Clinique Dentaire Dentaglobal Vous \u00eates invit\u00e9 ! R\u00e9servez votre consultation dentaire gratuite \u00e0 Bruxelles Avec la Clinique Dentaglobal de Turquie Places\" \/>\n<meta name=\"robots\" content=\"index, follow, max-snippet:-1, max-image-preview:large, max-video-preview:-1\" \/>\n<link rel=\"canonical\" href=\"https:\/\/www.dentaglobal.com\/fr\/brussels-consultation-days\/\" \/>\n<meta property=\"og:locale\" content=\"fr_FR\" \/>\n<meta property=\"og:type\" content=\"article\" \/>\n<meta property=\"og:title\" content=\"Brussels Consultation Days - Dentaglobal\" \/>\n<meta property=\"og:description\" content=\"Clinique Dentaire Dentaglobal Vous \u00eates invit\u00e9 ! R\u00e9servez votre consultation dentaire gratuite \u00e0 Bruxelles Avec la Clinique Dentaglobal de Turquie Places\" \/>\n<meta property=\"og:url\" content=\"https:\/\/www.dentaglobal.com\/fr\/brussels-consultation-days\/\" \/>\n<meta property=\"og:site_name\" content=\"Dentaglobal\" \/>\n<meta property=\"article:publisher\" content=\"https:\/\/www.facebook.com\/dentaglobal\" \/>\n<meta property=\"article:modified_time\" content=\"2026-04-25T06:52:08+00:00\" \/>\n<meta property=\"og:image\" content=\"https:\/\/www.dentaglobal.com\/images\/editorimages\/consultationdays\/carousel-1.jpg\" \/>\n<meta name=\"twitter:card\" content=\"summary_large_image\" \/>\n<meta name=\"twitter:label1\" content=\"Dur\u00e9e de lecture estim\u00e9e\" \/>\n\t<meta name=\"twitter:data1\" content=\"2 minutes\" \/>\n<script type=\"application\/ld+json\" class=\"yoast-schema-graph\">{\"@context\":\"https:\\\/\\\/schema.org\",\"@graph\":[{\"@type\":\"WebPage\",\"@id\":\"https:\\\/\\\/www.dentaglobal.com\\\/fr\\\/brussels-consultation-days\\\/\",\"url\":\"https:\\\/\\\/www.dentaglobal.com\\\/fr\\\/brussels-consultation-days\\\/\",\"name\":\"Brussels Consultation Days - Dentaglobal\",\"isPartOf\":{\"@id\":\"https:\\\/\\\/www.dentaglobal.com\\\/fr\\\/#website\"},\"primaryImageOfPage\":{\"@id\":\"https:\\\/\\\/www.dentaglobal.com\\\/fr\\\/brussels-consultation-days\\\/#primaryimage\"},\"image\":{\"@id\":\"https:\\\/\\\/www.dentaglobal.com\\\/fr\\\/brussels-consultation-days\\\/#primaryimage\"},\"thumbnailUrl\":\"https:\\\/\\\/www.dentaglobal.com\\\/images\\\/editorimages\\\/consultationdays\\\/carousel-1.jpg\",\"datePublished\":\"2025-01-24T19:27:19+00:00\",\"dateModified\":\"2026-04-25T06:52:08+00:00\",\"description\":\"Clinique Dentaire Dentaglobal Vous \u00eates invit\u00e9 ! R\u00e9servez votre consultation dentaire gratuite \u00e0 Bruxelles Avec la Clinique Dentaglobal de Turquie Places\",\"breadcrumb\":{\"@id\":\"https:\\\/\\\/www.dentaglobal.com\\\/fr\\\/brussels-consultation-days\\\/#breadcrumb\"},\"inLanguage\":\"fr-FR\",\"potentialAction\":[{\"@type\":\"ReadAction\",\"target\":[\"https:\\\/\\\/www.dentaglobal.com\\\/fr\\\/brussels-consultation-days\\\/\"]}]},{\"@type\":\"ImageObject\",\"inLanguage\":\"fr-FR\",\"@id\":\"https:\\\/\\\/www.dentaglobal.com\\\/fr\\\/brussels-consultation-days\\\/#primaryimage\",\"url\":\"https:\\\/\\\/www.dentaglobal.com\\\/images\\\/editorimages\\\/consultationdays\\\/carousel-1.jpg\",\"contentUrl\":\"https:\\\/\\\/www.dentaglobal.com\\\/images\\\/editorimages\\\/consultationdays\\\/carousel-1.jpg\"},{\"@type\":\"BreadcrumbList\",\"@id\":\"https:\\\/\\\/www.dentaglobal.com\\\/fr\\\/brussels-consultation-days\\\/#breadcrumb\",\"itemListElement\":[{\"@type\":\"ListItem\",\"position\":1,\"name\":\"Anasayfa\",\"item\":\"https:\\\/\\\/www.dentaglobal.com\\\/fr\\\/\"},{\"@type\":\"ListItem\",\"position\":2,\"name\":\"Brussels Consultation Days\"}]},{\"@type\":\"WebSite\",\"@id\":\"https:\\\/\\\/www.dentaglobal.com\\\/fr\\\/#website\",\"url\":\"https:\\\/\\\/www.dentaglobal.com\\\/fr\\\/\",\"name\":\"Dentaglobal Dental Clinic\",\"description\":\"Everyone Smiles in Same Language\",\"publisher\":{\"@id\":\"https:\\\/\\\/www.dentaglobal.com\\\/fr\\\/#organization\"},\"potentialAction\":[{\"@type\":\"SearchAction\",\"target\":{\"@type\":\"EntryPoint\",\"urlTemplate\":\"https:\\\/\\\/www.dentaglobal.com\\\/fr\\\/?s={search_term_string}\"},\"query-input\":{\"@type\":\"PropertyValueSpecification\",\"valueRequired\":true,\"valueName\":\"search_term_string\"}}],\"inLanguage\":\"fr-FR\"},{\"@type\":\"Organization\",\"@id\":\"https:\\\/\\\/www.dentaglobal.com\\\/fr\\\/#organization\",\"name\":\"Dentaglobal Dental Clinic\",\"url\":\"https:\\\/\\\/www.dentaglobal.com\\\/fr\\\/\",\"logo\":{\"@type\":\"ImageObject\",\"inLanguage\":\"fr-FR\",\"@id\":\"https:\\\/\\\/www.dentaglobal.com\\\/fr\\\/#\\\/schema\\\/logo\\\/image\\\/\",\"url\":\"https:\\\/\\\/www.dentaglobal.com\\\/wp-content\\\/uploads\\\/2024\\\/10\\\/logo-en.png\",\"contentUrl\":\"https:\\\/\\\/www.dentaglobal.com\\\/wp-content\\\/uploads\\\/2024\\\/10\\\/logo-en.png\",\"width\":343,\"height\":73,\"caption\":\"Dentaglobal Dental Clinic\"},\"image\":{\"@id\":\"https:\\\/\\\/www.dentaglobal.com\\\/fr\\\/#\\\/schema\\\/logo\\\/image\\\/\"},\"sameAs\":[\"https:\\\/\\\/www.facebook.com\\\/dentaglobal\",\"https:\\\/\\\/www.instagram.com\\\/dentaglobal\\\/\",\"https:\\\/\\\/www.youtube.com\\\/channel\\\/UCTIlJImKSlGyEHsrNxcosVQ\"]}]}<\/script>\n<!-- \/ Yoast SEO plugin. -->","yoast_head_json":{"title":"Brussels Consultation Days - Dentaglobal","description":"Clinique Dentaire Dentaglobal Vous \u00eates invit\u00e9 ! R\u00e9servez votre consultation dentaire gratuite \u00e0 Bruxelles Avec la Clinique Dentaglobal de Turquie Places","robots":{"index":"index","follow":"follow","max-snippet":"max-snippet:-1","max-image-preview":"max-image-preview:large","max-video-preview":"max-video-preview:-1"},"canonical":"https:\/\/www.dentaglobal.com\/fr\/brussels-consultation-days\/","og_locale":"fr_FR","og_type":"article","og_title":"Brussels Consultation Days - Dentaglobal","og_description":"Clinique Dentaire Dentaglobal Vous \u00eates invit\u00e9 ! R\u00e9servez votre consultation dentaire gratuite \u00e0 Bruxelles Avec la Clinique Dentaglobal de Turquie Places","og_url":"https:\/\/www.dentaglobal.com\/fr\/brussels-consultation-days\/","og_site_name":"Dentaglobal","article_publisher":"https:\/\/www.facebook.com\/dentaglobal","article_modified_time":"2026-04-25T06:52:08+00:00","og_image":[{"url":"https:\/\/www.dentaglobal.com\/images\/editorimages\/consultationdays\/carousel-1.jpg","type":"","width":"","height":""}],"twitter_card":"summary_large_image","twitter_misc":{"Dur\u00e9e de lecture estim\u00e9e":"2 minutes"},"schema":{"@context":"https:\/\/schema.org","@graph":[{"@type":"WebPage","@id":"https:\/\/www.dentaglobal.com\/fr\/brussels-consultation-days\/","url":"https:\/\/www.dentaglobal.com\/fr\/brussels-consultation-days\/","name":"Brussels Consultation Days - Dentaglobal","isPartOf":{"@id":"https:\/\/www.dentaglobal.com\/fr\/#website"},"primaryImageOfPage":{"@id":"https:\/\/www.dentaglobal.com\/fr\/brussels-consultation-days\/#primaryimage"},"image":{"@id":"https:\/\/www.dentaglobal.com\/fr\/brussels-consultation-days\/#primaryimage"},"thumbnailUrl":"https:\/\/www.dentaglobal.com\/images\/editorimages\/consultationdays\/carousel-1.jpg","datePublished":"2025-01-24T19:27:19+00:00","dateModified":"2026-04-25T06:52:08+00:00","description":"Clinique Dentaire Dentaglobal Vous \u00eates invit\u00e9 ! R\u00e9servez votre consultation dentaire gratuite \u00e0 Bruxelles Avec la Clinique Dentaglobal de Turquie Places","breadcrumb":{"@id":"https:\/\/www.dentaglobal.com\/fr\/brussels-consultation-days\/#breadcrumb"},"inLanguage":"fr-FR","potentialAction":[{"@type":"ReadAction","target":["https:\/\/www.dentaglobal.com\/fr\/brussels-consultation-days\/"]}]},{"@type":"ImageObject","inLanguage":"fr-FR","@id":"https:\/\/www.dentaglobal.com\/fr\/brussels-consultation-days\/#primaryimage","url":"https:\/\/www.dentaglobal.com\/images\/editorimages\/consultationdays\/carousel-1.jpg","contentUrl":"https:\/\/www.dentaglobal.com\/images\/editorimages\/consultationdays\/carousel-1.jpg"},{"@type":"BreadcrumbList","@id":"https:\/\/www.dentaglobal.com\/fr\/brussels-consultation-days\/#breadcrumb","itemListElement":[{"@type":"ListItem","position":1,"name":"Anasayfa","item":"https:\/\/www.dentaglobal.com\/fr\/"},{"@type":"ListItem","position":2,"name":"Brussels Consultation Days"}]},{"@type":"WebSite","@id":"https:\/\/www.dentaglobal.com\/fr\/#website","url":"https:\/\/www.dentaglobal.com\/fr\/","name":"Dentaglobal Dental Clinic","description":"Everyone Smiles in Same Language","publisher":{"@id":"https:\/\/www.dentaglobal.com\/fr\/#organization"},"potentialAction":[{"@type":"SearchAction","target":{"@type":"EntryPoint","urlTemplate":"https:\/\/www.dentaglobal.com\/fr\/?s={search_term_string}"},"query-input":{"@type":"PropertyValueSpecification","valueRequired":true,"valueName":"search_term_string"}}],"inLanguage":"fr-FR"},{"@type":"Organization","@id":"https:\/\/www.dentaglobal.com\/fr\/#organization","name":"Dentaglobal Dental Clinic","url":"https:\/\/www.dentaglobal.com\/fr\/","logo":{"@type":"ImageObject","inLanguage":"fr-FR","@id":"https:\/\/www.dentaglobal.com\/fr\/#\/schema\/logo\/image\/","url":"https:\/\/www.dentaglobal.com\/wp-content\/uploads\/2024\/10\/logo-en.png","contentUrl":"https:\/\/www.dentaglobal.com\/wp-content\/uploads\/2024\/10\/logo-en.png","width":343,"height":73,"caption":"Dentaglobal Dental Clinic"},"image":{"@id":"https:\/\/www.dentaglobal.com\/fr\/#\/schema\/logo\/image\/"},"sameAs":["https:\/\/www.facebook.com\/dentaglobal","https:\/\/www.instagram.com\/dentaglobal\/","https:\/\/www.youtube.com\/channel\/UCTIlJImKSlGyEHsrNxcosVQ"]}]}},"_links":{"self":[{"href":"https:\/\/www.dentaglobal.com\/fr\/wp-json\/wp\/v2\/pages\/5220","targetHints":{"allow":["GET"]}}],"collection":[{"href":"https:\/\/www.dentaglobal.com\/fr\/wp-json\/wp\/v2\/pages"}],"about":[{"href":"https:\/\/www.dentaglobal.com\/fr\/wp-json\/wp\/v2\/types\/page"}],"author":[{"embeddable":true,"href":"https:\/\/www.dentaglobal.com\/fr\/wp-json\/wp\/v2\/users\/3"}],"replies":[{"embeddable":true,"href":"https:\/\/www.dentaglobal.com\/fr\/wp-json\/wp\/v2\/comments?post=5220"}],"version-history":[{"count":17,"href":"https:\/\/www.dentaglobal.com\/fr\/wp-json\/wp\/v2\/pages\/5220\/revisions"}],"predecessor-version":[{"id":6218,"href":"https:\/\/www.dentaglobal.com\/fr\/wp-json\/wp\/v2\/pages\/5220\/revisions\/6218"}],"wp:attachment":[{"href":"https:\/\/www.dentaglobal.com\/fr\/wp-json\/wp\/v2\/media?parent=5220"}],"curies":[{"name":"wp","href":"https:\/\/api.w.org\/{rel}","templated":true}]}}