{"id":2434,"date":"2024-09-13T12:05:56","date_gmt":"2024-09-13T09:05:56","guid":{"rendered":"https:\/\/www.dentaglobal.com\/hakkimizda\/"},"modified":"2024-10-14T15:08:15","modified_gmt":"2024-10-14T12:08:15","slug":"a-propos-de-nous","status":"publish","type":"page","link":"https:\/\/www.dentaglobal.com\/fr\/a-propos-de-nous\/","title":{"rendered":"\u00c0 propos de nous"},"content":{"rendered":"\n<div class=\"wp-block-media-text has-media-on-the-right is-stacked-on-mobile\"><div class=\"wp-block-media-text__content\">\n<p>Chez notre Clinique Dentaire \u201cDENTAGLOBAL\u201d, nous nous concentrons sur la fourniture de clients du monde entier avec la meilleure exp\u00e9rience possible lors de chaque visite. Nous proposons \u00e0 la fois des proc\u00e9dures dentaires de routine et cosm\u00e9tiques au coeur d'Izmir, juste en face du point de rep\u00e8re populaire de Folkart Towers.<\/p>\n\n\n\n<p>Nous disposons d'une \u00e9quipe exp\u00e9riment\u00e9e et amicale de dentistes sp\u00e9cialis\u00e9s dans tous les domaines dentaires, offrant ainsi une approche multidisciplinaire \u00e0 tous vos besoins dentaires. Nous vous mettons en plein contr\u00f4le de votre sant\u00e9 bucco-dentaire en fournissant des explications d\u00e9taill\u00e9es mais compr\u00e9hensibles sur le traitement n\u00e9cessaire \u00e0 chaque \u00e9tape, tout en offrant un traitement bas\u00e9 sur une approche pr\u00e9ventive pour s'assurer que vos dents r\u00e9sistent \u00e0 l'usure de la vie normale dans le confort. Nos dentistes experts vous expliqueront vos options et vous aideront \u00e0 choisir le plan de traitement qui vous convient le mieux.<\/p>\n<\/div><figure class=\"wp-block-media-text__media\"><img loading=\"lazy\" decoding=\"async\" width=\"571\" height=\"587\" src=\"https:\/\/www.dentaglobal.com\/wp-content\/uploads\/2024\/09\/aboutus-content-img.png\" alt=\"\" class=\"wp-image-989 size-full\" srcset=\"https:\/\/www.dentaglobal.com\/wp-content\/uploads\/2024\/09\/aboutus-content-img.png 571w, https:\/\/www.dentaglobal.com\/wp-content\/uploads\/2024\/09\/aboutus-content-img-292x300.png 292w\" sizes=\"auto, (max-width: 571px) 100vw, 571px\" \/><\/figure><\/div>\n\n\n\n<h3 class=\"wp-block-heading\">Nos traitements<\/h3>\n\n\n\n<p>Dans notre clinique dentaire de renomm\u00e9e mondiale \u00e0 Izmir, en Turquie, nous offrons une gamme de traitements innovants et novateurs, notamment:<\/p>\n\n\n\n<ul class=\"wp-block-list\">\n<li>Implants dentaires<\/li>\n\n\n\n<li>Sinus Lifting<\/li>\n\n\n\n<li>Couronnes en porcelaine et en zirconium<\/li>\n\n\n\n<li>Les ponts dentaires\u00a0 \/ bridge dentaire\u00a0<\/li>\n\n\n\n<li>Placages dentaires<\/li>\n\n\n\n<li>Traitement du canal radiculaire<\/li>\n\n\n\n<li>Blanchissement dentaire<\/li>\n\n\n\n<li>Chirurgie parodontale<\/li>\n\n\n\n<li>.... et tant d'autres<\/li>\n<\/ul>\n\n\n\n<h3 class=\"wp-block-heading\">Traitement dentaire \u00e0 l'\u00e9tranger<\/h3>\n\n\n\n<p>En choisissant DENTAGLOBAL, vous ouvrirez la porte \u00e0 tous les avantages offerts par les soins dentaires \u00e0 l'\u00e9tranger, y compris notre h\u00f4pital dentaire \u00e0 la fine pointe de la technologie, installations r\u00e9sidentielles luxueuses et, encore plus important c\u2019est que notre \u00e9quipe de dentistes d\u00e9vou\u00e9s, qui ouvrent la voie \u00e0 leurs domaines d'expertise.<\/p>\n\n\n\n<p>Notre \u00e9quipe de clinique vous garantira un s\u00e9jour confortable avec des soins 24h \/ 24, tandis que notre \u00e9quipe de conciergerie est \u00e9galement disponible pour r\u00e9pondre \u00e0 tous vos besoins.<\/p>\n\n\n\n<p>Choisissez DENTAGLOBAL Dental Clinic pour un traitement dentaire \u00e0 l'\u00e9tranger et profitez d'un forfait tout compris avec des vols \u00e0 destination et en provenance d'Izmir, service de chauffeur, h\u00e9bergement en h\u00f4tel haut de gamme et des options financi\u00e8res et d'assurance compl\u00e8tes qui offrent une tranquillit\u00e9 d'esprit compl\u00e8te.<\/p>\n\n\n\n<h3 class=\"wp-block-heading\">Votre sourire est notre passion<\/h3>\n\n\n\n<p>Vous r\u00eavez probablement de jouir de dents magnifiques et droites; nous avons les solutions n\u00e9cessaires pour vous aider \u00e0 l'atteindre.<\/p>\n\n\n\n<h3 class=\"wp-block-heading\">Confort, s\u00e9curit\u00e9 et satisfaction sont les emplois n \u00b0 1<\/h3>\n\n\n\n<p>Parce qu'il est de notre priorit\u00e9 que les patients ne subissent pas de douleur pendant le traitement, nous utilisons des techniques telles que la s\u00e9dation IV pour mettre les patients nerveux \u00e0 l'aise.<\/p>\n\n\n\n<p>M\u00eame les traitements tels que les implants dentaires et les couronnes en c\u00e9ramique peuvent \u00eatre effectu\u00e9s sous la s\u00e9dation pour fournir une exp\u00e9rience confortable du d\u00e9but \u00e0 la fin.<\/p>\n","protected":false},"excerpt":{"rendered":"Chez notre Clinique Dentaire \u201cDENTAGLOBAL\u201d, nous nous concentrons sur la fourniture de clients du monde entier avec la meilleure exp\u00e9rience possible lors de chaque visite. Nous proposons \u00e0 la fois des proc\u00e9dures dentaires de routine et cosm\u00e9tiques au coeur d'Izmir, juste en face du point de rep\u00e8re populaire de Folkart Towers. Nous disposons d'une \u00e9quipe [&hellip;]","protected":false},"author":2,"featured_media":0,"parent":0,"menu_order":0,"comment_status":"closed","ping_status":"closed","template":"hakkimizda.php","meta":{"footnotes":""},"class_list":["post-2434","page","type-page","status-publish","hentry"],"yoast_head":"<!-- This site is optimized with the Yoast SEO plugin v27.4 - https:\/\/yoast.com\/product\/yoast-seo-wordpress\/ -->\n<title>\u00c0 propos de nous - Dentaglobal<\/title>\n<meta name=\"description\" content=\"Chez notre Clinique Dentaire \u201cDENTAGLOBAL\u201d, nous nous concentrons sur la fourniture de clients du monde entier avec la meilleure exp\u00e9rience possible lors\" \/>\n<meta name=\"robots\" content=\"index, follow, max-snippet:-1, max-image-preview:large, max-video-preview:-1\" \/>\n<link rel=\"canonical\" href=\"https:\/\/www.dentaglobal.com\/fr\/a-propos-de-nous\/\" \/>\n<meta property=\"og:locale\" content=\"fr_FR\" \/>\n<meta property=\"og:type\" content=\"article\" \/>\n<meta property=\"og:title\" content=\"\u00c0 propos de nous - Dentaglobal\" \/>\n<meta property=\"og:description\" content=\"Chez notre Clinique Dentaire \u201cDENTAGLOBAL\u201d, nous nous concentrons sur la fourniture de clients du monde entier avec la meilleure exp\u00e9rience possible lors\" \/>\n<meta property=\"og:url\" content=\"https:\/\/www.dentaglobal.com\/fr\/a-propos-de-nous\/\" \/>\n<meta property=\"og:site_name\" content=\"Dentaglobal\" \/>\n<meta property=\"article:publisher\" content=\"https:\/\/www.facebook.com\/dentaglobal\" \/>\n<meta property=\"article:modified_time\" content=\"2024-10-14T12:08:15+00:00\" \/>\n<meta property=\"og:image\" content=\"https:\/\/www.dentaglobal.com\/wp-content\/uploads\/2024\/09\/aboutus-content-img.png\" \/>\n\t<meta property=\"og:image:width\" content=\"571\" \/>\n\t<meta property=\"og:image:height\" content=\"587\" \/>\n\t<meta property=\"og:image:type\" content=\"image\/png\" \/>\n<meta name=\"twitter:card\" content=\"summary_large_image\" \/>\n<meta name=\"twitter:label1\" content=\"Dur\u00e9e de lecture estim\u00e9e\" \/>\n\t<meta name=\"twitter:data1\" content=\"2 minutes\" \/>\n<script type=\"application\/ld+json\" class=\"yoast-schema-graph\">{\"@context\":\"https:\\\/\\\/schema.org\",\"@graph\":[{\"@type\":\"WebPage\",\"@id\":\"https:\\\/\\\/www.dentaglobal.com\\\/fr\\\/a-propos-de-nous\\\/\",\"url\":\"https:\\\/\\\/www.dentaglobal.com\\\/fr\\\/a-propos-de-nous\\\/\",\"name\":\"\u00c0 propos de nous - Dentaglobal\",\"isPartOf\":{\"@id\":\"https:\\\/\\\/www.dentaglobal.com\\\/fr\\\/#website\"},\"primaryImageOfPage\":{\"@id\":\"https:\\\/\\\/www.dentaglobal.com\\\/fr\\\/a-propos-de-nous\\\/#primaryimage\"},\"image\":{\"@id\":\"https:\\\/\\\/www.dentaglobal.com\\\/fr\\\/a-propos-de-nous\\\/#primaryimage\"},\"thumbnailUrl\":\"https:\\\/\\\/www.dentaglobal.com\\\/wp-content\\\/uploads\\\/2024\\\/09\\\/aboutus-content-img.png\",\"datePublished\":\"2024-09-13T09:05:56+00:00\",\"dateModified\":\"2024-10-14T12:08:15+00:00\",\"description\":\"Chez notre Clinique Dentaire \u201cDENTAGLOBAL\u201d, nous nous concentrons sur la fourniture de clients du monde entier avec la meilleure exp\u00e9rience possible lors\",\"breadcrumb\":{\"@id\":\"https:\\\/\\\/www.dentaglobal.com\\\/fr\\\/a-propos-de-nous\\\/#breadcrumb\"},\"inLanguage\":\"fr-FR\",\"potentialAction\":[{\"@type\":\"ReadAction\",\"target\":[\"https:\\\/\\\/www.dentaglobal.com\\\/fr\\\/a-propos-de-nous\\\/\"]}]},{\"@type\":\"ImageObject\",\"inLanguage\":\"fr-FR\",\"@id\":\"https:\\\/\\\/www.dentaglobal.com\\\/fr\\\/a-propos-de-nous\\\/#primaryimage\",\"url\":\"https:\\\/\\\/www.dentaglobal.com\\\/wp-content\\\/uploads\\\/2024\\\/09\\\/aboutus-content-img.png\",\"contentUrl\":\"https:\\\/\\\/www.dentaglobal.com\\\/wp-content\\\/uploads\\\/2024\\\/09\\\/aboutus-content-img.png\"},{\"@type\":\"BreadcrumbList\",\"@id\":\"https:\\\/\\\/www.dentaglobal.com\\\/fr\\\/a-propos-de-nous\\\/#breadcrumb\",\"itemListElement\":[{\"@type\":\"ListItem\",\"position\":1,\"name\":\"Anasayfa\",\"item\":\"https:\\\/\\\/www.dentaglobal.com\\\/fr\\\/\"},{\"@type\":\"ListItem\",\"position\":2,\"name\":\"\u00c0 propos de nous\"}]},{\"@type\":\"WebSite\",\"@id\":\"https:\\\/\\\/www.dentaglobal.com\\\/fr\\\/#website\",\"url\":\"https:\\\/\\\/www.dentaglobal.com\\\/fr\\\/\",\"name\":\"Dentaglobal Dental Clinic\",\"description\":\"Everyone Smiles in Same Language\",\"publisher\":{\"@id\":\"https:\\\/\\\/www.dentaglobal.com\\\/fr\\\/#organization\"},\"potentialAction\":[{\"@type\":\"SearchAction\",\"target\":{\"@type\":\"EntryPoint\",\"urlTemplate\":\"https:\\\/\\\/www.dentaglobal.com\\\/fr\\\/?s={search_term_string}\"},\"query-input\":{\"@type\":\"PropertyValueSpecification\",\"valueRequired\":true,\"valueName\":\"search_term_string\"}}],\"inLanguage\":\"fr-FR\"},{\"@type\":\"Organization\",\"@id\":\"https:\\\/\\\/www.dentaglobal.com\\\/fr\\\/#organization\",\"name\":\"Dentaglobal Dental Clinic\",\"url\":\"https:\\\/\\\/www.dentaglobal.com\\\/fr\\\/\",\"logo\":{\"@type\":\"ImageObject\",\"inLanguage\":\"fr-FR\",\"@id\":\"https:\\\/\\\/www.dentaglobal.com\\\/fr\\\/#\\\/schema\\\/logo\\\/image\\\/\",\"url\":\"https:\\\/\\\/www.dentaglobal.com\\\/wp-content\\\/uploads\\\/2024\\\/10\\\/logo-en.png\",\"contentUrl\":\"https:\\\/\\\/www.dentaglobal.com\\\/wp-content\\\/uploads\\\/2024\\\/10\\\/logo-en.png\",\"width\":343,\"height\":73,\"caption\":\"Dentaglobal Dental Clinic\"},\"image\":{\"@id\":\"https:\\\/\\\/www.dentaglobal.com\\\/fr\\\/#\\\/schema\\\/logo\\\/image\\\/\"},\"sameAs\":[\"https:\\\/\\\/www.facebook.com\\\/dentaglobal\",\"https:\\\/\\\/www.instagram.com\\\/dentaglobal\\\/\",\"https:\\\/\\\/www.youtube.com\\\/channel\\\/UCTIlJImKSlGyEHsrNxcosVQ\"]}]}<\/script>\n<!-- \/ Yoast SEO plugin. -->","yoast_head_json":{"title":"\u00c0 propos de nous - Dentaglobal","description":"Chez notre Clinique Dentaire \u201cDENTAGLOBAL\u201d, nous nous concentrons sur la fourniture de clients du monde entier avec la meilleure exp\u00e9rience possible lors","robots":{"index":"index","follow":"follow","max-snippet":"max-snippet:-1","max-image-preview":"max-image-preview:large","max-video-preview":"max-video-preview:-1"},"canonical":"https:\/\/www.dentaglobal.com\/fr\/a-propos-de-nous\/","og_locale":"fr_FR","og_type":"article","og_title":"\u00c0 propos de nous - Dentaglobal","og_description":"Chez notre Clinique Dentaire \u201cDENTAGLOBAL\u201d, nous nous concentrons sur la fourniture de clients du monde entier avec la meilleure exp\u00e9rience possible lors","og_url":"https:\/\/www.dentaglobal.com\/fr\/a-propos-de-nous\/","og_site_name":"Dentaglobal","article_publisher":"https:\/\/www.facebook.com\/dentaglobal","article_modified_time":"2024-10-14T12:08:15+00:00","og_image":[{"width":571,"height":587,"url":"https:\/\/www.dentaglobal.com\/wp-content\/uploads\/2024\/09\/aboutus-content-img.png","type":"image\/png"}],"twitter_card":"summary_large_image","twitter_misc":{"Dur\u00e9e de lecture estim\u00e9e":"2 minutes"},"schema":{"@context":"https:\/\/schema.org","@graph":[{"@type":"WebPage","@id":"https:\/\/www.dentaglobal.com\/fr\/a-propos-de-nous\/","url":"https:\/\/www.dentaglobal.com\/fr\/a-propos-de-nous\/","name":"\u00c0 propos de nous - Dentaglobal","isPartOf":{"@id":"https:\/\/www.dentaglobal.com\/fr\/#website"},"primaryImageOfPage":{"@id":"https:\/\/www.dentaglobal.com\/fr\/a-propos-de-nous\/#primaryimage"},"image":{"@id":"https:\/\/www.dentaglobal.com\/fr\/a-propos-de-nous\/#primaryimage"},"thumbnailUrl":"https:\/\/www.dentaglobal.com\/wp-content\/uploads\/2024\/09\/aboutus-content-img.png","datePublished":"2024-09-13T09:05:56+00:00","dateModified":"2024-10-14T12:08:15+00:00","description":"Chez notre Clinique Dentaire \u201cDENTAGLOBAL\u201d, nous nous concentrons sur la fourniture de clients du monde entier avec la meilleure exp\u00e9rience possible lors","breadcrumb":{"@id":"https:\/\/www.dentaglobal.com\/fr\/a-propos-de-nous\/#breadcrumb"},"inLanguage":"fr-FR","potentialAction":[{"@type":"ReadAction","target":["https:\/\/www.dentaglobal.com\/fr\/a-propos-de-nous\/"]}]},{"@type":"ImageObject","inLanguage":"fr-FR","@id":"https:\/\/www.dentaglobal.com\/fr\/a-propos-de-nous\/#primaryimage","url":"https:\/\/www.dentaglobal.com\/wp-content\/uploads\/2024\/09\/aboutus-content-img.png","contentUrl":"https:\/\/www.dentaglobal.com\/wp-content\/uploads\/2024\/09\/aboutus-content-img.png"},{"@type":"BreadcrumbList","@id":"https:\/\/www.dentaglobal.com\/fr\/a-propos-de-nous\/#breadcrumb","itemListElement":[{"@type":"ListItem","position":1,"name":"Anasayfa","item":"https:\/\/www.dentaglobal.com\/fr\/"},{"@type":"ListItem","position":2,"name":"\u00c0 propos de nous"}]},{"@type":"WebSite","@id":"https:\/\/www.dentaglobal.com\/fr\/#website","url":"https:\/\/www.dentaglobal.com\/fr\/","name":"Dentaglobal Dental Clinic","description":"Everyone Smiles in Same Language","publisher":{"@id":"https:\/\/www.dentaglobal.com\/fr\/#organization"},"potentialAction":[{"@type":"SearchAction","target":{"@type":"EntryPoint","urlTemplate":"https:\/\/www.dentaglobal.com\/fr\/?s={search_term_string}"},"query-input":{"@type":"PropertyValueSpecification","valueRequired":true,"valueName":"search_term_string"}}],"inLanguage":"fr-FR"},{"@type":"Organization","@id":"https:\/\/www.dentaglobal.com\/fr\/#organization","name":"Dentaglobal Dental Clinic","url":"https:\/\/www.dentaglobal.com\/fr\/","logo":{"@type":"ImageObject","inLanguage":"fr-FR","@id":"https:\/\/www.dentaglobal.com\/fr\/#\/schema\/logo\/image\/","url":"https:\/\/www.dentaglobal.com\/wp-content\/uploads\/2024\/10\/logo-en.png","contentUrl":"https:\/\/www.dentaglobal.com\/wp-content\/uploads\/2024\/10\/logo-en.png","width":343,"height":73,"caption":"Dentaglobal Dental Clinic"},"image":{"@id":"https:\/\/www.dentaglobal.com\/fr\/#\/schema\/logo\/image\/"},"sameAs":["https:\/\/www.facebook.com\/dentaglobal","https:\/\/www.instagram.com\/dentaglobal\/","https:\/\/www.youtube.com\/channel\/UCTIlJImKSlGyEHsrNxcosVQ"]}]}},"_links":{"self":[{"href":"https:\/\/www.dentaglobal.com\/fr\/wp-json\/wp\/v2\/pages\/2434","targetHints":{"allow":["GET"]}}],"collection":[{"href":"https:\/\/www.dentaglobal.com\/fr\/wp-json\/wp\/v2\/pages"}],"about":[{"href":"https:\/\/www.dentaglobal.com\/fr\/wp-json\/wp\/v2\/types\/page"}],"author":[{"embeddable":true,"href":"https:\/\/www.dentaglobal.com\/fr\/wp-json\/wp\/v2\/users\/2"}],"replies":[{"embeddable":true,"href":"https:\/\/www.dentaglobal.com\/fr\/wp-json\/wp\/v2\/comments?post=2434"}],"version-history":[{"count":2,"href":"https:\/\/www.dentaglobal.com\/fr\/wp-json\/wp\/v2\/pages\/2434\/revisions"}],"predecessor-version":[{"id":2489,"href":"https:\/\/www.dentaglobal.com\/fr\/wp-json\/wp\/v2\/pages\/2434\/revisions\/2489"}],"wp:attachment":[{"href":"https:\/\/www.dentaglobal.com\/fr\/wp-json\/wp\/v2\/media?parent=2434"}],"curies":[{"name":"wp","href":"https:\/\/api.w.org\/{rel}","templated":true}]}}