{"id":5197,"date":"2025-01-23T02:08:08","date_gmt":"2025-01-22T23:08:08","guid":{"rendered":"https:\/\/www.dentaglobal.com\/patient-review\/"},"modified":"2025-01-23T02:08:08","modified_gmt":"2025-01-22T23:08:08","slug":"patient-review","status":"publish","type":"page","link":"https:\/\/www.dentaglobal.com\/de\/patient-review\/","title":{"rendered":"Patient Review"},"content":{"rendered":"\n<!DOCTYPE html>\n<html lang=\"tr\">\n<head>\n  <meta charset=\"UTF-8\" \/>\n  <meta name=\"viewport\" content=\"width=device-width, initial-scale=1.0\" \/>\n  <style>\n    \/* Ana konteyner *\/\n    .patient-reviews {\n      max-width: 1200px;    \/* \u0130\u00e7eri\u011fin geni\u015fli\u011fini s\u0131n\u0131rlamak i\u00e7in *\/\n      margin: 0 auto;       \/* \u0130\u00e7eri\u011fi ortalamak i\u00e7in *\/\n      padding: 20px;        \/* Kenarlardan biraz bo\u015fluk *\/\n      font-family: Arial, sans-serif;\n    }\n\n\n    \/* Video \u0131zgaras\u0131 *\/\n    .video-grid {\n      display: grid;\n      grid-template-columns: repeat(auto-fit, minmax(300px, 1fr));\n      gap: 20px;\n    }\n\n    \/* \u0130frame ayarlar\u0131 *\/\n    .video-grid iframe {\n      width: 100%;\n      height: 200px;\n      border: none;\n      border-radius: 6px; \/* K\u00f6\u015feleri hafif yuvarlak yapmak i\u00e7in *\/\n    }\n\n    \/* Daha b\u00fcy\u00fck ekranlarda iframe y\u00fcksekli\u011fi arts\u0131n diye media query *\/\n    @media (min-width: 768px) {\n      .video-grid iframe {\n        height: 300px;\n      }\n    }\n  <\/style>\n<\/head>\n<body>\n\n  <div class=\"patient-reviews\">\n    <div class=\"video-grid\">\n      <iframe src=\"https:\/\/www.youtube.com\/embed\/AcVpFduq0k8\" allowfullscreen><\/iframe>\n      <iframe src=\"https:\/\/www.youtube.com\/embed\/Ctf9qROT9TM\" allowfullscreen><\/iframe>\n      <iframe src=\"https:\/\/www.youtube.com\/embed\/SIIZp13RkLg\" allowfullscreen><\/iframe>\n      <iframe src=\"https:\/\/www.youtube.com\/embed\/z8PDl9DXey4\" allowfullscreen><\/iframe>\n      <iframe src=\"https:\/\/www.youtube.com\/embed\/APVk3bQfJHw\" allowfullscreen><\/iframe>\n      <iframe src=\"https:\/\/www.youtube.com\/embed\/JsPTq4UXGvE\" allowfullscreen><\/iframe>\n      <iframe src=\"https:\/\/www.youtube.com\/embed\/mR0ISUajLa8\" allowfullscreen><\/iframe>\n      <iframe src=\"https:\/\/www.youtube.com\/embed\/KV95DP6L8NQ\" allowfullscreen><\/iframe>\n      <iframe src=\"https:\/\/www.youtube.com\/embed\/FWQZzkR0ngQ\" allowfullscreen><\/iframe>\n      <iframe src=\"https:\/\/www.youtube.com\/embed\/CW3jEL9QIaY\" allowfullscreen><\/iframe>\n    <\/div>\n  <\/div>\n\n<\/body>\n<\/html>\n\n","protected":false},"excerpt":{"rendered":"","protected":false},"author":3,"featured_media":0,"parent":0,"menu_order":0,"comment_status":"closed","ping_status":"closed","template":"","meta":{"footnotes":""},"class_list":["post-5197","page","type-page","status-publish","hentry"],"yoast_head":"<!-- This site is optimized with the Yoast SEO plugin v27.4 - https:\/\/yoast.com\/product\/yoast-seo-wordpress\/ -->\n<title>Patient Review - Dentaglobal<\/title>\n<meta name=\"robots\" content=\"index, follow, max-snippet:-1, max-image-preview:large, max-video-preview:-1\" \/>\n<link rel=\"canonical\" href=\"https:\/\/www.dentaglobal.com\/de\/patient-review\/\" \/>\n<meta property=\"og:locale\" content=\"de_DE\" \/>\n<meta property=\"og:type\" content=\"article\" \/>\n<meta property=\"og:title\" content=\"Patient Review - Dentaglobal\" \/>\n<meta property=\"og:url\" content=\"https:\/\/www.dentaglobal.com\/de\/patient-review\/\" \/>\n<meta property=\"og:site_name\" content=\"Dentaglobal\" \/>\n<meta property=\"article:publisher\" content=\"https:\/\/www.facebook.com\/dentaglobal\" \/>\n<meta name=\"twitter:card\" content=\"summary_large_image\" \/>\n<script type=\"application\/ld+json\" class=\"yoast-schema-graph\">{\"@context\":\"https:\\\/\\\/schema.org\",\"@graph\":[{\"@type\":\"WebPage\",\"@id\":\"https:\\\/\\\/www.dentaglobal.com\\\/de\\\/patient-review\\\/\",\"url\":\"https:\\\/\\\/www.dentaglobal.com\\\/de\\\/patient-review\\\/\",\"name\":\"Patient Review - Dentaglobal\",\"isPartOf\":{\"@id\":\"https:\\\/\\\/www.dentaglobal.com\\\/de\\\/#website\"},\"datePublished\":\"2025-01-22T23:08:08+00:00\",\"breadcrumb\":{\"@id\":\"https:\\\/\\\/www.dentaglobal.com\\\/de\\\/patient-review\\\/#breadcrumb\"},\"inLanguage\":\"de\",\"potentialAction\":[{\"@type\":\"ReadAction\",\"target\":[\"https:\\\/\\\/www.dentaglobal.com\\\/de\\\/patient-review\\\/\"]}]},{\"@type\":\"BreadcrumbList\",\"@id\":\"https:\\\/\\\/www.dentaglobal.com\\\/de\\\/patient-review\\\/#breadcrumb\",\"itemListElement\":[{\"@type\":\"ListItem\",\"position\":1,\"name\":\"Anasayfa\",\"item\":\"https:\\\/\\\/www.dentaglobal.com\\\/de\\\/\"},{\"@type\":\"ListItem\",\"position\":2,\"name\":\"Patient Review\"}]},{\"@type\":\"WebSite\",\"@id\":\"https:\\\/\\\/www.dentaglobal.com\\\/de\\\/#website\",\"url\":\"https:\\\/\\\/www.dentaglobal.com\\\/de\\\/\",\"name\":\"Dentaglobal Dental Clinic\",\"description\":\"Everyone Smiles in Same Language\",\"publisher\":{\"@id\":\"https:\\\/\\\/www.dentaglobal.com\\\/de\\\/#organization\"},\"potentialAction\":[{\"@type\":\"SearchAction\",\"target\":{\"@type\":\"EntryPoint\",\"urlTemplate\":\"https:\\\/\\\/www.dentaglobal.com\\\/de\\\/?s={search_term_string}\"},\"query-input\":{\"@type\":\"PropertyValueSpecification\",\"valueRequired\":true,\"valueName\":\"search_term_string\"}}],\"inLanguage\":\"de\"},{\"@type\":\"Organization\",\"@id\":\"https:\\\/\\\/www.dentaglobal.com\\\/de\\\/#organization\",\"name\":\"Dentaglobal Dental Clinic\",\"url\":\"https:\\\/\\\/www.dentaglobal.com\\\/de\\\/\",\"logo\":{\"@type\":\"ImageObject\",\"inLanguage\":\"de\",\"@id\":\"https:\\\/\\\/www.dentaglobal.com\\\/de\\\/#\\\/schema\\\/logo\\\/image\\\/\",\"url\":\"https:\\\/\\\/www.dentaglobal.com\\\/wp-content\\\/uploads\\\/2024\\\/10\\\/logo-en.png\",\"contentUrl\":\"https:\\\/\\\/www.dentaglobal.com\\\/wp-content\\\/uploads\\\/2024\\\/10\\\/logo-en.png\",\"width\":343,\"height\":73,\"caption\":\"Dentaglobal Dental Clinic\"},\"image\":{\"@id\":\"https:\\\/\\\/www.dentaglobal.com\\\/de\\\/#\\\/schema\\\/logo\\\/image\\\/\"},\"sameAs\":[\"https:\\\/\\\/www.facebook.com\\\/dentaglobal\",\"https:\\\/\\\/www.instagram.com\\\/dentaglobal\\\/\",\"https:\\\/\\\/www.youtube.com\\\/channel\\\/UCTIlJImKSlGyEHsrNxcosVQ\"]}]}<\/script>\n<!-- \/ Yoast SEO plugin. -->","yoast_head_json":{"title":"Patient Review - Dentaglobal","robots":{"index":"index","follow":"follow","max-snippet":"max-snippet:-1","max-image-preview":"max-image-preview:large","max-video-preview":"max-video-preview:-1"},"canonical":"https:\/\/www.dentaglobal.com\/de\/patient-review\/","og_locale":"de_DE","og_type":"article","og_title":"Patient Review - Dentaglobal","og_url":"https:\/\/www.dentaglobal.com\/de\/patient-review\/","og_site_name":"Dentaglobal","article_publisher":"https:\/\/www.facebook.com\/dentaglobal","twitter_card":"summary_large_image","schema":{"@context":"https:\/\/schema.org","@graph":[{"@type":"WebPage","@id":"https:\/\/www.dentaglobal.com\/de\/patient-review\/","url":"https:\/\/www.dentaglobal.com\/de\/patient-review\/","name":"Patient Review - Dentaglobal","isPartOf":{"@id":"https:\/\/www.dentaglobal.com\/de\/#website"},"datePublished":"2025-01-22T23:08:08+00:00","breadcrumb":{"@id":"https:\/\/www.dentaglobal.com\/de\/patient-review\/#breadcrumb"},"inLanguage":"de","potentialAction":[{"@type":"ReadAction","target":["https:\/\/www.dentaglobal.com\/de\/patient-review\/"]}]},{"@type":"BreadcrumbList","@id":"https:\/\/www.dentaglobal.com\/de\/patient-review\/#breadcrumb","itemListElement":[{"@type":"ListItem","position":1,"name":"Anasayfa","item":"https:\/\/www.dentaglobal.com\/de\/"},{"@type":"ListItem","position":2,"name":"Patient Review"}]},{"@type":"WebSite","@id":"https:\/\/www.dentaglobal.com\/de\/#website","url":"https:\/\/www.dentaglobal.com\/de\/","name":"Dentaglobal Dental Clinic","description":"Everyone Smiles in Same Language","publisher":{"@id":"https:\/\/www.dentaglobal.com\/de\/#organization"},"potentialAction":[{"@type":"SearchAction","target":{"@type":"EntryPoint","urlTemplate":"https:\/\/www.dentaglobal.com\/de\/?s={search_term_string}"},"query-input":{"@type":"PropertyValueSpecification","valueRequired":true,"valueName":"search_term_string"}}],"inLanguage":"de"},{"@type":"Organization","@id":"https:\/\/www.dentaglobal.com\/de\/#organization","name":"Dentaglobal Dental Clinic","url":"https:\/\/www.dentaglobal.com\/de\/","logo":{"@type":"ImageObject","inLanguage":"de","@id":"https:\/\/www.dentaglobal.com\/de\/#\/schema\/logo\/image\/","url":"https:\/\/www.dentaglobal.com\/wp-content\/uploads\/2024\/10\/logo-en.png","contentUrl":"https:\/\/www.dentaglobal.com\/wp-content\/uploads\/2024\/10\/logo-en.png","width":343,"height":73,"caption":"Dentaglobal Dental Clinic"},"image":{"@id":"https:\/\/www.dentaglobal.com\/de\/#\/schema\/logo\/image\/"},"sameAs":["https:\/\/www.facebook.com\/dentaglobal","https:\/\/www.instagram.com\/dentaglobal\/","https:\/\/www.youtube.com\/channel\/UCTIlJImKSlGyEHsrNxcosVQ"]}]}},"_links":{"self":[{"href":"https:\/\/www.dentaglobal.com\/de\/wp-json\/wp\/v2\/pages\/5197","targetHints":{"allow":["GET"]}}],"collection":[{"href":"https:\/\/www.dentaglobal.com\/de\/wp-json\/wp\/v2\/pages"}],"about":[{"href":"https:\/\/www.dentaglobal.com\/de\/wp-json\/wp\/v2\/types\/page"}],"author":[{"embeddable":true,"href":"https:\/\/www.dentaglobal.com\/de\/wp-json\/wp\/v2\/users\/3"}],"replies":[{"embeddable":true,"href":"https:\/\/www.dentaglobal.com\/de\/wp-json\/wp\/v2\/comments?post=5197"}],"version-history":[{"count":0,"href":"https:\/\/www.dentaglobal.com\/de\/wp-json\/wp\/v2\/pages\/5197\/revisions"}],"wp:attachment":[{"href":"https:\/\/www.dentaglobal.com\/de\/wp-json\/wp\/v2\/media?parent=5197"}],"curies":[{"name":"wp","href":"https:\/\/api.w.org\/{rel}","templated":true}]}}