{"id":2701,"date":"2024-09-13T12:05:56","date_gmt":"2024-09-13T09:05:56","guid":{"rendered":"https:\/\/www.dentaglobal.com\/hakkimizda\/"},"modified":"2024-10-16T16:07:45","modified_gmt":"2024-10-16T13:07:45","slug":"uber-uns","status":"publish","type":"page","link":"https:\/\/www.dentaglobal.com\/de\/uber-uns\/","title":{"rendered":"\u00dcber Uns"},"content":{"rendered":"\n<div class=\"wp-block-media-text has-media-on-the-right is-stacked-on-mobile\"><div class=\"wp-block-media-text__content\">\n<p>Als DENTAGLOBAL Poliklinik f\u00fcr Mund- und Zahngesundheit haben wir uns zum Ziel gesetzt, eine neue Synergie im Bereich der Zahnheilkunde zu schaffen, indem wir unsere berufliche Erfahrung mit allen Teammitgliedern mit Dienstleistungsenergie integrieren. Wir haben mit unseren T\u00e4tigkeiten im Jahr 2017 begonnen. Wir beziehen unsere St\u00e4rke aus einer tief verwurzelten Unternehmensphilosophie, dank der freien Vision, ein neues Unternehmen im unternehmerischen Sinne zu sein, und der Erfahrung unseres Teams in der Vergangenheit.<\/p>\n\n\n\n<p>In gewissem Sinne haben wir eine starke Unternehmensidentit\u00e4t geschaffen, die sich aus der Erfahrung und dem Wissen der Vergangenheit speist, mit der Vision, die moderne und kulturelle Struktur von heute mit der Dienstleistungsmentalit\u00e4t zu verbinden, voller Energie und der Vision, das Neueste auf die richtige Weise zu erwerben und es effektiv zu nutzen.<\/p>\n\n\n\n<p>Als DENTAGLOBAL sind wir in kurzer Zeit zu einer bekannten Marke geworden, nicht nur in Izmir oder der \u00c4g\u00e4isregion und sogar in der T\u00fcrkei, sondern auch im Ausland. Wir arbeiten mit unerm\u00fcdlicher Energie daran, neben unseren Anschlussb\u00fcros und Partnerkliniken in London, Paris, Rotterdam und Berlin weitere Standorte zu er\u00f6ffnen.<\/p>\n<\/div><figure class=\"wp-block-media-text__media\"><img loading=\"lazy\" decoding=\"async\" width=\"571\" height=\"587\" src=\"https:\/\/www.dentaglobal.com\/wp-content\/uploads\/2024\/09\/aboutus-content-img.png\" alt=\"\" class=\"wp-image-989 size-full\" srcset=\"https:\/\/www.dentaglobal.com\/wp-content\/uploads\/2024\/09\/aboutus-content-img.png 571w, https:\/\/www.dentaglobal.com\/wp-content\/uploads\/2024\/09\/aboutus-content-img-292x300.png 292w\" sizes=\"auto, (max-width: 571px) 100vw, 571px\" \/><\/figure><\/div>\n\n\n\n<p>In der DENTAGLOBAL Poliklinik f\u00fcr Mund- und Zahngesundheit;<\/p>\n\n\n\n<ul class=\"wp-block-list\">\n<li>Orale Diagnostik<\/li>\n\n\n\n<li>Radiologie<\/li>\n\n\n\n<li>Endodontie<\/li>\n\n\n\n<li>Mund-, Zahn- und Kieferchirurgie<\/li>\n\n\n\n<li>Prothese<\/li>\n\n\n\n<li>\u00c4sthetische Zahnheilkunde<\/li>\n\n\n\n<li>Kinderzahnheilkunde<\/li>\n\n\n\n<li>Zahnfleisch\u00e4sthetik und -behandlungen<\/li>\n\n\n\n<li>Alle Bereiche der Mund- und Zahngesundheit, einschlie\u00dflich der Kieferorthop\u00e4die, sind verf\u00fcgbar.<\/li>\n<\/ul>\n\n\n\n<p>Als DENTAGLOBAL werten wir all unsere Erfahrungen und Visionen aus, um das Richtige mit dem effektivsten Einsatz f\u00fcr ein \"gesundes L\u00e4cheln\" einzusetzen.<\/p>\n\n\n\n<p><\/p>\n","protected":false},"excerpt":{"rendered":"Als DENTAGLOBAL Poliklinik f\u00fcr Mund- und Zahngesundheit haben wir uns zum Ziel gesetzt, eine neue Synergie im Bereich der Zahnheilkunde zu schaffen, indem wir unsere berufliche Erfahrung mit allen Teammitgliedern mit Dienstleistungsenergie integrieren. Wir haben mit unseren T\u00e4tigkeiten im Jahr 2017 begonnen. Wir beziehen unsere St\u00e4rke aus einer tief verwurzelten Unternehmensphilosophie, dank der freien Vision, [&hellip;]","protected":false},"author":2,"featured_media":0,"parent":0,"menu_order":0,"comment_status":"closed","ping_status":"closed","template":"hakkimizda.php","meta":{"footnotes":""},"class_list":["post-2701","page","type-page","status-publish","hentry"],"yoast_head":"<!-- This site is optimized with the Yoast SEO plugin v27.5 - https:\/\/yoast.com\/product\/yoast-seo-wordpress\/ -->\n<title>\u00dcber Uns - Dentaglobal<\/title>\n<meta name=\"description\" content=\"Als DENTAGLOBAL Poliklinik f\u00fcr Mund- und Zahngesundheit haben wir uns zum Ziel gesetzt, eine neue Synergie im Bereich der Zahnheilkunde zu schaffen, indem\" \/>\n<meta name=\"robots\" content=\"index, follow, max-snippet:-1, max-image-preview:large, max-video-preview:-1\" \/>\n<link rel=\"canonical\" href=\"https:\/\/www.dentaglobal.com\/de\/uber-uns\/\" \/>\n<meta property=\"og:locale\" content=\"de_DE\" \/>\n<meta property=\"og:type\" content=\"article\" \/>\n<meta property=\"og:title\" content=\"\u00dcber Uns - Dentaglobal\" \/>\n<meta property=\"og:description\" content=\"Als DENTAGLOBAL Poliklinik f\u00fcr Mund- und Zahngesundheit haben wir uns zum Ziel gesetzt, eine neue Synergie im Bereich der Zahnheilkunde zu schaffen, indem\" \/>\n<meta property=\"og:url\" content=\"https:\/\/www.dentaglobal.com\/de\/uber-uns\/\" \/>\n<meta property=\"og:site_name\" content=\"Dentaglobal\" \/>\n<meta property=\"article:publisher\" content=\"https:\/\/www.facebook.com\/dentaglobal\" \/>\n<meta property=\"article:modified_time\" content=\"2024-10-16T13:07:45+00:00\" \/>\n<meta property=\"og:image\" content=\"https:\/\/www.dentaglobal.com\/wp-content\/uploads\/2024\/09\/aboutus-content-img.png\" \/>\n\t<meta property=\"og:image:width\" content=\"571\" \/>\n\t<meta property=\"og:image:height\" content=\"587\" \/>\n\t<meta property=\"og:image:type\" content=\"image\/png\" \/>\n<meta name=\"twitter:card\" content=\"summary_large_image\" \/>\n<meta name=\"twitter:label1\" content=\"Gesch\u00e4tzte Lesezeit\" \/>\n\t<meta name=\"twitter:data1\" content=\"1\u00a0Minute\" \/>\n<script type=\"application\/ld+json\" class=\"yoast-schema-graph\">{\"@context\":\"https:\\\/\\\/schema.org\",\"@graph\":[{\"@type\":\"WebPage\",\"@id\":\"https:\\\/\\\/www.dentaglobal.com\\\/de\\\/uber-uns\\\/\",\"url\":\"https:\\\/\\\/www.dentaglobal.com\\\/de\\\/uber-uns\\\/\",\"name\":\"\u00dcber Uns - Dentaglobal\",\"isPartOf\":{\"@id\":\"https:\\\/\\\/www.dentaglobal.com\\\/de\\\/#website\"},\"primaryImageOfPage\":{\"@id\":\"https:\\\/\\\/www.dentaglobal.com\\\/de\\\/uber-uns\\\/#primaryimage\"},\"image\":{\"@id\":\"https:\\\/\\\/www.dentaglobal.com\\\/de\\\/uber-uns\\\/#primaryimage\"},\"thumbnailUrl\":\"https:\\\/\\\/www.dentaglobal.com\\\/wp-content\\\/uploads\\\/2024\\\/09\\\/aboutus-content-img.png\",\"datePublished\":\"2024-09-13T09:05:56+00:00\",\"dateModified\":\"2024-10-16T13:07:45+00:00\",\"description\":\"Als DENTAGLOBAL Poliklinik f\u00fcr Mund- und Zahngesundheit haben wir uns zum Ziel gesetzt, eine neue Synergie im Bereich der Zahnheilkunde zu schaffen, indem\",\"breadcrumb\":{\"@id\":\"https:\\\/\\\/www.dentaglobal.com\\\/de\\\/uber-uns\\\/#breadcrumb\"},\"inLanguage\":\"de\",\"potentialAction\":[{\"@type\":\"ReadAction\",\"target\":[\"https:\\\/\\\/www.dentaglobal.com\\\/de\\\/uber-uns\\\/\"]}]},{\"@type\":\"ImageObject\",\"inLanguage\":\"de\",\"@id\":\"https:\\\/\\\/www.dentaglobal.com\\\/de\\\/uber-uns\\\/#primaryimage\",\"url\":\"https:\\\/\\\/www.dentaglobal.com\\\/wp-content\\\/uploads\\\/2024\\\/09\\\/aboutus-content-img.png\",\"contentUrl\":\"https:\\\/\\\/www.dentaglobal.com\\\/wp-content\\\/uploads\\\/2024\\\/09\\\/aboutus-content-img.png\"},{\"@type\":\"BreadcrumbList\",\"@id\":\"https:\\\/\\\/www.dentaglobal.com\\\/de\\\/uber-uns\\\/#breadcrumb\",\"itemListElement\":[{\"@type\":\"ListItem\",\"position\":1,\"name\":\"Anasayfa\",\"item\":\"https:\\\/\\\/www.dentaglobal.com\\\/de\\\/\"},{\"@type\":\"ListItem\",\"position\":2,\"name\":\"\u00dcber Uns\"}]},{\"@type\":\"WebSite\",\"@id\":\"https:\\\/\\\/www.dentaglobal.com\\\/de\\\/#website\",\"url\":\"https:\\\/\\\/www.dentaglobal.com\\\/de\\\/\",\"name\":\"Dentaglobal Dental Clinic\",\"description\":\"Everyone Smiles in Same Language\",\"publisher\":{\"@id\":\"https:\\\/\\\/www.dentaglobal.com\\\/de\\\/#organization\"},\"potentialAction\":[{\"@type\":\"SearchAction\",\"target\":{\"@type\":\"EntryPoint\",\"urlTemplate\":\"https:\\\/\\\/www.dentaglobal.com\\\/de\\\/?s={search_term_string}\"},\"query-input\":{\"@type\":\"PropertyValueSpecification\",\"valueRequired\":true,\"valueName\":\"search_term_string\"}}],\"inLanguage\":\"de\"},{\"@type\":\"Organization\",\"@id\":\"https:\\\/\\\/www.dentaglobal.com\\\/de\\\/#organization\",\"name\":\"Dentaglobal Dental Clinic\",\"url\":\"https:\\\/\\\/www.dentaglobal.com\\\/de\\\/\",\"logo\":{\"@type\":\"ImageObject\",\"inLanguage\":\"de\",\"@id\":\"https:\\\/\\\/www.dentaglobal.com\\\/de\\\/#\\\/schema\\\/logo\\\/image\\\/\",\"url\":\"https:\\\/\\\/www.dentaglobal.com\\\/wp-content\\\/uploads\\\/2024\\\/10\\\/logo-en.png\",\"contentUrl\":\"https:\\\/\\\/www.dentaglobal.com\\\/wp-content\\\/uploads\\\/2024\\\/10\\\/logo-en.png\",\"width\":343,\"height\":73,\"caption\":\"Dentaglobal Dental Clinic\"},\"image\":{\"@id\":\"https:\\\/\\\/www.dentaglobal.com\\\/de\\\/#\\\/schema\\\/logo\\\/image\\\/\"},\"sameAs\":[\"https:\\\/\\\/www.facebook.com\\\/dentaglobal\",\"https:\\\/\\\/www.instagram.com\\\/dentaglobal\\\/\",\"https:\\\/\\\/www.youtube.com\\\/channel\\\/UCTIlJImKSlGyEHsrNxcosVQ\"]}]}<\/script>\n<!-- \/ Yoast SEO plugin. -->","yoast_head_json":{"title":"\u00dcber Uns - Dentaglobal","description":"Als DENTAGLOBAL Poliklinik f\u00fcr Mund- und Zahngesundheit haben wir uns zum Ziel gesetzt, eine neue Synergie im Bereich der Zahnheilkunde zu schaffen, indem","robots":{"index":"index","follow":"follow","max-snippet":"max-snippet:-1","max-image-preview":"max-image-preview:large","max-video-preview":"max-video-preview:-1"},"canonical":"https:\/\/www.dentaglobal.com\/de\/uber-uns\/","og_locale":"de_DE","og_type":"article","og_title":"\u00dcber Uns - Dentaglobal","og_description":"Als DENTAGLOBAL Poliklinik f\u00fcr Mund- und Zahngesundheit haben wir uns zum Ziel gesetzt, eine neue Synergie im Bereich der Zahnheilkunde zu schaffen, indem","og_url":"https:\/\/www.dentaglobal.com\/de\/uber-uns\/","og_site_name":"Dentaglobal","article_publisher":"https:\/\/www.facebook.com\/dentaglobal","article_modified_time":"2024-10-16T13:07:45+00:00","og_image":[{"width":571,"height":587,"url":"https:\/\/www.dentaglobal.com\/wp-content\/uploads\/2024\/09\/aboutus-content-img.png","type":"image\/png"}],"twitter_card":"summary_large_image","twitter_misc":{"Gesch\u00e4tzte Lesezeit":"1\u00a0Minute"},"schema":{"@context":"https:\/\/schema.org","@graph":[{"@type":"WebPage","@id":"https:\/\/www.dentaglobal.com\/de\/uber-uns\/","url":"https:\/\/www.dentaglobal.com\/de\/uber-uns\/","name":"\u00dcber Uns - Dentaglobal","isPartOf":{"@id":"https:\/\/www.dentaglobal.com\/de\/#website"},"primaryImageOfPage":{"@id":"https:\/\/www.dentaglobal.com\/de\/uber-uns\/#primaryimage"},"image":{"@id":"https:\/\/www.dentaglobal.com\/de\/uber-uns\/#primaryimage"},"thumbnailUrl":"https:\/\/www.dentaglobal.com\/wp-content\/uploads\/2024\/09\/aboutus-content-img.png","datePublished":"2024-09-13T09:05:56+00:00","dateModified":"2024-10-16T13:07:45+00:00","description":"Als DENTAGLOBAL Poliklinik f\u00fcr Mund- und Zahngesundheit haben wir uns zum Ziel gesetzt, eine neue Synergie im Bereich der Zahnheilkunde zu schaffen, indem","breadcrumb":{"@id":"https:\/\/www.dentaglobal.com\/de\/uber-uns\/#breadcrumb"},"inLanguage":"de","potentialAction":[{"@type":"ReadAction","target":["https:\/\/www.dentaglobal.com\/de\/uber-uns\/"]}]},{"@type":"ImageObject","inLanguage":"de","@id":"https:\/\/www.dentaglobal.com\/de\/uber-uns\/#primaryimage","url":"https:\/\/www.dentaglobal.com\/wp-content\/uploads\/2024\/09\/aboutus-content-img.png","contentUrl":"https:\/\/www.dentaglobal.com\/wp-content\/uploads\/2024\/09\/aboutus-content-img.png"},{"@type":"BreadcrumbList","@id":"https:\/\/www.dentaglobal.com\/de\/uber-uns\/#breadcrumb","itemListElement":[{"@type":"ListItem","position":1,"name":"Anasayfa","item":"https:\/\/www.dentaglobal.com\/de\/"},{"@type":"ListItem","position":2,"name":"\u00dcber Uns"}]},{"@type":"WebSite","@id":"https:\/\/www.dentaglobal.com\/de\/#website","url":"https:\/\/www.dentaglobal.com\/de\/","name":"Dentaglobal Dental Clinic","description":"Everyone Smiles in Same Language","publisher":{"@id":"https:\/\/www.dentaglobal.com\/de\/#organization"},"potentialAction":[{"@type":"SearchAction","target":{"@type":"EntryPoint","urlTemplate":"https:\/\/www.dentaglobal.com\/de\/?s={search_term_string}"},"query-input":{"@type":"PropertyValueSpecification","valueRequired":true,"valueName":"search_term_string"}}],"inLanguage":"de"},{"@type":"Organization","@id":"https:\/\/www.dentaglobal.com\/de\/#organization","name":"Dentaglobal Dental Clinic","url":"https:\/\/www.dentaglobal.com\/de\/","logo":{"@type":"ImageObject","inLanguage":"de","@id":"https:\/\/www.dentaglobal.com\/de\/#\/schema\/logo\/image\/","url":"https:\/\/www.dentaglobal.com\/wp-content\/uploads\/2024\/10\/logo-en.png","contentUrl":"https:\/\/www.dentaglobal.com\/wp-content\/uploads\/2024\/10\/logo-en.png","width":343,"height":73,"caption":"Dentaglobal Dental Clinic"},"image":{"@id":"https:\/\/www.dentaglobal.com\/de\/#\/schema\/logo\/image\/"},"sameAs":["https:\/\/www.facebook.com\/dentaglobal","https:\/\/www.instagram.com\/dentaglobal\/","https:\/\/www.youtube.com\/channel\/UCTIlJImKSlGyEHsrNxcosVQ"]}]}},"_links":{"self":[{"href":"https:\/\/www.dentaglobal.com\/de\/wp-json\/wp\/v2\/pages\/2701","targetHints":{"allow":["GET"]}}],"collection":[{"href":"https:\/\/www.dentaglobal.com\/de\/wp-json\/wp\/v2\/pages"}],"about":[{"href":"https:\/\/www.dentaglobal.com\/de\/wp-json\/wp\/v2\/types\/page"}],"author":[{"embeddable":true,"href":"https:\/\/www.dentaglobal.com\/de\/wp-json\/wp\/v2\/users\/2"}],"replies":[{"embeddable":true,"href":"https:\/\/www.dentaglobal.com\/de\/wp-json\/wp\/v2\/comments?post=2701"}],"version-history":[{"count":3,"href":"https:\/\/www.dentaglobal.com\/de\/wp-json\/wp\/v2\/pages\/2701\/revisions"}],"predecessor-version":[{"id":3178,"href":"https:\/\/www.dentaglobal.com\/de\/wp-json\/wp\/v2\/pages\/2701\/revisions\/3178"}],"wp:attachment":[{"href":"https:\/\/www.dentaglobal.com\/de\/wp-json\/wp\/v2\/media?parent=2701"}],"curies":[{"name":"wp","href":"https:\/\/api.w.org\/{rel}","templated":true}]}}