{"id":2686,"date":"2024-09-13T14:09:29","date_gmt":"2024-09-13T11:09:29","guid":{"rendered":"https:\/\/www.dentaglobal.com\/kisisel-verilerin-korunmasi-kanunu\/"},"modified":"2024-10-15T15:03:17","modified_gmt":"2024-10-15T12:03:17","slug":"gesetz-zum-schutz-personenbezogener-daten","status":"publish","type":"page","link":"https:\/\/www.dentaglobal.com\/de\/gesetz-zum-schutz-personenbezogener-daten\/","title":{"rendered":"Gesetz zum Schutz personenbezogener Daten"},"content":{"rendered":"\n<h3 class=\"wp-block-heading\">INFORMATIONEN UND AUSDR\u00dcCKLICHE EINWILLIGUNGSTEXT ZUR VERARBEITUNG PERSONENBEZOGENER DATEN<\/h3>\n\n\n\n<p>Ihre personenbezogenen Daten, die im Offenlegungstext zur Verarbeitung personenbezogener Daten durch Dentaglobal Sa\u011fl\u0131k Hizmetleri Ticaret Anonim \u015eirketi aufgef\u00fchrt sind; Es sei denn, dies ist f\u00fcr die Vertragserf\u00fcllung erforderlich, es ist gesetzlich eindeutig vorgesehen, es ist f\u00fcr uns zur Erf\u00fcllung unserer gesetzlichen Verpflichtungen zwingend erforderlich und die Verarbeitung und \u00dcbermittlung erfolgt in dem Umfang, der zum Schutz der \u00f6ffentlichen Gesundheit erforderlich ist. Pr\u00e4ventivmedizin, medizinische Diagnostik, Durchf\u00fchrung von Behandlungs- und Pflegeleistungen, Planung und Management von Gesundheitsleistungen und deren Finanzierung; Zu den unten aufgef\u00fchrten Sachverhalten bitten wir Sie um Ihre ausdr\u00fcckliche Einwilligung.<\/p>\n\n\n\n<p>Im Folgenden werden Ihre wichtigsten allgemeinen und besonderen personenbezogenen Daten aufgef\u00fchrt, insbesondere Ihre personenbezogenen Gesundheitsdaten, die f\u00fcr die Durchf\u00fchrung aller medizinischen Diagnose-, Untersuchungs-, Behandlungs- und Pflegeleistungen erforderlich sind und zu diesem Zweck erhoben werden;<\/p>\n\n\n\n<p><strong>Identit\u00e4tsdaten: <\/strong>Name, Nachname, TR-ID-Nummer, Passnummer oder vorl\u00e4ufige TR-ID-Nummer, wenn Sie kein t\u00fcrkischer Staatsb\u00fcrger sind, Geburtsort und -datum, Familienstand, Geschlecht usw. Ihre pers\u00f6nlichen Daten, die Sie mit dem TR-Ausweis oder einem \u00e4hnlichen Ausweisdokument erhalten, das Sie zusammen mit Ihren Identit\u00e4tsdaten einreichen,<\/p>\n\n\n\n<p><strong>Kontaktdaten:<\/strong> Adresse, Telefonnummer, E-Mail-Adresse usw. Kontaktdaten<\/p>\n\n\n\n<p><strong>Finanzdaten: <\/strong>Bankkontonummer, IBAN-Nummer usw.<\/p>\n\n\n\n<p><strong>Gesundheitsdaten: <\/strong>Daten zu Gesundheit und Sexualleben, die w\u00e4hrend der Durchf\u00fchrung medizinischer Diagnose-, Behandlungs- und Pflegedienste erhoben werden, wie Labor- und Bildgebungsergebnisse, Testergebnisse, Untersuchungsdaten, Verschreibungsinformationen, die Sie zur Nachverfolgung in Ihrer Akte einreichen, und die Antworten und Kommentare, die Sie zum Zweck der Bewertung unserer Dienstleistungen teilen,<\/p>\n\n\n\n<p><strong>Digitale Daten: <\/strong>Bild- und Audioaufzeichnungen des Kamerasystems, die w\u00e4hrend Ihres Besuchs in unseren Krankenh\u00e4usern aufgenommen wurden, Aufzeichnungen von Sprachanrufen, die gespeichert werden, wenn Sie unser Callcenter kontaktieren,<\/p>\n\n\n\n<p><strong>Sonstiges:\u00a0<\/strong>\u00a0Ihre privaten Krankenversicherungsdaten und Daten von Sozialversicherungstr\u00e4gern zum Zweck der Finanzierung und Planung Ihrer Gesundheitsdienste, \u00a0Navigationsinformationen, die Sie w\u00e4hrend Ihrer Nutzung unserer Website und mobilen Anwendung erhalten, IP-Adresse, Browserinformationen und medizinische Dokumente, Umfragen, Formularinformationen und Standort, den Sie mit Ihrer eigenen Einwilligung \u00fcbermitteln.<\/p>\n\n\n\n<p>Wir informieren Sie dar\u00fcber, dass Ihre oben aufgef\u00fchrten personenbezogenen Daten und Ihre besonderen personenbezogenen Daten f\u00fcr die folgenden Zwecke verarbeitet werden k\u00f6nnen;<\/p>\n\n\n\n<ul class=\"wp-block-list\">\n<li>Schutz der \u00f6ffentlichen Gesundheit, Pr\u00e4ventivmedizin, medizinische Diagnose, Behandlungs- und Pflegedienste,<\/li>\n\n\n\n<li>Weitergabe der angeforderten Informationen an das Gesundheitsministerium und andere \u00f6ffentliche Institutionen und Organisationen gem\u00e4\u00df den einschl\u00e4gigen Rechtsvorschriften,<\/li>\n\n\n\n<li>Erf\u00fcllung gesetzlicher und beh\u00f6rdlicher Anforderungen,<\/li>\n\n\n\n<li>Finanzierung meiner Gesundheitsleistungen, \u00dcbernahme Ihrer Untersuchungs-, Diagnose- und Behandlungskosten durch die Abteilungen Patientenservice, Finanzen und Marketing, Weitergabe der angeforderten Informationen an private Versicherungsgesellschaften im Rahmen der Anspruchsanfrage,<\/li>\n\n\n\n<li>Um \u00fcber unser Callcenter und unsere digitalen Kan\u00e4le \u00fcber Ihren Termin informiert zu werden,<\/li>\n\n\n\n<li>Best\u00e4tigung Ihrer Identit\u00e4t durch die Abteilungen Patientenservice, Gesundheitspersonal und Callcenter,<\/li>\n\n\n\n<li>Planung und Steuerung des internen Funktionierens der Einrichtung durch die Krankenhausleitung,<\/li>\n\n\n\n<li>Durchf\u00fchrung von Analysen zur Verbesserung der Gesundheitsdienstleistungen durch die Abteilungen Qualit\u00e4t, Patientenerfahrung und Informationssysteme,<\/li>\n\n\n\n<li>\u00dcberwachung und Verhinderung von Missbrauch und unbefugten Transaktionen durch die Abteilungen Audit und Informationssysteme,<\/li>\n\n\n\n<li>Durchf\u00fchrung von Risikomanagement- und Qualit\u00e4tsverbesserungsaktivit\u00e4ten durch die Abteilungen Qualit\u00e4t, Patientenerfahrung und Informationssysteme,<\/li>\n\n\n\n<li>Abrechnung Ihrer Leistungen durch die Abteilungen Patientenservice, Finanzen und Marketing, Best\u00e4tigung meiner Beziehung zu den mit Ihrem Krankenhaus beauftragten Institutionen durch die Abteilungen Patientenservice, Finanzen und Marketing sowie die Informationen, die Ihnen das Krankenhaus erteilt bzw. noch geben wird Management, Patientenerfahrung, Patientenrechte, Callcenter-Abteilungen Beantwortung aller Ihrer Fragen und Beschwerden zu Gesundheitsdiensten.<\/li>\n<\/ul>\n\n\n\n<p>Ergreifen aller erforderlichen technischen und administrativen Ma\u00dfnahmen im Rahmen der Datensicherheit der Systeme und Anwendungen Ihres Krankenhauses durch die Abteilungen Krankenhausmanagement und Informationssysteme, Teilnahme an Kampagnen und Bereitstellung von Kampagneninformationen durch die Abteilungen Marketing, Medien und Kommunikation, Call Center, Bereitstellung spezieller Inhalte, konkret und immaterielle Vorteile auf Web- und Mobilkan\u00e4len durch die Gestaltung und Kommunikation, Messung, Steigerung und Erforschung der Patientenzufriedenheit durch die Abteilungen Krankenhausmanagement, Patientenrechte und Patientenerfahrung.<br>Wir informieren Sie hiermit ausf\u00fchrlich dar\u00fcber, dass die oben genannten personenbezogenen und besonderen personenbezogenen Daten mit gr\u00f6\u00dfter Sorgfalt und unter Einhaltung der gesetzlichen Bestimmungen in physischen und elektronischen Archiven bei Dentaglobal und externen Dienstleistern aufbewahrt werden k\u00f6nnen.<\/p>\n\n\n\n<p>Im Rahmen der \u00dcbermittlung personenbezogener Daten unterliegen Ihre personenbezogenen Daten dem Gesundheitsgrundgesetz Nr. 3359, dem Gesetzesdekret Nr. 663 \u00fcber die Organisation und Aufgaben des Gesundheitsministeriums und seiner angeschlossenen Organisationen, dem Gesetz zum Schutz personenbezogener Daten Nr. 6698, Verordnung \u00fcber private Krankenh\u00e4user, Verordnung \u00fcber die Verarbeitung personenbezogener Gesundheitsdaten und den Schutz der Privatsph\u00e4re und Gesundheit. Im Rahmen der Vorschriften des Ministeriums und anderer gesetzlicher Bestimmungen und f\u00fcr die oben erl\u00e4uterten Zwecke;<\/p>\n\n\n\n<ul class=\"wp-block-list\">\n<li>Gesundheitsministerium, dem Ministerium angeschlossene Untereinheiten und familienmedizinische Zentren,<\/li>\n\n\n\n<li>Sozialversicherungsanstalt,<\/li>\n\n\n\n<li>Generaldirektion Sicherheit und andere Strafverfolgungsbeh\u00f6rden,<\/li>\n\n\n\n<li>Generaldirektion Bev\u00f6lkerung,<\/li>\n\n\n\n<li>T\u00fcrkischer Apothekerverband,<\/li>\n\n\n\n<li>Justizbeh\u00f6rden,<\/li>\n\n\n\n<li>Von Ihnen bevollm\u00e4chtigte gesetzliche Vertreter,<\/li>\n\n\n\n<li>Private Versicherungsunternehmen,<\/li>\n\n\n\n<li>Dritte, von denen Sie Beratung in Anspruch nehmen, einschlie\u00dflich der mit Ihnen zusammenarbeitenden Rechtsanw\u00e4lte, Steuerberater und Wirtschaftspr\u00fcfer,<\/li>\n\n\n\n<li>Ein anderes Krankenhaus, in das der Patient \u00fcberwiesen wurde oder in dem er sich beworben hat,<\/li>\n\n\n\n<li>Regulierungs- und Aufsichtsinstitutionen sowie Beh\u00f6rden,<\/li>\n<\/ul>\n\n\n\n<p>Sie werden an die Lieferanten, Supportdienstleister, Archivdienstleister und Gesch\u00e4ftspartner weitergegeben, von deren Leistungen Sie als Unternehmen profitieren oder mit denen Sie zusammenarbeiten.<\/p>\n\n\n\n<p>Methode und rechtlicher Grund f\u00fcr die Erhebung personenbezogener Daten: Meine personenbezogenen Daten werden in allen Arten von m\u00fcndlichen, schriftlichen, visuellen oder elektronischen Medien zu den oben genannten Zwecken und zur Durchf\u00fchrung aller Arten von Arbeiten im rechtlichen Rahmen des T\u00e4tigkeitsbereichs von Dentaglobal erhoben Zur Erf\u00fcllung der vertraglichen und gesetzlichen Pflichten von Dentaglobal in diesem Zusammenhang informieren wir Sie \u00fcber die Erhebung und Verarbeitung zur ordnungsgem\u00e4\u00dfen Durchf\u00fchrung.<\/p>\n\n\n\n<p>Ich habe die oben genannten Informationen und den oben dargelegten Rechtsgrund f\u00fcr die Erhebung meiner personenbezogenen Daten durch Dentaglobal gelesen;<\/p>\n\n\n\n<ul class=\"wp-block-list\">\n<li>Gesetz zum Schutz personenbezogener Daten Nr. 6698,<\/li>\n\n\n\n<li>Gesundheits-Grundgesetz Nr. 3359,<\/li>\n\n\n\n<li>Gesetzesdekret Nr. 663 \u00fcber die Organisation und Aufgaben des Gesundheitsministeriums und seiner Tochtergesellschaften, Verordnung \u00fcber private Krankenh\u00e4user,<\/li>\n\n\n\n<li>Verordnung \u00fcber die Verarbeitung personenbezogener Gesundheitsdaten und den Schutz der Privatsph\u00e4re,<\/li>\n<\/ul>\n\n\n\n<p>Vorschriften des Gesundheitsministeriums und andere gesetzliche Bestimmungen.<\/p>\n\n\n\n<p>Dar\u00fcber hinaus werden personenbezogene Daten \u00fcber Gesundheit und Sexualleben gem\u00e4\u00df Artikel 6 Absatz 3 des Gesetzes nur zum Schutz der \u00f6ffentlichen Gesundheit, zur Durchf\u00fchrung von Pr\u00e4ventivmedizin, zur medizinischen Diagnose, zu Behandlungs- und Pflegediensten sowie zur Planung vertraulich behandelt Verwaltung von Gesundheitsdiensten und deren Finanzierung. Mir ist bekannt, dass sie ohne meine ausdr\u00fcckliche Zustimmung von haftpflichtigen Personen oder autorisierten Institutionen und Organisationen verarbeitet werden k\u00f6nnen.<\/p>\n\n\n\n<p><strong>Rechte zum Schutz personenbezogener Daten:<\/strong><\/p>\n\n\n\n<ul class=\"wp-block-list\">\n<li>Erfahren Sie, ob meine personenbezogenen Daten verarbeitet werden oder nicht,<\/li>\n\n\n\n<li>Auskunft dar\u00fcber verlangen, ob meine personenbezogenen Daten verarbeitet wurden,<\/li>\n\n\n\n<li>Zugriff auf und Abfrage meiner pers\u00f6nlichen Gesundheitsdaten,<\/li>\n\n\n\n<li>Erfahren Sie, zu welchem \u200b\u200bZweck meine personenbezogenen Daten verarbeitet werden und ob sie f\u00fcr den vorgesehenen Zweck verwendet werden.<\/li>\n\n\n\n<li>Kenntnis der Dritten, an die meine personenbezogenen Daten im In- oder Ausland \u00fcbermittelt werden,<\/li>\n\n\n\n<li>Aufforderung zur Berichtigung meiner personenbezogenen Daten, wenn diese unvollst\u00e4ndig sind oder falsch verarbeitet werden,<\/li>\n\n\n\n<li>Die L\u00f6schung oder Vernichtung meiner personenbezogenen Daten beantragen,<\/li>\n\n\n\n<li>F\u00fcr den Fall, dass meine personenbezogenen Daten unvollst\u00e4ndig oder unrichtig verarbeitet wurden, kann ich die Berichtigung dieser Daten und\/oder die L\u00f6schung oder Vernichtung meiner personenbezogenen Daten verlangen und dies den Dritten mitteilen, an die meine personenbezogenen Daten weitergegeben wurden.<\/li>\n\n\n\n<li>dem Entstehen eines f\u00fcr mich ung\u00fcnstigen Ergebnisses durch die ausschlie\u00dfliche Auswertung meiner verarbeiteten Daten durch automatische Systeme zu widersprechen,<\/li>\n\n\n\n<li>Ich wurde dar\u00fcber informiert, dass ich das Recht habe, Schadensersatz zu verlangen, wenn mir durch die rechtswidrige Verarbeitung meiner personenbezogenen Daten ein Schaden entsteht.<br>\u00a0<\/li>\n<\/ul>\n","protected":false},"excerpt":{"rendered":"INFORMATIONEN UND AUSDR\u00dcCKLICHE EINWILLIGUNGSTEXT ZUR VERARBEITUNG PERSONENBEZOGENER DATEN Ihre personenbezogenen Daten, die im Offenlegungstext zur Verarbeitung personenbezogener Daten durch Dentaglobal Sa\u011fl\u0131k Hizmetleri Ticaret Anonim \u015eirketi aufgef\u00fchrt sind; Es sei denn, dies ist f\u00fcr die Vertragserf\u00fcllung erforderlich, es ist gesetzlich eindeutig vorgesehen, es ist f\u00fcr uns zur Erf\u00fcllung unserer gesetzlichen Verpflichtungen zwingend erforderlich und die Verarbeitung [&hellip;]","protected":false},"author":2,"featured_media":0,"parent":0,"menu_order":0,"comment_status":"closed","ping_status":"closed","template":"","meta":{"footnotes":""},"class_list":["post-2686","page","type-page","status-publish","hentry"],"yoast_head":"<!-- This site is optimized with the Yoast SEO plugin v27.5 - https:\/\/yoast.com\/product\/yoast-seo-wordpress\/ -->\n<title>Gesetz zum Schutz personenbezogener Daten - Dentaglobal<\/title>\n<meta name=\"description\" content=\"INFORMATIONEN UND AUSDR\u00dcCKLICHE EINWILLIGUNGSTEXT ZUR VERARBEITUNG PERSONENBEZOGENER DATEN Ihre personenbezogenen Daten, die im Offenlegungstext zur\" \/>\n<meta name=\"robots\" content=\"index, follow, max-snippet:-1, max-image-preview:large, max-video-preview:-1\" \/>\n<link rel=\"canonical\" href=\"https:\/\/www.dentaglobal.com\/de\/gesetz-zum-schutz-personenbezogener-daten\/\" \/>\n<meta property=\"og:locale\" content=\"de_DE\" \/>\n<meta property=\"og:type\" content=\"article\" \/>\n<meta property=\"og:title\" content=\"Gesetz zum Schutz personenbezogener Daten - Dentaglobal\" \/>\n<meta property=\"og:description\" content=\"INFORMATIONEN UND AUSDR\u00dcCKLICHE EINWILLIGUNGSTEXT ZUR VERARBEITUNG PERSONENBEZOGENER DATEN Ihre personenbezogenen Daten, die im Offenlegungstext zur\" \/>\n<meta property=\"og:url\" content=\"https:\/\/www.dentaglobal.com\/de\/gesetz-zum-schutz-personenbezogener-daten\/\" \/>\n<meta property=\"og:site_name\" content=\"Dentaglobal\" \/>\n<meta property=\"article:publisher\" content=\"https:\/\/www.facebook.com\/dentaglobal\" \/>\n<meta property=\"article:modified_time\" content=\"2024-10-15T12:03:17+00:00\" \/>\n<meta name=\"twitter:card\" content=\"summary_large_image\" \/>\n<meta name=\"twitter:label1\" content=\"Gesch\u00e4tzte Lesezeit\" \/>\n\t<meta name=\"twitter:data1\" content=\"6\u00a0Minuten\" \/>\n<script type=\"application\/ld+json\" class=\"yoast-schema-graph\">{\"@context\":\"https:\\\/\\\/schema.org\",\"@graph\":[{\"@type\":\"WebPage\",\"@id\":\"https:\\\/\\\/www.dentaglobal.com\\\/de\\\/gesetz-zum-schutz-personenbezogener-daten\\\/\",\"url\":\"https:\\\/\\\/www.dentaglobal.com\\\/de\\\/gesetz-zum-schutz-personenbezogener-daten\\\/\",\"name\":\"Gesetz zum Schutz personenbezogener Daten - Dentaglobal\",\"isPartOf\":{\"@id\":\"https:\\\/\\\/www.dentaglobal.com\\\/de\\\/#website\"},\"datePublished\":\"2024-09-13T11:09:29+00:00\",\"dateModified\":\"2024-10-15T12:03:17+00:00\",\"description\":\"INFORMATIONEN UND AUSDR\u00dcCKLICHE EINWILLIGUNGSTEXT ZUR VERARBEITUNG PERSONENBEZOGENER DATEN Ihre personenbezogenen Daten, die im Offenlegungstext zur\",\"breadcrumb\":{\"@id\":\"https:\\\/\\\/www.dentaglobal.com\\\/de\\\/gesetz-zum-schutz-personenbezogener-daten\\\/#breadcrumb\"},\"inLanguage\":\"de\",\"potentialAction\":[{\"@type\":\"ReadAction\",\"target\":[\"https:\\\/\\\/www.dentaglobal.com\\\/de\\\/gesetz-zum-schutz-personenbezogener-daten\\\/\"]}]},{\"@type\":\"BreadcrumbList\",\"@id\":\"https:\\\/\\\/www.dentaglobal.com\\\/de\\\/gesetz-zum-schutz-personenbezogener-daten\\\/#breadcrumb\",\"itemListElement\":[{\"@type\":\"ListItem\",\"position\":1,\"name\":\"Anasayfa\",\"item\":\"https:\\\/\\\/www.dentaglobal.com\\\/de\\\/\"},{\"@type\":\"ListItem\",\"position\":2,\"name\":\"Gesetz zum Schutz personenbezogener Daten\"}]},{\"@type\":\"WebSite\",\"@id\":\"https:\\\/\\\/www.dentaglobal.com\\\/de\\\/#website\",\"url\":\"https:\\\/\\\/www.dentaglobal.com\\\/de\\\/\",\"name\":\"Dentaglobal Dental Clinic\",\"description\":\"Everyone Smiles in Same Language\",\"publisher\":{\"@id\":\"https:\\\/\\\/www.dentaglobal.com\\\/de\\\/#organization\"},\"potentialAction\":[{\"@type\":\"SearchAction\",\"target\":{\"@type\":\"EntryPoint\",\"urlTemplate\":\"https:\\\/\\\/www.dentaglobal.com\\\/de\\\/?s={search_term_string}\"},\"query-input\":{\"@type\":\"PropertyValueSpecification\",\"valueRequired\":true,\"valueName\":\"search_term_string\"}}],\"inLanguage\":\"de\"},{\"@type\":\"Organization\",\"@id\":\"https:\\\/\\\/www.dentaglobal.com\\\/de\\\/#organization\",\"name\":\"Dentaglobal Dental Clinic\",\"url\":\"https:\\\/\\\/www.dentaglobal.com\\\/de\\\/\",\"logo\":{\"@type\":\"ImageObject\",\"inLanguage\":\"de\",\"@id\":\"https:\\\/\\\/www.dentaglobal.com\\\/de\\\/#\\\/schema\\\/logo\\\/image\\\/\",\"url\":\"https:\\\/\\\/www.dentaglobal.com\\\/wp-content\\\/uploads\\\/2024\\\/10\\\/logo-en.png\",\"contentUrl\":\"https:\\\/\\\/www.dentaglobal.com\\\/wp-content\\\/uploads\\\/2024\\\/10\\\/logo-en.png\",\"width\":343,\"height\":73,\"caption\":\"Dentaglobal Dental Clinic\"},\"image\":{\"@id\":\"https:\\\/\\\/www.dentaglobal.com\\\/de\\\/#\\\/schema\\\/logo\\\/image\\\/\"},\"sameAs\":[\"https:\\\/\\\/www.facebook.com\\\/dentaglobal\",\"https:\\\/\\\/www.instagram.com\\\/dentaglobal\\\/\",\"https:\\\/\\\/www.youtube.com\\\/channel\\\/UCTIlJImKSlGyEHsrNxcosVQ\"]}]}<\/script>\n<!-- \/ Yoast SEO plugin. -->","yoast_head_json":{"title":"Gesetz zum Schutz personenbezogener Daten - Dentaglobal","description":"INFORMATIONEN UND AUSDR\u00dcCKLICHE EINWILLIGUNGSTEXT ZUR VERARBEITUNG PERSONENBEZOGENER DATEN Ihre personenbezogenen Daten, die im Offenlegungstext zur","robots":{"index":"index","follow":"follow","max-snippet":"max-snippet:-1","max-image-preview":"max-image-preview:large","max-video-preview":"max-video-preview:-1"},"canonical":"https:\/\/www.dentaglobal.com\/de\/gesetz-zum-schutz-personenbezogener-daten\/","og_locale":"de_DE","og_type":"article","og_title":"Gesetz zum Schutz personenbezogener Daten - Dentaglobal","og_description":"INFORMATIONEN UND AUSDR\u00dcCKLICHE EINWILLIGUNGSTEXT ZUR VERARBEITUNG PERSONENBEZOGENER DATEN Ihre personenbezogenen Daten, die im Offenlegungstext zur","og_url":"https:\/\/www.dentaglobal.com\/de\/gesetz-zum-schutz-personenbezogener-daten\/","og_site_name":"Dentaglobal","article_publisher":"https:\/\/www.facebook.com\/dentaglobal","article_modified_time":"2024-10-15T12:03:17+00:00","twitter_card":"summary_large_image","twitter_misc":{"Gesch\u00e4tzte Lesezeit":"6\u00a0Minuten"},"schema":{"@context":"https:\/\/schema.org","@graph":[{"@type":"WebPage","@id":"https:\/\/www.dentaglobal.com\/de\/gesetz-zum-schutz-personenbezogener-daten\/","url":"https:\/\/www.dentaglobal.com\/de\/gesetz-zum-schutz-personenbezogener-daten\/","name":"Gesetz zum Schutz personenbezogener Daten - Dentaglobal","isPartOf":{"@id":"https:\/\/www.dentaglobal.com\/de\/#website"},"datePublished":"2024-09-13T11:09:29+00:00","dateModified":"2024-10-15T12:03:17+00:00","description":"INFORMATIONEN UND AUSDR\u00dcCKLICHE EINWILLIGUNGSTEXT ZUR VERARBEITUNG PERSONENBEZOGENER DATEN Ihre personenbezogenen Daten, die im Offenlegungstext zur","breadcrumb":{"@id":"https:\/\/www.dentaglobal.com\/de\/gesetz-zum-schutz-personenbezogener-daten\/#breadcrumb"},"inLanguage":"de","potentialAction":[{"@type":"ReadAction","target":["https:\/\/www.dentaglobal.com\/de\/gesetz-zum-schutz-personenbezogener-daten\/"]}]},{"@type":"BreadcrumbList","@id":"https:\/\/www.dentaglobal.com\/de\/gesetz-zum-schutz-personenbezogener-daten\/#breadcrumb","itemListElement":[{"@type":"ListItem","position":1,"name":"Anasayfa","item":"https:\/\/www.dentaglobal.com\/de\/"},{"@type":"ListItem","position":2,"name":"Gesetz zum Schutz personenbezogener Daten"}]},{"@type":"WebSite","@id":"https:\/\/www.dentaglobal.com\/de\/#website","url":"https:\/\/www.dentaglobal.com\/de\/","name":"Dentaglobal Dental Clinic","description":"Everyone Smiles in Same Language","publisher":{"@id":"https:\/\/www.dentaglobal.com\/de\/#organization"},"potentialAction":[{"@type":"SearchAction","target":{"@type":"EntryPoint","urlTemplate":"https:\/\/www.dentaglobal.com\/de\/?s={search_term_string}"},"query-input":{"@type":"PropertyValueSpecification","valueRequired":true,"valueName":"search_term_string"}}],"inLanguage":"de"},{"@type":"Organization","@id":"https:\/\/www.dentaglobal.com\/de\/#organization","name":"Dentaglobal Dental Clinic","url":"https:\/\/www.dentaglobal.com\/de\/","logo":{"@type":"ImageObject","inLanguage":"de","@id":"https:\/\/www.dentaglobal.com\/de\/#\/schema\/logo\/image\/","url":"https:\/\/www.dentaglobal.com\/wp-content\/uploads\/2024\/10\/logo-en.png","contentUrl":"https:\/\/www.dentaglobal.com\/wp-content\/uploads\/2024\/10\/logo-en.png","width":343,"height":73,"caption":"Dentaglobal Dental Clinic"},"image":{"@id":"https:\/\/www.dentaglobal.com\/de\/#\/schema\/logo\/image\/"},"sameAs":["https:\/\/www.facebook.com\/dentaglobal","https:\/\/www.instagram.com\/dentaglobal\/","https:\/\/www.youtube.com\/channel\/UCTIlJImKSlGyEHsrNxcosVQ"]}]}},"_links":{"self":[{"href":"https:\/\/www.dentaglobal.com\/de\/wp-json\/wp\/v2\/pages\/2686","targetHints":{"allow":["GET"]}}],"collection":[{"href":"https:\/\/www.dentaglobal.com\/de\/wp-json\/wp\/v2\/pages"}],"about":[{"href":"https:\/\/www.dentaglobal.com\/de\/wp-json\/wp\/v2\/types\/page"}],"author":[{"embeddable":true,"href":"https:\/\/www.dentaglobal.com\/de\/wp-json\/wp\/v2\/users\/2"}],"replies":[{"embeddable":true,"href":"https:\/\/www.dentaglobal.com\/de\/wp-json\/wp\/v2\/comments?post=2686"}],"version-history":[{"count":2,"href":"https:\/\/www.dentaglobal.com\/de\/wp-json\/wp\/v2\/pages\/2686\/revisions"}],"predecessor-version":[{"id":2885,"href":"https:\/\/www.dentaglobal.com\/de\/wp-json\/wp\/v2\/pages\/2686\/revisions\/2885"}],"wp:attachment":[{"href":"https:\/\/www.dentaglobal.com\/de\/wp-json\/wp\/v2\/media?parent=2686"}],"curies":[{"name":"wp","href":"https:\/\/api.w.org\/{rel}","templated":true}]}}